{"id":470423,"date":"2017-11-28T15:19:01","date_gmt":"2017-11-28T15:19:01","guid":{"rendered":"http:\/\/natsu-test.lvps83-169-38-250.dedicated.hosteurope.de\/?page_id=470423\/"},"modified":"2018-03-28T10:48:07","modified_gmt":"2018-03-28T09:48:07","slug":"nous-parlons-du-wasabi","status":"publish","type":"page","link":"https:\/\/www.natsu.eu\/fr\/valeurs\/nous-parlons-du-wasabi\/","title":{"rendered":"Nous parlons du wasabi"},"content":{"rendered":"<p>L\u2019histoire du Wasabi est pleine de myst\u00e8res, mais c\u2019est malheureusement une histoire ennuyeuse. Si vous voulez quand m\u00eame me suivre voici quelques informations de la part de Natsu. Une petite introduction : L\u2019histoire du Wasabi\u2026 stop ! \u00c7a on a d\u00e9j\u00e0 vu.<\/p>\n<p>Donc : les petits sachets verts qui se trouvent dans nos Sushi-Box contiennent notre p\u00e2te de Wasabi. Elle contient 15% de vraie racine de Wasabi et elle obtient sa couleur verte par des feuilles de Wasabi s\u00e9ch\u00e9es et moulues.<\/p>\n<p>Eutrema japonica (Wasabi, pour les botanistes qui sommeillent en vous), est de la famille des brassicaceae et vient du Japon. Mais la demande au Japon est tellement grande qu\u2019ils doivent importer des quantit\u00e9s importantes d\u2019autres pays voisins et des Etats Unis. La plupart du temps la racine est utilis\u00e9e, sauf pour quelques exceptions comme le n\u00f4tre. La culture de la plante est assez d\u00e9licate (milieu pas trop sec, mais pas trop humide non plus, le bon dosage de lumi\u00e8re et divers param\u00e8tres sont \u00e0 respecter), le Wasabi est donc un produit sensible et rare. Il peut atteindre les $200 par kg. Tr\u00e8s souvent on trouve de la p\u00e2te de Wasabi qui n\u2019est pas digne de ce nom. Elle a autant de similitude avec le Wasabi qu\u2019une Saucisse de Strasbourg en aurait avec des Sushi (nous l\u2019avons essay\u00e9 ; c\u2019\u00e9tait une catastrophe!) Cette p\u00e2te est faite de raifort (le notre contient quand m\u00eame principalement du raifort : 30 %) et de moutarde et obtient sa couleur tr\u00e8s verte gr\u00e2ce \u00e0 des colorants artificiels (Tartrazin E102 ou Brillantblue FCF E133) ou des colorants naturels (Chlorophyll et Spirulina). Le Japonais appelle cette p\u00e2te \u00ab wasabi occidental \u00bb. Vous vous posez la question, pourquoi tenons-nous \u00e0 faire la diff\u00e9rence ? Pour conserver la tradition et pour n\u2019utiliser que le vrai Wasabi. Ses huiles de moutarde sont fortes dans le Wasabi, mais autre que le Peperoni ou Poivre, ils peuvent \u00eatre neutralis\u00e9s en buvant de l\u2019eau ou autre chose.<\/p>\n<p>Notre Wasabi est emball\u00e9 en sachets pour \u00e9viter qu\u2019il puisse se disperser dans la barquette et cela d\u00e9rangerait ceux d\u2019entre vous qui ne l\u2019aiment pas. Notre petite information sur notre Wasabi \u00e9tait-elle instructive ? Si vous avez encore des questions, vous pouvez nous joindre sur <a href=\"https:\/\/www.natsu.eu\/fr\/contact\/\">notre page de contacte<\/a> et nous aurons plaisir \u00e0 vous r\u00e9pondre.<\/p>\n","protected":false},"excerpt":{"rendered":"<p>L\u2019histoire du Wasabi est pleine de myst\u00e8res, mais c\u2019est malheureusement une histoire ennuyeuse. Si vous voulez quand m\u00eame me suivre voici quelques informations de la part de Natsu. Une petite introduction : L\u2019histoire du Wasabi\u2026 stop ! \u00c7a on a d\u00e9j\u00e0 vu. Donc : les petits sachets verts qui se trouvent dans nos Sushi-Box contiennent &hellip; <\/p>\n<p class=\"link-more\"><a href=\"https:\/\/www.natsu.eu\/fr\/valeurs\/nous-parlons-du-wasabi\/\" class=\"more-link\">Continue reading<span class=\"screen-reader-text\"> \u00ab\u00a0Nous parlons du wasabi\u00a0\u00bb<\/span><\/a><\/p>\n","protected":false},"author":1,"featured_media":470456,"parent":307376,"menu_order":6,"comment_status":"closed","ping_status":"closed","template":"page-values-sub-page.php","meta":{"_acf_changed":false,"footnotes":""},"class_list":["post-470423","page","type-page","status-publish","has-post-thumbnail","hentry"],"acf":[],"yoast_head":"<!-- This site is optimized with the Yoast SEO plugin v27.3 - https:\/\/yoast.com\/product\/yoast-seo-wordpress\/ -->\n<title>Nous parlons du wasabi - natsu Foods<\/title>\n<meta name=\"robots\" content=\"index, follow, max-snippet:-1, max-image-preview:large, max-video-preview:-1\" \/>\n<link rel=\"canonical\" href=\"https:\/\/www.natsu.eu\/fr\/valeurs\/nous-parlons-du-wasabi\/\" \/>\n<meta property=\"og:locale\" content=\"fr_FR\" \/>\n<meta property=\"og:type\" content=\"article\" \/>\n<meta property=\"og:title\" content=\"Nous parlons du wasabi - natsu Foods\" \/>\n<meta property=\"og:description\" content=\"L\u2019histoire du Wasabi est pleine de myst\u00e8res, mais c\u2019est malheureusement une histoire ennuyeuse. Si vous voulez quand m\u00eame me suivre voici quelques informations de la part de Natsu. Une petite introduction : L\u2019histoire du Wasabi\u2026 stop ! \u00c7a on a d\u00e9j\u00e0 vu. Donc : les petits sachets verts qui se trouvent dans nos Sushi-Box contiennent &hellip; Continue reading &quot;Nous parlons du wasabi&quot;\" \/>\n<meta property=\"og:url\" content=\"https:\/\/www.natsu.eu\/fr\/valeurs\/nous-parlons-du-wasabi\/\" \/>\n<meta property=\"og:site_name\" content=\"natsu Foods\" \/>\n<meta property=\"article:modified_time\" content=\"2018-03-28T09:48:07+00:00\" \/>\n<meta property=\"og:image\" content=\"https:\/\/www.natsu.eu\/wp-content\/uploads\/2017\/11\/wasabihead.png\" \/>\n\t<meta property=\"og:image:width\" content=\"966\" \/>\n\t<meta property=\"og:image:height\" content=\"300\" \/>\n\t<meta property=\"og:image:type\" content=\"image\/png\" \/>\n<meta name=\"twitter:card\" content=\"summary_large_image\" \/>\n<meta name=\"twitter:label1\" content=\"Dur\u00e9e de lecture estim\u00e9e\" \/>\n\t<meta name=\"twitter:data1\" content=\"2 minutes\" \/>\n<script type=\"application\/ld+json\" class=\"yoast-schema-graph\">{\"@context\":\"https:\\\/\\\/schema.org\",\"@graph\":[{\"@type\":\"WebPage\",\"@id\":\"https:\\\/\\\/www.natsu.eu\\\/fr\\\/valeurs\\\/nous-parlons-du-wasabi\\\/\",\"url\":\"https:\\\/\\\/www.natsu.eu\\\/fr\\\/valeurs\\\/nous-parlons-du-wasabi\\\/\",\"name\":\"Nous parlons du wasabi - natsu Foods\",\"isPartOf\":{\"@id\":\"https:\\\/\\\/www.natsu.eu\\\/de\\\/#website\"},\"primaryImageOfPage\":{\"@id\":\"https:\\\/\\\/www.natsu.eu\\\/fr\\\/valeurs\\\/nous-parlons-du-wasabi\\\/#primaryimage\"},\"image\":{\"@id\":\"https:\\\/\\\/www.natsu.eu\\\/fr\\\/valeurs\\\/nous-parlons-du-wasabi\\\/#primaryimage\"},\"thumbnailUrl\":\"https:\\\/\\\/www.natsu.eu\\\/wp-content\\\/uploads\\\/2017\\\/11\\\/wasabihead.png\",\"datePublished\":\"2017-11-28T15:19:01+00:00\",\"dateModified\":\"2018-03-28T09:48:07+00:00\",\"breadcrumb\":{\"@id\":\"https:\\\/\\\/www.natsu.eu\\\/fr\\\/valeurs\\\/nous-parlons-du-wasabi\\\/#breadcrumb\"},\"inLanguage\":\"fr-FR\",\"potentialAction\":[{\"@type\":\"ReadAction\",\"target\":[\"https:\\\/\\\/www.natsu.eu\\\/fr\\\/valeurs\\\/nous-parlons-du-wasabi\\\/\"]}]},{\"@type\":\"ImageObject\",\"inLanguage\":\"fr-FR\",\"@id\":\"https:\\\/\\\/www.natsu.eu\\\/fr\\\/valeurs\\\/nous-parlons-du-wasabi\\\/#primaryimage\",\"url\":\"https:\\\/\\\/www.natsu.eu\\\/wp-content\\\/uploads\\\/2017\\\/11\\\/wasabihead.png\",\"contentUrl\":\"https:\\\/\\\/www.natsu.eu\\\/wp-content\\\/uploads\\\/2017\\\/11\\\/wasabihead.png\",\"width\":966,\"height\":300},{\"@type\":\"BreadcrumbList\",\"@id\":\"https:\\\/\\\/www.natsu.eu\\\/fr\\\/valeurs\\\/nous-parlons-du-wasabi\\\/#breadcrumb\",\"itemListElement\":[{\"@type\":\"ListItem\",\"position\":1,\"name\":\"Home\",\"item\":\"https:\\\/\\\/www.natsu.eu\\\/fr\\\/\"},{\"@type\":\"ListItem\",\"position\":2,\"name\":\"Valeurs\",\"item\":\"https:\\\/\\\/www.natsu.eu\\\/fr\\\/valeurs\\\/\"},{\"@type\":\"ListItem\",\"position\":3,\"name\":\"Nous parlons du wasabi\"}]},{\"@type\":\"WebSite\",\"@id\":\"https:\\\/\\\/www.natsu.eu\\\/de\\\/#website\",\"url\":\"https:\\\/\\\/www.natsu.eu\\\/de\\\/\",\"name\":\"natsu Foods\",\"description\":\"\",\"potentialAction\":[{\"@type\":\"SearchAction\",\"target\":{\"@type\":\"EntryPoint\",\"urlTemplate\":\"https:\\\/\\\/www.natsu.eu\\\/de\\\/?s={search_term_string}\"},\"query-input\":{\"@type\":\"PropertyValueSpecification\",\"valueRequired\":true,\"valueName\":\"search_term_string\"}}],\"inLanguage\":\"fr-FR\"}]}<\/script>\n<!-- \/ Yoast SEO plugin. -->","yoast_head_json":{"title":"Nous parlons du wasabi - natsu Foods","robots":{"index":"index","follow":"follow","max-snippet":"max-snippet:-1","max-image-preview":"max-image-preview:large","max-video-preview":"max-video-preview:-1"},"canonical":"https:\/\/www.natsu.eu\/fr\/valeurs\/nous-parlons-du-wasabi\/","og_locale":"fr_FR","og_type":"article","og_title":"Nous parlons du wasabi - natsu Foods","og_description":"L\u2019histoire du Wasabi est pleine de myst\u00e8res, mais c\u2019est malheureusement une histoire ennuyeuse. Si vous voulez quand m\u00eame me suivre voici quelques informations de la part de Natsu. Une petite introduction : L\u2019histoire du Wasabi\u2026 stop ! \u00c7a on a d\u00e9j\u00e0 vu. Donc : les petits sachets verts qui se trouvent dans nos Sushi-Box contiennent &hellip; Continue reading \"Nous parlons du wasabi\"","og_url":"https:\/\/www.natsu.eu\/fr\/valeurs\/nous-parlons-du-wasabi\/","og_site_name":"natsu Foods","article_modified_time":"2018-03-28T09:48:07+00:00","og_image":[{"width":966,"height":300,"url":"https:\/\/www.natsu.eu\/wp-content\/uploads\/2017\/11\/wasabihead.png","type":"image\/png"}],"twitter_card":"summary_large_image","twitter_misc":{"Dur\u00e9e de lecture estim\u00e9e":"2 minutes"},"schema":{"@context":"https:\/\/schema.org","@graph":[{"@type":"WebPage","@id":"https:\/\/www.natsu.eu\/fr\/valeurs\/nous-parlons-du-wasabi\/","url":"https:\/\/www.natsu.eu\/fr\/valeurs\/nous-parlons-du-wasabi\/","name":"Nous parlons du wasabi - natsu Foods","isPartOf":{"@id":"https:\/\/www.natsu.eu\/de\/#website"},"primaryImageOfPage":{"@id":"https:\/\/www.natsu.eu\/fr\/valeurs\/nous-parlons-du-wasabi\/#primaryimage"},"image":{"@id":"https:\/\/www.natsu.eu\/fr\/valeurs\/nous-parlons-du-wasabi\/#primaryimage"},"thumbnailUrl":"https:\/\/www.natsu.eu\/wp-content\/uploads\/2017\/11\/wasabihead.png","datePublished":"2017-11-28T15:19:01+00:00","dateModified":"2018-03-28T09:48:07+00:00","breadcrumb":{"@id":"https:\/\/www.natsu.eu\/fr\/valeurs\/nous-parlons-du-wasabi\/#breadcrumb"},"inLanguage":"fr-FR","potentialAction":[{"@type":"ReadAction","target":["https:\/\/www.natsu.eu\/fr\/valeurs\/nous-parlons-du-wasabi\/"]}]},{"@type":"ImageObject","inLanguage":"fr-FR","@id":"https:\/\/www.natsu.eu\/fr\/valeurs\/nous-parlons-du-wasabi\/#primaryimage","url":"https:\/\/www.natsu.eu\/wp-content\/uploads\/2017\/11\/wasabihead.png","contentUrl":"https:\/\/www.natsu.eu\/wp-content\/uploads\/2017\/11\/wasabihead.png","width":966,"height":300},{"@type":"BreadcrumbList","@id":"https:\/\/www.natsu.eu\/fr\/valeurs\/nous-parlons-du-wasabi\/#breadcrumb","itemListElement":[{"@type":"ListItem","position":1,"name":"Home","item":"https:\/\/www.natsu.eu\/fr\/"},{"@type":"ListItem","position":2,"name":"Valeurs","item":"https:\/\/www.natsu.eu\/fr\/valeurs\/"},{"@type":"ListItem","position":3,"name":"Nous parlons du wasabi"}]},{"@type":"WebSite","@id":"https:\/\/www.natsu.eu\/de\/#website","url":"https:\/\/www.natsu.eu\/de\/","name":"natsu Foods","description":"","potentialAction":[{"@type":"SearchAction","target":{"@type":"EntryPoint","urlTemplate":"https:\/\/www.natsu.eu\/de\/?s={search_term_string}"},"query-input":{"@type":"PropertyValueSpecification","valueRequired":true,"valueName":"search_term_string"}}],"inLanguage":"fr-FR"}]}},"_links":{"self":[{"href":"https:\/\/www.natsu.eu\/fr\/wp-json\/wp\/v2\/pages\/470423","targetHints":{"allow":["GET"]}}],"collection":[{"href":"https:\/\/www.natsu.eu\/fr\/wp-json\/wp\/v2\/pages"}],"about":[{"href":"https:\/\/www.natsu.eu\/fr\/wp-json\/wp\/v2\/types\/page"}],"author":[{"embeddable":true,"href":"https:\/\/www.natsu.eu\/fr\/wp-json\/wp\/v2\/users\/1"}],"replies":[{"embeddable":true,"href":"https:\/\/www.natsu.eu\/fr\/wp-json\/wp\/v2\/comments?post=470423"}],"version-history":[{"count":3,"href":"https:\/\/www.natsu.eu\/fr\/wp-json\/wp\/v2\/pages\/470423\/revisions"}],"predecessor-version":[{"id":1514169,"href":"https:\/\/www.natsu.eu\/fr\/wp-json\/wp\/v2\/pages\/470423\/revisions\/1514169"}],"up":[{"embeddable":true,"href":"https:\/\/www.natsu.eu\/fr\/wp-json\/wp\/v2\/pages\/307376"}],"wp:featuredmedia":[{"embeddable":true,"href":"https:\/\/www.natsu.eu\/fr\/wp-json\/wp\/v2\/media\/470456"}],"wp:attachment":[{"href":"https:\/\/www.natsu.eu\/fr\/wp-json\/wp\/v2\/media?parent=470423"}],"curies":[{"name":"wp","href":"https:\/\/api.w.org\/{rel}","templated":true}]}}