{"id":308568,"date":"2017-10-10T07:53:51","date_gmt":"2017-10-10T07:53:51","guid":{"rendered":"http:\/\/natsu-test.lvps83-169-38-250.dedicated.hosteurope.de\/imprint\/"},"modified":"2024-02-26T08:53:30","modified_gmt":"2024-02-26T07:53:30","slug":"imprint","status":"publish","type":"page","link":"https:\/\/www.natsu.eu\/fr\/imprint\/","title":{"rendered":"Mentions Legales"},"content":{"rendered":"<div class=\"grid\">\n<h3>Mentions conform\u00e9ment \u00e0 \u00a7 5 TMG (loi allemande sur les t\u00e9l\u00e9m\u00e9dias):<\/h3>\n<h4>Natsu Foods GmbH &amp; Co. KG<\/h4>\n<p>Jagenbergstr. 4b<br \/>\n41468 Neuss &#8211; Allemagne<\/p>\n<h4>Repr\u00e9sent\u00e9e par:<\/h4>\n<p>Tim H\u00f6rnemann, Tom H\u00f6rnemann, Jan Meier<\/p>\n<h4>Contact:<\/h4>\n<p>Tel.: +49(0)2131 7603 &#8211; 100<br \/>\nFax.: +49(0)2131 7603 &#8211; 166<br \/>\nE-Mail:\u00a0<a href=\"mailto:info@natsu.eu\">info@natsu.eu<\/a><\/p>\n<h4>Enregistrement:<\/h4>\n<p>Inscrit au registre du commerce.<br \/>\nTribunal charg\u00e9 de tenir les registres: Tribunal d&rsquo;instance de Neuss<br \/>\nNum\u00e9ro de registre: HRA 6263<\/p>\n<h4>Num\u00e9ro d&rsquo;identification TVA:<\/h4>\n<p>Num\u00e9ro d&rsquo;identification TVA conform\u00e9ment \u00e0 l&rsquo;article 27 de l&rsquo;UStG (loi allemande relative \u00e0 la taxe sur le chiffre d&rsquo;affaires): DE814042310<\/p>\n<h4>M\u00e9dias sociaux:<\/h4>\n<p>Ces mentions l\u00e9gales s&rsquo;appliquent aussi \u00e0 nos r\u00e9seaux sociaux<br \/>\nFacebook:\u00a0<a href=\"https:\/\/www.facebook.com\/natsufoods\" target=\"_blank\" rel=\"noopener\">https:\/\/www.facebook.com\/natsufoods<\/a><br \/>\nInstagram:\u00a0<a href=\"https:\/\/instagram.com\/natsu_foods\/\" target=\"_blank\" rel=\"noopener\">https:\/\/instagram.com\/natsu_foods\/<\/a><\/p>\n<\/div>\n","protected":false},"excerpt":{"rendered":"<p>Mentions conform\u00e9ment \u00e0 \u00a7 5 TMG (loi allemande sur les t\u00e9l\u00e9m\u00e9dias): Natsu Foods GmbH &amp; Co. KG Jagenbergstr. 4b 41468 Neuss &#8211; Allemagne Repr\u00e9sent\u00e9e par: Tim H\u00f6rnemann, Tom H\u00f6rnemann, Jan Meier Contact: Tel.: +49(0)2131 7603 &#8211; 100 Fax.: +49(0)2131 7603 &#8211; 166 E-Mail:\u00a0info@natsu.eu Enregistrement: Inscrit au registre du commerce. Tribunal charg\u00e9 de tenir les registres: &hellip; <\/p>\n<p class=\"link-more\"><a href=\"https:\/\/www.natsu.eu\/fr\/imprint\/\" class=\"more-link\">Continue reading<span class=\"screen-reader-text\"> \u00ab\u00a0Mentions Legales\u00a0\u00bb<\/span><\/a><\/p>\n","protected":false},"author":1,"featured_media":308405,"parent":0,"menu_order":0,"comment_status":"closed","ping_status":"closed","template":"page-imprint.php","meta":{"_acf_changed":false,"footnotes":""},"class_list":["post-308568","page","type-page","status-publish","has-post-thumbnail","hentry"],"acf":[],"yoast_head":"<!-- This site is optimized with the Yoast SEO plugin v27.3 - https:\/\/yoast.com\/product\/yoast-seo-wordpress\/ -->\n<title>Mentions Legales - natsu Foods<\/title>\n<meta name=\"robots\" content=\"index, follow, max-snippet:-1, max-image-preview:large, max-video-preview:-1\" \/>\n<link rel=\"canonical\" href=\"https:\/\/www.natsu.eu\/fr\/imprint\/\" \/>\n<meta property=\"og:locale\" content=\"fr_FR\" \/>\n<meta property=\"og:type\" content=\"article\" \/>\n<meta property=\"og:title\" content=\"Mentions Legales - natsu Foods\" \/>\n<meta property=\"og:description\" content=\"Mentions conform\u00e9ment \u00e0 \u00a7 5 TMG (loi allemande sur les t\u00e9l\u00e9m\u00e9dias): Natsu Foods GmbH &amp; Co. KG Jagenbergstr. 4b 41468 Neuss &#8211; Allemagne Repr\u00e9sent\u00e9e par: Tim H\u00f6rnemann, Tom H\u00f6rnemann, Jan Meier Contact: Tel.: +49(0)2131 7603 &#8211; 100 Fax.: +49(0)2131 7603 &#8211; 166 E-Mail:\u00a0info@natsu.eu Enregistrement: Inscrit au registre du commerce. Tribunal charg\u00e9 de tenir les registres: &hellip; Continue reading &quot;Mentions Legales&quot;\" \/>\n<meta property=\"og:url\" content=\"https:\/\/www.natsu.eu\/fr\/imprint\/\" \/>\n<meta property=\"og:site_name\" content=\"natsu Foods\" \/>\n<meta property=\"article:modified_time\" content=\"2024-02-26T07:53:30+00:00\" \/>\n<meta property=\"og:image\" content=\"https:\/\/www.natsu.eu\/wp-content\/uploads\/2017\/09\/Na11D01_contents_header_rohstoffe_02.jpg\" \/>\n\t<meta property=\"og:image:width\" content=\"966\" \/>\n\t<meta property=\"og:image:height\" content=\"300\" \/>\n\t<meta property=\"og:image:type\" content=\"image\/jpeg\" \/>\n<meta name=\"twitter:card\" content=\"summary_large_image\" \/>\n<meta name=\"twitter:label1\" content=\"Dur\u00e9e de lecture estim\u00e9e\" \/>\n\t<meta name=\"twitter:data1\" content=\"1 minute\" \/>\n<script type=\"application\/ld+json\" class=\"yoast-schema-graph\">{\"@context\":\"https:\\\/\\\/schema.org\",\"@graph\":[{\"@type\":\"WebPage\",\"@id\":\"https:\\\/\\\/www.natsu.eu\\\/fr\\\/imprint\\\/\",\"url\":\"https:\\\/\\\/www.natsu.eu\\\/fr\\\/imprint\\\/\",\"name\":\"Mentions Legales - natsu Foods\",\"isPartOf\":{\"@id\":\"https:\\\/\\\/www.natsu.eu\\\/de\\\/#website\"},\"primaryImageOfPage\":{\"@id\":\"https:\\\/\\\/www.natsu.eu\\\/fr\\\/imprint\\\/#primaryimage\"},\"image\":{\"@id\":\"https:\\\/\\\/www.natsu.eu\\\/fr\\\/imprint\\\/#primaryimage\"},\"thumbnailUrl\":\"https:\\\/\\\/www.natsu.eu\\\/wp-content\\\/uploads\\\/2017\\\/09\\\/Na11D01_contents_header_rohstoffe_02.jpg\",\"datePublished\":\"2017-10-10T07:53:51+00:00\",\"dateModified\":\"2024-02-26T07:53:30+00:00\",\"breadcrumb\":{\"@id\":\"https:\\\/\\\/www.natsu.eu\\\/fr\\\/imprint\\\/#breadcrumb\"},\"inLanguage\":\"fr-FR\",\"potentialAction\":[{\"@type\":\"ReadAction\",\"target\":[\"https:\\\/\\\/www.natsu.eu\\\/fr\\\/imprint\\\/\"]}]},{\"@type\":\"ImageObject\",\"inLanguage\":\"fr-FR\",\"@id\":\"https:\\\/\\\/www.natsu.eu\\\/fr\\\/imprint\\\/#primaryimage\",\"url\":\"https:\\\/\\\/www.natsu.eu\\\/wp-content\\\/uploads\\\/2017\\\/09\\\/Na11D01_contents_header_rohstoffe_02.jpg\",\"contentUrl\":\"https:\\\/\\\/www.natsu.eu\\\/wp-content\\\/uploads\\\/2017\\\/09\\\/Na11D01_contents_header_rohstoffe_02.jpg\",\"width\":966,\"height\":300},{\"@type\":\"BreadcrumbList\",\"@id\":\"https:\\\/\\\/www.natsu.eu\\\/fr\\\/imprint\\\/#breadcrumb\",\"itemListElement\":[{\"@type\":\"ListItem\",\"position\":1,\"name\":\"Home\",\"item\":\"https:\\\/\\\/www.natsu.eu\\\/fr\\\/\"},{\"@type\":\"ListItem\",\"position\":2,\"name\":\"Mentions Legales\"}]},{\"@type\":\"WebSite\",\"@id\":\"https:\\\/\\\/www.natsu.eu\\\/de\\\/#website\",\"url\":\"https:\\\/\\\/www.natsu.eu\\\/de\\\/\",\"name\":\"natsu Foods\",\"description\":\"\",\"potentialAction\":[{\"@type\":\"SearchAction\",\"target\":{\"@type\":\"EntryPoint\",\"urlTemplate\":\"https:\\\/\\\/www.natsu.eu\\\/de\\\/?s={search_term_string}\"},\"query-input\":{\"@type\":\"PropertyValueSpecification\",\"valueRequired\":true,\"valueName\":\"search_term_string\"}}],\"inLanguage\":\"fr-FR\"}]}<\/script>\n<!-- \/ Yoast SEO plugin. -->","yoast_head_json":{"title":"Mentions Legales - natsu Foods","robots":{"index":"index","follow":"follow","max-snippet":"max-snippet:-1","max-image-preview":"max-image-preview:large","max-video-preview":"max-video-preview:-1"},"canonical":"https:\/\/www.natsu.eu\/fr\/imprint\/","og_locale":"fr_FR","og_type":"article","og_title":"Mentions Legales - natsu Foods","og_description":"Mentions conform\u00e9ment \u00e0 \u00a7 5 TMG (loi allemande sur les t\u00e9l\u00e9m\u00e9dias): Natsu Foods GmbH &amp; Co. KG Jagenbergstr. 4b 41468 Neuss &#8211; Allemagne Repr\u00e9sent\u00e9e par: Tim H\u00f6rnemann, Tom H\u00f6rnemann, Jan Meier Contact: Tel.: +49(0)2131 7603 &#8211; 100 Fax.: +49(0)2131 7603 &#8211; 166 E-Mail:\u00a0info@natsu.eu Enregistrement: Inscrit au registre du commerce. Tribunal charg\u00e9 de tenir les registres: &hellip; Continue reading \"Mentions Legales\"","og_url":"https:\/\/www.natsu.eu\/fr\/imprint\/","og_site_name":"natsu Foods","article_modified_time":"2024-02-26T07:53:30+00:00","og_image":[{"width":966,"height":300,"url":"https:\/\/www.natsu.eu\/wp-content\/uploads\/2017\/09\/Na11D01_contents_header_rohstoffe_02.jpg","type":"image\/jpeg"}],"twitter_card":"summary_large_image","twitter_misc":{"Dur\u00e9e de lecture estim\u00e9e":"1 minute"},"schema":{"@context":"https:\/\/schema.org","@graph":[{"@type":"WebPage","@id":"https:\/\/www.natsu.eu\/fr\/imprint\/","url":"https:\/\/www.natsu.eu\/fr\/imprint\/","name":"Mentions Legales - natsu Foods","isPartOf":{"@id":"https:\/\/www.natsu.eu\/de\/#website"},"primaryImageOfPage":{"@id":"https:\/\/www.natsu.eu\/fr\/imprint\/#primaryimage"},"image":{"@id":"https:\/\/www.natsu.eu\/fr\/imprint\/#primaryimage"},"thumbnailUrl":"https:\/\/www.natsu.eu\/wp-content\/uploads\/2017\/09\/Na11D01_contents_header_rohstoffe_02.jpg","datePublished":"2017-10-10T07:53:51+00:00","dateModified":"2024-02-26T07:53:30+00:00","breadcrumb":{"@id":"https:\/\/www.natsu.eu\/fr\/imprint\/#breadcrumb"},"inLanguage":"fr-FR","potentialAction":[{"@type":"ReadAction","target":["https:\/\/www.natsu.eu\/fr\/imprint\/"]}]},{"@type":"ImageObject","inLanguage":"fr-FR","@id":"https:\/\/www.natsu.eu\/fr\/imprint\/#primaryimage","url":"https:\/\/www.natsu.eu\/wp-content\/uploads\/2017\/09\/Na11D01_contents_header_rohstoffe_02.jpg","contentUrl":"https:\/\/www.natsu.eu\/wp-content\/uploads\/2017\/09\/Na11D01_contents_header_rohstoffe_02.jpg","width":966,"height":300},{"@type":"BreadcrumbList","@id":"https:\/\/www.natsu.eu\/fr\/imprint\/#breadcrumb","itemListElement":[{"@type":"ListItem","position":1,"name":"Home","item":"https:\/\/www.natsu.eu\/fr\/"},{"@type":"ListItem","position":2,"name":"Mentions Legales"}]},{"@type":"WebSite","@id":"https:\/\/www.natsu.eu\/de\/#website","url":"https:\/\/www.natsu.eu\/de\/","name":"natsu Foods","description":"","potentialAction":[{"@type":"SearchAction","target":{"@type":"EntryPoint","urlTemplate":"https:\/\/www.natsu.eu\/de\/?s={search_term_string}"},"query-input":{"@type":"PropertyValueSpecification","valueRequired":true,"valueName":"search_term_string"}}],"inLanguage":"fr-FR"}]}},"_links":{"self":[{"href":"https:\/\/www.natsu.eu\/fr\/wp-json\/wp\/v2\/pages\/308568","targetHints":{"allow":["GET"]}}],"collection":[{"href":"https:\/\/www.natsu.eu\/fr\/wp-json\/wp\/v2\/pages"}],"about":[{"href":"https:\/\/www.natsu.eu\/fr\/wp-json\/wp\/v2\/types\/page"}],"author":[{"embeddable":true,"href":"https:\/\/www.natsu.eu\/fr\/wp-json\/wp\/v2\/users\/1"}],"replies":[{"embeddable":true,"href":"https:\/\/www.natsu.eu\/fr\/wp-json\/wp\/v2\/comments?post=308568"}],"version-history":[{"count":3,"href":"https:\/\/www.natsu.eu\/fr\/wp-json\/wp\/v2\/pages\/308568\/revisions"}],"predecessor-version":[{"id":6094586,"href":"https:\/\/www.natsu.eu\/fr\/wp-json\/wp\/v2\/pages\/308568\/revisions\/6094586"}],"wp:featuredmedia":[{"embeddable":true,"href":"https:\/\/www.natsu.eu\/fr\/wp-json\/wp\/v2\/media\/308405"}],"wp:attachment":[{"href":"https:\/\/www.natsu.eu\/fr\/wp-json\/wp\/v2\/media?parent=308568"}],"curies":[{"name":"wp","href":"https:\/\/api.w.org\/{rel}","templated":true}]}}