{"id":307418,"date":"2017-09-29T09:56:39","date_gmt":"2017-09-29T09:56:39","guid":{"rendered":"http:\/\/natsu-test.lvps83-169-38-250.dedicated.hosteurope.de\/?page_id=307418\/"},"modified":"2018-03-28T10:31:20","modified_gmt":"2018-03-28T09:31:20","slug":"lorigine-de-nos-matieres-premieres","status":"publish","type":"page","link":"https:\/\/www.natsu.eu\/fr\/valeurs\/lorigine-de-nos-matieres-premieres\/","title":{"rendered":"L\u2019origine de nos mati\u00e8res premi\u00e8res"},"content":{"rendered":"<h4>Nos producteurs.<\/h4>\n<p>Nous d\u00e9sirons savoir d\u2019o\u00f9 proviennent nos mati\u00e8res premi\u00e8res. Pour cette raison nous connaissons nos producteurs personnellement, dans la mesure du possible. Dans certains cas, nous travaillons avec eux depuis plusieurs ann\u00e9es. Il est important pour nous de faire \u00e9quipe avec eux. M\u00eame si Tom, le t\u00eatu, et Tim, le fougueux, leur m\u00e8nent parfois la vie dure, des amiti\u00e9s sont n\u00e9es, par exemple avec Ricardo, notre fournisseur de riz espagnol, chez qui nous achetons depuis des ann\u00e9es notre riz pour sushi. (Hola, Ricardo. Qu\u00e9 tal ?) Pour Ricardo, le riz, c\u2019est toute sa vie. Il sait d\u2019instinct tout ce qu\u2019il faut observer pour produire du riz de haute qualit\u00e9.<\/p>\n<p>Nous n\u2019utilisons pour nos sushis Natsu que du saumon Atlantique Salmo salar d\u2019aquaculture. Nous avons des cahiers des charges stricts sign\u00e9s avec nos fournisseurs et nous r\u00e9alisons plusieurs fois par an des analyses sur nos mati\u00e8res premi\u00e8res pour v\u00e9rifier leur conformit\u00e9 \u00e0 la r\u00e9glementation et \u00e0 nos exigences contractuelles.<\/p>\n<h4>De l\u2019Asie du Sud-Est \u00e0 Neuss: le long voyage des crevettes ebi.<\/h4>\n<p>Si cela \u00e9tait possible, nous n\u2019ach\u00e8terions nos mati\u00e8res premi\u00e8res qu\u2019en Europe. Mais voil\u00e0, certaines denr\u00e9es n\u2019existent pas en Europe. Un point, c\u2019est tout. Par exemple, nos crevettes ebi. Les crevettes que nous utilisons proviennent du Sud-Est asiatique, du Vietnam, pour \u00eatre pr\u00e9cis. Nous sommes fort conscients de ce probl\u00e8me, c\u2019est pourquoi nous sommes en coop\u00e9ration avec un importateur allemand, qui entretient de bons contacts personnels avec ses fournisseurs. Comme il est bien s\u00fbr impossible de conna\u00eetre tous les producteurs de crevettes, nous faisons faire des analyses \u00e0 plusieurs niveaux de la cha<span class=\"st\">\u00ee<\/span>ne de livraison sur divers param\u00e8tres comme par exemple les antibiotiques.<\/p>\n","protected":false},"excerpt":{"rendered":"<p>Nos producteurs. Nous d\u00e9sirons savoir d\u2019o\u00f9 proviennent nos mati\u00e8res premi\u00e8res. Pour cette raison nous connaissons nos producteurs personnellement, dans la mesure du possible. Dans certains cas, nous travaillons avec eux depuis plusieurs ann\u00e9es. Il est important pour nous de faire \u00e9quipe avec eux. M\u00eame si Tom, le t\u00eatu, et Tim, le fougueux, leur m\u00e8nent parfois &hellip; <\/p>\n<p class=\"link-more\"><a href=\"https:\/\/www.natsu.eu\/fr\/valeurs\/lorigine-de-nos-matieres-premieres\/\" class=\"more-link\">Continue reading<span class=\"screen-reader-text\"> \u00ab\u00a0L\u2019origine de nos mati\u00e8res premi\u00e8res\u00a0\u00bb<\/span><\/a><\/p>\n","protected":false},"author":1,"featured_media":308405,"parent":307376,"menu_order":3,"comment_status":"closed","ping_status":"closed","template":"page-values-sub-page.php","meta":{"_acf_changed":false,"footnotes":""},"class_list":["post-307418","page","type-page","status-publish","has-post-thumbnail","hentry"],"acf":[],"yoast_head":"<!-- This site is optimized with the Yoast SEO plugin v27.3 - https:\/\/yoast.com\/product\/yoast-seo-wordpress\/ -->\n<title>L\u2019origine de nos mati\u00e8res premi\u00e8res - natsu Foods<\/title>\n<meta name=\"robots\" content=\"index, follow, max-snippet:-1, max-image-preview:large, max-video-preview:-1\" \/>\n<link rel=\"canonical\" href=\"https:\/\/www.natsu.eu\/fr\/valeurs\/lorigine-de-nos-matieres-premieres\/\" \/>\n<meta property=\"og:locale\" content=\"fr_FR\" \/>\n<meta property=\"og:type\" content=\"article\" \/>\n<meta property=\"og:title\" content=\"L\u2019origine de nos mati\u00e8res premi\u00e8res - natsu Foods\" \/>\n<meta property=\"og:description\" content=\"Nos producteurs. Nous d\u00e9sirons savoir d\u2019o\u00f9 proviennent nos mati\u00e8res premi\u00e8res. Pour cette raison nous connaissons nos producteurs personnellement, dans la mesure du possible. Dans certains cas, nous travaillons avec eux depuis plusieurs ann\u00e9es. Il est important pour nous de faire \u00e9quipe avec eux. M\u00eame si Tom, le t\u00eatu, et Tim, le fougueux, leur m\u00e8nent parfois &hellip; Continue reading &quot;L\u2019origine de nos mati\u00e8res premi\u00e8res&quot;\" \/>\n<meta property=\"og:url\" content=\"https:\/\/www.natsu.eu\/fr\/valeurs\/lorigine-de-nos-matieres-premieres\/\" \/>\n<meta property=\"og:site_name\" content=\"natsu Foods\" \/>\n<meta property=\"article:modified_time\" content=\"2018-03-28T09:31:20+00:00\" \/>\n<meta property=\"og:image\" content=\"https:\/\/www.natsu.eu\/wp-content\/uploads\/2017\/09\/Na11D01_contents_header_rohstoffe_02.jpg\" \/>\n\t<meta property=\"og:image:width\" content=\"966\" \/>\n\t<meta property=\"og:image:height\" content=\"300\" \/>\n\t<meta property=\"og:image:type\" content=\"image\/jpeg\" \/>\n<meta name=\"twitter:card\" content=\"summary_large_image\" \/>\n<meta name=\"twitter:label1\" content=\"Dur\u00e9e de lecture estim\u00e9e\" \/>\n\t<meta name=\"twitter:data1\" content=\"2 minutes\" \/>\n<script type=\"application\/ld+json\" class=\"yoast-schema-graph\">{\"@context\":\"https:\\\/\\\/schema.org\",\"@graph\":[{\"@type\":\"WebPage\",\"@id\":\"https:\\\/\\\/www.natsu.eu\\\/fr\\\/valeurs\\\/lorigine-de-nos-matieres-premieres\\\/\",\"url\":\"https:\\\/\\\/www.natsu.eu\\\/fr\\\/valeurs\\\/lorigine-de-nos-matieres-premieres\\\/\",\"name\":\"L\u2019origine de nos mati\u00e8res premi\u00e8res - natsu Foods\",\"isPartOf\":{\"@id\":\"https:\\\/\\\/www.natsu.eu\\\/de\\\/#website\"},\"primaryImageOfPage\":{\"@id\":\"https:\\\/\\\/www.natsu.eu\\\/fr\\\/valeurs\\\/lorigine-de-nos-matieres-premieres\\\/#primaryimage\"},\"image\":{\"@id\":\"https:\\\/\\\/www.natsu.eu\\\/fr\\\/valeurs\\\/lorigine-de-nos-matieres-premieres\\\/#primaryimage\"},\"thumbnailUrl\":\"https:\\\/\\\/www.natsu.eu\\\/wp-content\\\/uploads\\\/2017\\\/09\\\/Na11D01_contents_header_rohstoffe_02.jpg\",\"datePublished\":\"2017-09-29T09:56:39+00:00\",\"dateModified\":\"2018-03-28T09:31:20+00:00\",\"breadcrumb\":{\"@id\":\"https:\\\/\\\/www.natsu.eu\\\/fr\\\/valeurs\\\/lorigine-de-nos-matieres-premieres\\\/#breadcrumb\"},\"inLanguage\":\"fr-FR\",\"potentialAction\":[{\"@type\":\"ReadAction\",\"target\":[\"https:\\\/\\\/www.natsu.eu\\\/fr\\\/valeurs\\\/lorigine-de-nos-matieres-premieres\\\/\"]}]},{\"@type\":\"ImageObject\",\"inLanguage\":\"fr-FR\",\"@id\":\"https:\\\/\\\/www.natsu.eu\\\/fr\\\/valeurs\\\/lorigine-de-nos-matieres-premieres\\\/#primaryimage\",\"url\":\"https:\\\/\\\/www.natsu.eu\\\/wp-content\\\/uploads\\\/2017\\\/09\\\/Na11D01_contents_header_rohstoffe_02.jpg\",\"contentUrl\":\"https:\\\/\\\/www.natsu.eu\\\/wp-content\\\/uploads\\\/2017\\\/09\\\/Na11D01_contents_header_rohstoffe_02.jpg\",\"width\":966,\"height\":300},{\"@type\":\"BreadcrumbList\",\"@id\":\"https:\\\/\\\/www.natsu.eu\\\/fr\\\/valeurs\\\/lorigine-de-nos-matieres-premieres\\\/#breadcrumb\",\"itemListElement\":[{\"@type\":\"ListItem\",\"position\":1,\"name\":\"Home\",\"item\":\"https:\\\/\\\/www.natsu.eu\\\/fr\\\/\"},{\"@type\":\"ListItem\",\"position\":2,\"name\":\"Valeurs\",\"item\":\"https:\\\/\\\/www.natsu.eu\\\/fr\\\/valeurs\\\/\"},{\"@type\":\"ListItem\",\"position\":3,\"name\":\"L\u2019origine de nos mati\u00e8res premi\u00e8res\"}]},{\"@type\":\"WebSite\",\"@id\":\"https:\\\/\\\/www.natsu.eu\\\/de\\\/#website\",\"url\":\"https:\\\/\\\/www.natsu.eu\\\/de\\\/\",\"name\":\"natsu Foods\",\"description\":\"\",\"potentialAction\":[{\"@type\":\"SearchAction\",\"target\":{\"@type\":\"EntryPoint\",\"urlTemplate\":\"https:\\\/\\\/www.natsu.eu\\\/de\\\/?s={search_term_string}\"},\"query-input\":{\"@type\":\"PropertyValueSpecification\",\"valueRequired\":true,\"valueName\":\"search_term_string\"}}],\"inLanguage\":\"fr-FR\"}]}<\/script>\n<!-- \/ Yoast SEO plugin. -->","yoast_head_json":{"title":"L\u2019origine de nos mati\u00e8res premi\u00e8res - natsu Foods","robots":{"index":"index","follow":"follow","max-snippet":"max-snippet:-1","max-image-preview":"max-image-preview:large","max-video-preview":"max-video-preview:-1"},"canonical":"https:\/\/www.natsu.eu\/fr\/valeurs\/lorigine-de-nos-matieres-premieres\/","og_locale":"fr_FR","og_type":"article","og_title":"L\u2019origine de nos mati\u00e8res premi\u00e8res - natsu Foods","og_description":"Nos producteurs. Nous d\u00e9sirons savoir d\u2019o\u00f9 proviennent nos mati\u00e8res premi\u00e8res. Pour cette raison nous connaissons nos producteurs personnellement, dans la mesure du possible. Dans certains cas, nous travaillons avec eux depuis plusieurs ann\u00e9es. Il est important pour nous de faire \u00e9quipe avec eux. M\u00eame si Tom, le t\u00eatu, et Tim, le fougueux, leur m\u00e8nent parfois &hellip; Continue reading \"L\u2019origine de nos mati\u00e8res premi\u00e8res\"","og_url":"https:\/\/www.natsu.eu\/fr\/valeurs\/lorigine-de-nos-matieres-premieres\/","og_site_name":"natsu Foods","article_modified_time":"2018-03-28T09:31:20+00:00","og_image":[{"width":966,"height":300,"url":"https:\/\/www.natsu.eu\/wp-content\/uploads\/2017\/09\/Na11D01_contents_header_rohstoffe_02.jpg","type":"image\/jpeg"}],"twitter_card":"summary_large_image","twitter_misc":{"Dur\u00e9e de lecture estim\u00e9e":"2 minutes"},"schema":{"@context":"https:\/\/schema.org","@graph":[{"@type":"WebPage","@id":"https:\/\/www.natsu.eu\/fr\/valeurs\/lorigine-de-nos-matieres-premieres\/","url":"https:\/\/www.natsu.eu\/fr\/valeurs\/lorigine-de-nos-matieres-premieres\/","name":"L\u2019origine de nos mati\u00e8res premi\u00e8res - natsu Foods","isPartOf":{"@id":"https:\/\/www.natsu.eu\/de\/#website"},"primaryImageOfPage":{"@id":"https:\/\/www.natsu.eu\/fr\/valeurs\/lorigine-de-nos-matieres-premieres\/#primaryimage"},"image":{"@id":"https:\/\/www.natsu.eu\/fr\/valeurs\/lorigine-de-nos-matieres-premieres\/#primaryimage"},"thumbnailUrl":"https:\/\/www.natsu.eu\/wp-content\/uploads\/2017\/09\/Na11D01_contents_header_rohstoffe_02.jpg","datePublished":"2017-09-29T09:56:39+00:00","dateModified":"2018-03-28T09:31:20+00:00","breadcrumb":{"@id":"https:\/\/www.natsu.eu\/fr\/valeurs\/lorigine-de-nos-matieres-premieres\/#breadcrumb"},"inLanguage":"fr-FR","potentialAction":[{"@type":"ReadAction","target":["https:\/\/www.natsu.eu\/fr\/valeurs\/lorigine-de-nos-matieres-premieres\/"]}]},{"@type":"ImageObject","inLanguage":"fr-FR","@id":"https:\/\/www.natsu.eu\/fr\/valeurs\/lorigine-de-nos-matieres-premieres\/#primaryimage","url":"https:\/\/www.natsu.eu\/wp-content\/uploads\/2017\/09\/Na11D01_contents_header_rohstoffe_02.jpg","contentUrl":"https:\/\/www.natsu.eu\/wp-content\/uploads\/2017\/09\/Na11D01_contents_header_rohstoffe_02.jpg","width":966,"height":300},{"@type":"BreadcrumbList","@id":"https:\/\/www.natsu.eu\/fr\/valeurs\/lorigine-de-nos-matieres-premieres\/#breadcrumb","itemListElement":[{"@type":"ListItem","position":1,"name":"Home","item":"https:\/\/www.natsu.eu\/fr\/"},{"@type":"ListItem","position":2,"name":"Valeurs","item":"https:\/\/www.natsu.eu\/fr\/valeurs\/"},{"@type":"ListItem","position":3,"name":"L\u2019origine de nos mati\u00e8res premi\u00e8res"}]},{"@type":"WebSite","@id":"https:\/\/www.natsu.eu\/de\/#website","url":"https:\/\/www.natsu.eu\/de\/","name":"natsu Foods","description":"","potentialAction":[{"@type":"SearchAction","target":{"@type":"EntryPoint","urlTemplate":"https:\/\/www.natsu.eu\/de\/?s={search_term_string}"},"query-input":{"@type":"PropertyValueSpecification","valueRequired":true,"valueName":"search_term_string"}}],"inLanguage":"fr-FR"}]}},"_links":{"self":[{"href":"https:\/\/www.natsu.eu\/fr\/wp-json\/wp\/v2\/pages\/307418","targetHints":{"allow":["GET"]}}],"collection":[{"href":"https:\/\/www.natsu.eu\/fr\/wp-json\/wp\/v2\/pages"}],"about":[{"href":"https:\/\/www.natsu.eu\/fr\/wp-json\/wp\/v2\/types\/page"}],"author":[{"embeddable":true,"href":"https:\/\/www.natsu.eu\/fr\/wp-json\/wp\/v2\/users\/1"}],"replies":[{"embeddable":true,"href":"https:\/\/www.natsu.eu\/fr\/wp-json\/wp\/v2\/comments?post=307418"}],"version-history":[{"count":3,"href":"https:\/\/www.natsu.eu\/fr\/wp-json\/wp\/v2\/pages\/307418\/revisions"}],"predecessor-version":[{"id":1514165,"href":"https:\/\/www.natsu.eu\/fr\/wp-json\/wp\/v2\/pages\/307418\/revisions\/1514165"}],"up":[{"embeddable":true,"href":"https:\/\/www.natsu.eu\/fr\/wp-json\/wp\/v2\/pages\/307376"}],"wp:featuredmedia":[{"embeddable":true,"href":"https:\/\/www.natsu.eu\/fr\/wp-json\/wp\/v2\/media\/308405"}],"wp:attachment":[{"href":"https:\/\/www.natsu.eu\/fr\/wp-json\/wp\/v2\/media?parent=307418"}],"curies":[{"name":"wp","href":"https:\/\/api.w.org\/{rel}","templated":true}]}}