{"id":307374,"date":"2017-09-29T09:38:33","date_gmt":"2017-09-29T09:38:33","guid":{"rendered":"http:\/\/natsu-test.lvps83-169-38-250.dedicated.hosteurope.de\/?page_id=307374\/"},"modified":"2018-03-28T10:43:50","modified_gmt":"2018-03-28T09:43:50","slug":"nos-composants-et-ingredients","status":"publish","type":"page","link":"https:\/\/www.natsu.eu\/fr\/valeurs\/nos-composants-et-ingredients\/","title":{"rendered":"Nos composants et ingr\u00e9dients"},"content":{"rendered":"<p>Nos composants et ingr\u00e9dients<\/p>\n<p><strong>On r\u00e9colte ce que l\u2019on s\u00e8me: nos ingr\u00e9dients.<\/strong><\/p>\n<p>Nous aimons cuisiner pendant nos loisirs. Pour nous, c\u2019est un vrai plaisir. Essayer de nouvelles recettes, exp\u00e9rimenter avec des ingr\u00e9dients frais. Quoi de plus formidable qu\u2019un bon diner entre amis? Bien s\u00fbr, il nous arrive aussi d\u2019aller au restaurant. Dans ce cas, nous souhaitons que le repas soit \u00e0 base de produits frais et sains. C\u2019est pourquoi nos fournisseurs doivent nous garantir que leurs produits sont sans OGM. De plus, nos produits et mati\u00e8res premi\u00e8res sont sous le contr\u00f4le continuel de laboratoires certifi\u00e9s ind\u00e9pendants.<\/p>\n<p><strong>Le m\u00e9chant \u00ab E \u00bb.<\/strong><\/p>\n<p>Nous aimerions pouvoir vous dire que nous n\u2019utilisons aucun additif alimentaire, mais il n\u2019est pas toujours possible de l\u2019\u00e9viter. Nous nous efforcons de vous fournir des produits les plus naturels possibles contenant le moins d&rsquo;additif.<\/p>\n<p>Nous n&rsquo;utilisons que des additifs, qui, dans la mesure du possible, sont d\u2019origine naturelle. Nous pouvons certainement en faire encore plus. Cela tient au fait que nos produits sont des denr\u00e9es p\u00e9rissable, (tant du point de vue visuel que sensoriel et microbiologique). Cependant, il faut bien souligner qu&rsquo;en tant que producteur de sushis, nous sommes soumis \u00e0 des contraintes bien strictes.<\/p>\n<p><strong>Vert, ca veut dire, pas vrai?<\/strong><\/p>\n<p>Il n&rsquo;est pas facile de vous contenter. Pour certains le Wasabi est trop fort pour d&rsquo;autres pas assez, d&rsquo;autres encore le veulent plus vert mais sans colorants artificiels. Nous esp\u00e9rons que notre nouveau Wasabis puisse contenter tous les go\u00fbts. Grace \u00e0 15% de vrai racine de Wasabi, notre p\u00e2te est plus forte. C&rsquo;est pour cette raison que nous le mettons sous sachet dans nos barquettes. Ainsi seulement les amateurs le d\u00e9gustent avec les sushsis. Pour la couleur &#8211; nous avons longuement refl\u00e9chis comment rendre la p\u00e2te de Wasabi plus verte, plus appetissante. Apr\u00e8s avoir test\u00e9 maints colorants naturels, sans r\u00e9sultat, nous avons ajout\u00e9 des feulles de Wasabi en poudre et nous avons trouv\u00e9 notre couleur. Elle nous rappelle le vert clair du printemps.<\/p>\n","protected":false},"excerpt":{"rendered":"<p>Nos composants et ingr\u00e9dients On r\u00e9colte ce que l\u2019on s\u00e8me: nos ingr\u00e9dients. Nous aimons cuisiner pendant nos loisirs. Pour nous, c\u2019est un vrai plaisir. Essayer de nouvelles recettes, exp\u00e9rimenter avec des ingr\u00e9dients frais. Quoi de plus formidable qu\u2019un bon diner entre amis? Bien s\u00fbr, il nous arrive aussi d\u2019aller au restaurant. Dans ce cas, nous &hellip; <\/p>\n<p class=\"link-more\"><a href=\"https:\/\/www.natsu.eu\/fr\/valeurs\/nos-composants-et-ingredients\/\" class=\"more-link\">Continue reading<span class=\"screen-reader-text\"> \u00ab\u00a0Nos composants et ingr\u00e9dients\u00a0\u00bb<\/span><\/a><\/p>\n","protected":false},"author":1,"featured_media":308419,"parent":307376,"menu_order":5,"comment_status":"closed","ping_status":"closed","template":"page-values-sub-page.php","meta":{"_acf_changed":false,"footnotes":""},"class_list":["post-307374","page","type-page","status-publish","has-post-thumbnail","hentry"],"acf":[],"yoast_head":"<!-- This site is optimized with the Yoast SEO plugin v27.3 - https:\/\/yoast.com\/product\/yoast-seo-wordpress\/ -->\n<title>Nos composants et ingr\u00e9dients - natsu Foods<\/title>\n<meta name=\"robots\" content=\"index, follow, max-snippet:-1, max-image-preview:large, max-video-preview:-1\" \/>\n<link rel=\"canonical\" href=\"https:\/\/www.natsu.eu\/fr\/valeurs\/nos-composants-et-ingredients\/\" \/>\n<meta property=\"og:locale\" content=\"fr_FR\" \/>\n<meta property=\"og:type\" content=\"article\" \/>\n<meta property=\"og:title\" content=\"Nos composants et ingr\u00e9dients - natsu Foods\" \/>\n<meta property=\"og:description\" content=\"Nos composants et ingr\u00e9dients On r\u00e9colte ce que l\u2019on s\u00e8me: nos ingr\u00e9dients. Nous aimons cuisiner pendant nos loisirs. Pour nous, c\u2019est un vrai plaisir. Essayer de nouvelles recettes, exp\u00e9rimenter avec des ingr\u00e9dients frais. Quoi de plus formidable qu\u2019un bon diner entre amis? Bien s\u00fbr, il nous arrive aussi d\u2019aller au restaurant. Dans ce cas, nous &hellip; Continue reading &quot;Nos composants et ingr\u00e9dients&quot;\" \/>\n<meta property=\"og:url\" content=\"https:\/\/www.natsu.eu\/fr\/valeurs\/nos-composants-et-ingredients\/\" \/>\n<meta property=\"og:site_name\" content=\"natsu Foods\" \/>\n<meta property=\"article:modified_time\" content=\"2018-03-28T09:43:50+00:00\" \/>\n<meta property=\"og:image\" content=\"https:\/\/www.natsu.eu\/wp-content\/uploads\/2017\/10\/Na11D01_contents_header_inhalt_01.jpg\" \/>\n\t<meta property=\"og:image:width\" content=\"966\" \/>\n\t<meta property=\"og:image:height\" content=\"300\" \/>\n\t<meta property=\"og:image:type\" content=\"image\/jpeg\" \/>\n<meta name=\"twitter:card\" content=\"summary_large_image\" \/>\n<meta name=\"twitter:label1\" content=\"Dur\u00e9e de lecture estim\u00e9e\" \/>\n\t<meta name=\"twitter:data1\" content=\"2 minutes\" \/>\n<script type=\"application\/ld+json\" class=\"yoast-schema-graph\">{\"@context\":\"https:\\\/\\\/schema.org\",\"@graph\":[{\"@type\":\"WebPage\",\"@id\":\"https:\\\/\\\/www.natsu.eu\\\/fr\\\/valeurs\\\/nos-composants-et-ingredients\\\/\",\"url\":\"https:\\\/\\\/www.natsu.eu\\\/fr\\\/valeurs\\\/nos-composants-et-ingredients\\\/\",\"name\":\"Nos composants et ingr\u00e9dients - natsu Foods\",\"isPartOf\":{\"@id\":\"https:\\\/\\\/www.natsu.eu\\\/de\\\/#website\"},\"primaryImageOfPage\":{\"@id\":\"https:\\\/\\\/www.natsu.eu\\\/fr\\\/valeurs\\\/nos-composants-et-ingredients\\\/#primaryimage\"},\"image\":{\"@id\":\"https:\\\/\\\/www.natsu.eu\\\/fr\\\/valeurs\\\/nos-composants-et-ingredients\\\/#primaryimage\"},\"thumbnailUrl\":\"https:\\\/\\\/www.natsu.eu\\\/wp-content\\\/uploads\\\/2017\\\/10\\\/Na11D01_contents_header_inhalt_01.jpg\",\"datePublished\":\"2017-09-29T09:38:33+00:00\",\"dateModified\":\"2018-03-28T09:43:50+00:00\",\"breadcrumb\":{\"@id\":\"https:\\\/\\\/www.natsu.eu\\\/fr\\\/valeurs\\\/nos-composants-et-ingredients\\\/#breadcrumb\"},\"inLanguage\":\"fr-FR\",\"potentialAction\":[{\"@type\":\"ReadAction\",\"target\":[\"https:\\\/\\\/www.natsu.eu\\\/fr\\\/valeurs\\\/nos-composants-et-ingredients\\\/\"]}]},{\"@type\":\"ImageObject\",\"inLanguage\":\"fr-FR\",\"@id\":\"https:\\\/\\\/www.natsu.eu\\\/fr\\\/valeurs\\\/nos-composants-et-ingredients\\\/#primaryimage\",\"url\":\"https:\\\/\\\/www.natsu.eu\\\/wp-content\\\/uploads\\\/2017\\\/10\\\/Na11D01_contents_header_inhalt_01.jpg\",\"contentUrl\":\"https:\\\/\\\/www.natsu.eu\\\/wp-content\\\/uploads\\\/2017\\\/10\\\/Na11D01_contents_header_inhalt_01.jpg\",\"width\":966,\"height\":300},{\"@type\":\"BreadcrumbList\",\"@id\":\"https:\\\/\\\/www.natsu.eu\\\/fr\\\/valeurs\\\/nos-composants-et-ingredients\\\/#breadcrumb\",\"itemListElement\":[{\"@type\":\"ListItem\",\"position\":1,\"name\":\"Home\",\"item\":\"https:\\\/\\\/www.natsu.eu\\\/fr\\\/\"},{\"@type\":\"ListItem\",\"position\":2,\"name\":\"Valeurs\",\"item\":\"https:\\\/\\\/www.natsu.eu\\\/fr\\\/valeurs\\\/\"},{\"@type\":\"ListItem\",\"position\":3,\"name\":\"Nos composants et ingr\u00e9dients\"}]},{\"@type\":\"WebSite\",\"@id\":\"https:\\\/\\\/www.natsu.eu\\\/de\\\/#website\",\"url\":\"https:\\\/\\\/www.natsu.eu\\\/de\\\/\",\"name\":\"natsu Foods\",\"description\":\"\",\"potentialAction\":[{\"@type\":\"SearchAction\",\"target\":{\"@type\":\"EntryPoint\",\"urlTemplate\":\"https:\\\/\\\/www.natsu.eu\\\/de\\\/?s={search_term_string}\"},\"query-input\":{\"@type\":\"PropertyValueSpecification\",\"valueRequired\":true,\"valueName\":\"search_term_string\"}}],\"inLanguage\":\"fr-FR\"}]}<\/script>\n<!-- \/ Yoast SEO plugin. -->","yoast_head_json":{"title":"Nos composants et ingr\u00e9dients - natsu Foods","robots":{"index":"index","follow":"follow","max-snippet":"max-snippet:-1","max-image-preview":"max-image-preview:large","max-video-preview":"max-video-preview:-1"},"canonical":"https:\/\/www.natsu.eu\/fr\/valeurs\/nos-composants-et-ingredients\/","og_locale":"fr_FR","og_type":"article","og_title":"Nos composants et ingr\u00e9dients - natsu Foods","og_description":"Nos composants et ingr\u00e9dients On r\u00e9colte ce que l\u2019on s\u00e8me: nos ingr\u00e9dients. Nous aimons cuisiner pendant nos loisirs. Pour nous, c\u2019est un vrai plaisir. Essayer de nouvelles recettes, exp\u00e9rimenter avec des ingr\u00e9dients frais. Quoi de plus formidable qu\u2019un bon diner entre amis? Bien s\u00fbr, il nous arrive aussi d\u2019aller au restaurant. Dans ce cas, nous &hellip; Continue reading \"Nos composants et ingr\u00e9dients\"","og_url":"https:\/\/www.natsu.eu\/fr\/valeurs\/nos-composants-et-ingredients\/","og_site_name":"natsu Foods","article_modified_time":"2018-03-28T09:43:50+00:00","og_image":[{"width":966,"height":300,"url":"https:\/\/www.natsu.eu\/wp-content\/uploads\/2017\/10\/Na11D01_contents_header_inhalt_01.jpg","type":"image\/jpeg"}],"twitter_card":"summary_large_image","twitter_misc":{"Dur\u00e9e de lecture estim\u00e9e":"2 minutes"},"schema":{"@context":"https:\/\/schema.org","@graph":[{"@type":"WebPage","@id":"https:\/\/www.natsu.eu\/fr\/valeurs\/nos-composants-et-ingredients\/","url":"https:\/\/www.natsu.eu\/fr\/valeurs\/nos-composants-et-ingredients\/","name":"Nos composants et ingr\u00e9dients - natsu Foods","isPartOf":{"@id":"https:\/\/www.natsu.eu\/de\/#website"},"primaryImageOfPage":{"@id":"https:\/\/www.natsu.eu\/fr\/valeurs\/nos-composants-et-ingredients\/#primaryimage"},"image":{"@id":"https:\/\/www.natsu.eu\/fr\/valeurs\/nos-composants-et-ingredients\/#primaryimage"},"thumbnailUrl":"https:\/\/www.natsu.eu\/wp-content\/uploads\/2017\/10\/Na11D01_contents_header_inhalt_01.jpg","datePublished":"2017-09-29T09:38:33+00:00","dateModified":"2018-03-28T09:43:50+00:00","breadcrumb":{"@id":"https:\/\/www.natsu.eu\/fr\/valeurs\/nos-composants-et-ingredients\/#breadcrumb"},"inLanguage":"fr-FR","potentialAction":[{"@type":"ReadAction","target":["https:\/\/www.natsu.eu\/fr\/valeurs\/nos-composants-et-ingredients\/"]}]},{"@type":"ImageObject","inLanguage":"fr-FR","@id":"https:\/\/www.natsu.eu\/fr\/valeurs\/nos-composants-et-ingredients\/#primaryimage","url":"https:\/\/www.natsu.eu\/wp-content\/uploads\/2017\/10\/Na11D01_contents_header_inhalt_01.jpg","contentUrl":"https:\/\/www.natsu.eu\/wp-content\/uploads\/2017\/10\/Na11D01_contents_header_inhalt_01.jpg","width":966,"height":300},{"@type":"BreadcrumbList","@id":"https:\/\/www.natsu.eu\/fr\/valeurs\/nos-composants-et-ingredients\/#breadcrumb","itemListElement":[{"@type":"ListItem","position":1,"name":"Home","item":"https:\/\/www.natsu.eu\/fr\/"},{"@type":"ListItem","position":2,"name":"Valeurs","item":"https:\/\/www.natsu.eu\/fr\/valeurs\/"},{"@type":"ListItem","position":3,"name":"Nos composants et ingr\u00e9dients"}]},{"@type":"WebSite","@id":"https:\/\/www.natsu.eu\/de\/#website","url":"https:\/\/www.natsu.eu\/de\/","name":"natsu Foods","description":"","potentialAction":[{"@type":"SearchAction","target":{"@type":"EntryPoint","urlTemplate":"https:\/\/www.natsu.eu\/de\/?s={search_term_string}"},"query-input":{"@type":"PropertyValueSpecification","valueRequired":true,"valueName":"search_term_string"}}],"inLanguage":"fr-FR"}]}},"_links":{"self":[{"href":"https:\/\/www.natsu.eu\/fr\/wp-json\/wp\/v2\/pages\/307374","targetHints":{"allow":["GET"]}}],"collection":[{"href":"https:\/\/www.natsu.eu\/fr\/wp-json\/wp\/v2\/pages"}],"about":[{"href":"https:\/\/www.natsu.eu\/fr\/wp-json\/wp\/v2\/types\/page"}],"author":[{"embeddable":true,"href":"https:\/\/www.natsu.eu\/fr\/wp-json\/wp\/v2\/users\/1"}],"replies":[{"embeddable":true,"href":"https:\/\/www.natsu.eu\/fr\/wp-json\/wp\/v2\/comments?post=307374"}],"version-history":[{"count":3,"href":"https:\/\/www.natsu.eu\/fr\/wp-json\/wp\/v2\/pages\/307374\/revisions"}],"predecessor-version":[{"id":1514168,"href":"https:\/\/www.natsu.eu\/fr\/wp-json\/wp\/v2\/pages\/307374\/revisions\/1514168"}],"up":[{"embeddable":true,"href":"https:\/\/www.natsu.eu\/fr\/wp-json\/wp\/v2\/pages\/307376"}],"wp:featuredmedia":[{"embeddable":true,"href":"https:\/\/www.natsu.eu\/fr\/wp-json\/wp\/v2\/media\/308419"}],"wp:attachment":[{"href":"https:\/\/www.natsu.eu\/fr\/wp-json\/wp\/v2\/media?parent=307374"}],"curies":[{"name":"wp","href":"https:\/\/api.w.org\/{rel}","templated":true}]}}