{"id":307372,"date":"2017-09-29T09:38:15","date_gmt":"2017-09-29T09:38:15","guid":{"rendered":"http:\/\/natsu-test.lvps83-169-38-250.dedicated.hosteurope.de\/?page_id=307372\/"},"modified":"2018-03-23T12:50:32","modified_gmt":"2018-03-23T11:50:32","slug":"notre-engagement-lhonnetete","status":"publish","type":"page","link":"https:\/\/www.natsu.eu\/fr\/valeurs\/notre-engagement-lhonnetete\/","title":{"rendered":"Notre engagement \u2013 L\u2019honn\u00eatet\u00e9"},"content":{"rendered":"<p>Avant de nous couvrir d\u2019excessives louanges, nous voudrions mettre quelque chose au clair: oui, nous aussi, nous lisons notre journal en prenant notre caf\u00e9 le matin, regardons les grands titres de la presse en ligne avant de commencer notre journ\u00e9e. Et oui, nous aussi, nous sommes au courant des d\u00e9bats dans les m\u00e9dias sur les ingr\u00e9dients et les fausses promesses de l\u2019industrie agroalimentaire.<\/p>\n<p>Bref: notre engagement \u00e0 nous, c\u2019est l\u2019honn\u00eatet\u00e9. Nous pouvons affirmer savoir en faire beaucoup, mais nous avons encore \u00e0 apprendre. Nous ne nous faisons pas d\u2019illusions. Nous sommes conscients de ne pas \u00eatre absolument parfaits. Et nous nous effor\u00e7ons de toujours faire au mieux. Car notre engagement d\u2019honn\u00eatet\u00e9 va de pair avec notre devise de ne nous contenter que du meilleur. Si tout n\u2019est pas encore tr\u00e8s clair, si vous avez une question, si vous d\u00e9sirez discuter personnellement avec nous d\u2019un sujet pr\u00e9cis, si vous avez des suggestions d\u2019am\u00e9lioration, n\u2019h\u00e9sitez pas \u00e0 nous contacter par E-Mail ou passez-nous un coup de fil.<\/p>\n","protected":false},"excerpt":{"rendered":"<p>Avant de nous couvrir d\u2019excessives louanges, nous voudrions mettre quelque chose au clair: oui, nous aussi, nous lisons notre journal en prenant notre caf\u00e9 le matin, regardons les grands titres de la presse en ligne avant de commencer notre journ\u00e9e. Et oui, nous aussi, nous sommes au courant des d\u00e9bats dans les m\u00e9dias sur les &hellip; <\/p>\n<p class=\"link-more\"><a href=\"https:\/\/www.natsu.eu\/fr\/valeurs\/notre-engagement-lhonnetete\/\" class=\"more-link\">Continue reading<span class=\"screen-reader-text\"> \u00ab\u00a0Notre engagement \u2013 L\u2019honn\u00eatet\u00e9\u00a0\u00bb<\/span><\/a><\/p>\n","protected":false},"author":1,"featured_media":308413,"parent":307376,"menu_order":1,"comment_status":"closed","ping_status":"closed","template":"page-values-sub-page.php","meta":{"_acf_changed":false,"footnotes":""},"class_list":["post-307372","page","type-page","status-publish","has-post-thumbnail","hentry"],"acf":[],"yoast_head":"<!-- This site is optimized with the Yoast SEO plugin v27.3 - https:\/\/yoast.com\/product\/yoast-seo-wordpress\/ -->\n<title>Notre engagement \u2013 L\u2019honn\u00eatet\u00e9 - natsu Foods<\/title>\n<meta name=\"robots\" content=\"index, follow, max-snippet:-1, max-image-preview:large, max-video-preview:-1\" \/>\n<link rel=\"canonical\" href=\"https:\/\/www.natsu.eu\/fr\/valeurs\/notre-engagement-lhonnetete\/\" \/>\n<meta property=\"og:locale\" content=\"fr_FR\" \/>\n<meta property=\"og:type\" content=\"article\" \/>\n<meta property=\"og:title\" content=\"Notre engagement \u2013 L\u2019honn\u00eatet\u00e9 - natsu Foods\" \/>\n<meta property=\"og:description\" content=\"Avant de nous couvrir d\u2019excessives louanges, nous voudrions mettre quelque chose au clair: oui, nous aussi, nous lisons notre journal en prenant notre caf\u00e9 le matin, regardons les grands titres de la presse en ligne avant de commencer notre journ\u00e9e. Et oui, nous aussi, nous sommes au courant des d\u00e9bats dans les m\u00e9dias sur les &hellip; Continue reading &quot;Notre engagement \u2013 L\u2019honn\u00eatet\u00e9&quot;\" \/>\n<meta property=\"og:url\" content=\"https:\/\/www.natsu.eu\/fr\/valeurs\/notre-engagement-lhonnetete\/\" \/>\n<meta property=\"og:site_name\" content=\"natsu Foods\" \/>\n<meta property=\"article:modified_time\" content=\"2018-03-23T11:50:32+00:00\" \/>\n<meta property=\"og:image\" content=\"https:\/\/www.natsu.eu\/wp-content\/uploads\/2017\/09\/Na11D01_contents_header_02.jpg\" \/>\n\t<meta property=\"og:image:width\" content=\"966\" \/>\n\t<meta property=\"og:image:height\" content=\"300\" \/>\n\t<meta property=\"og:image:type\" content=\"image\/jpeg\" \/>\n<meta name=\"twitter:card\" content=\"summary_large_image\" \/>\n<meta name=\"twitter:label1\" content=\"Dur\u00e9e de lecture estim\u00e9e\" \/>\n\t<meta name=\"twitter:data1\" content=\"1 minute\" \/>\n<script type=\"application\/ld+json\" class=\"yoast-schema-graph\">{\"@context\":\"https:\\\/\\\/schema.org\",\"@graph\":[{\"@type\":\"WebPage\",\"@id\":\"https:\\\/\\\/www.natsu.eu\\\/fr\\\/valeurs\\\/notre-engagement-lhonnetete\\\/\",\"url\":\"https:\\\/\\\/www.natsu.eu\\\/fr\\\/valeurs\\\/notre-engagement-lhonnetete\\\/\",\"name\":\"Notre engagement \u2013 L\u2019honn\u00eatet\u00e9 - natsu Foods\",\"isPartOf\":{\"@id\":\"https:\\\/\\\/www.natsu.eu\\\/de\\\/#website\"},\"primaryImageOfPage\":{\"@id\":\"https:\\\/\\\/www.natsu.eu\\\/fr\\\/valeurs\\\/notre-engagement-lhonnetete\\\/#primaryimage\"},\"image\":{\"@id\":\"https:\\\/\\\/www.natsu.eu\\\/fr\\\/valeurs\\\/notre-engagement-lhonnetete\\\/#primaryimage\"},\"thumbnailUrl\":\"https:\\\/\\\/www.natsu.eu\\\/wp-content\\\/uploads\\\/2017\\\/09\\\/Na11D01_contents_header_02.jpg\",\"datePublished\":\"2017-09-29T09:38:15+00:00\",\"dateModified\":\"2018-03-23T11:50:32+00:00\",\"breadcrumb\":{\"@id\":\"https:\\\/\\\/www.natsu.eu\\\/fr\\\/valeurs\\\/notre-engagement-lhonnetete\\\/#breadcrumb\"},\"inLanguage\":\"fr-FR\",\"potentialAction\":[{\"@type\":\"ReadAction\",\"target\":[\"https:\\\/\\\/www.natsu.eu\\\/fr\\\/valeurs\\\/notre-engagement-lhonnetete\\\/\"]}]},{\"@type\":\"ImageObject\",\"inLanguage\":\"fr-FR\",\"@id\":\"https:\\\/\\\/www.natsu.eu\\\/fr\\\/valeurs\\\/notre-engagement-lhonnetete\\\/#primaryimage\",\"url\":\"https:\\\/\\\/www.natsu.eu\\\/wp-content\\\/uploads\\\/2017\\\/09\\\/Na11D01_contents_header_02.jpg\",\"contentUrl\":\"https:\\\/\\\/www.natsu.eu\\\/wp-content\\\/uploads\\\/2017\\\/09\\\/Na11D01_contents_header_02.jpg\",\"width\":966,\"height\":300},{\"@type\":\"BreadcrumbList\",\"@id\":\"https:\\\/\\\/www.natsu.eu\\\/fr\\\/valeurs\\\/notre-engagement-lhonnetete\\\/#breadcrumb\",\"itemListElement\":[{\"@type\":\"ListItem\",\"position\":1,\"name\":\"Home\",\"item\":\"https:\\\/\\\/www.natsu.eu\\\/fr\\\/\"},{\"@type\":\"ListItem\",\"position\":2,\"name\":\"Valeurs\",\"item\":\"https:\\\/\\\/www.natsu.eu\\\/fr\\\/valeurs\\\/\"},{\"@type\":\"ListItem\",\"position\":3,\"name\":\"Notre engagement \u2013 L\u2019honn\u00eatet\u00e9\"}]},{\"@type\":\"WebSite\",\"@id\":\"https:\\\/\\\/www.natsu.eu\\\/de\\\/#website\",\"url\":\"https:\\\/\\\/www.natsu.eu\\\/de\\\/\",\"name\":\"natsu Foods\",\"description\":\"\",\"potentialAction\":[{\"@type\":\"SearchAction\",\"target\":{\"@type\":\"EntryPoint\",\"urlTemplate\":\"https:\\\/\\\/www.natsu.eu\\\/de\\\/?s={search_term_string}\"},\"query-input\":{\"@type\":\"PropertyValueSpecification\",\"valueRequired\":true,\"valueName\":\"search_term_string\"}}],\"inLanguage\":\"fr-FR\"}]}<\/script>\n<!-- \/ Yoast SEO plugin. -->","yoast_head_json":{"title":"Notre engagement \u2013 L\u2019honn\u00eatet\u00e9 - natsu Foods","robots":{"index":"index","follow":"follow","max-snippet":"max-snippet:-1","max-image-preview":"max-image-preview:large","max-video-preview":"max-video-preview:-1"},"canonical":"https:\/\/www.natsu.eu\/fr\/valeurs\/notre-engagement-lhonnetete\/","og_locale":"fr_FR","og_type":"article","og_title":"Notre engagement \u2013 L\u2019honn\u00eatet\u00e9 - natsu Foods","og_description":"Avant de nous couvrir d\u2019excessives louanges, nous voudrions mettre quelque chose au clair: oui, nous aussi, nous lisons notre journal en prenant notre caf\u00e9 le matin, regardons les grands titres de la presse en ligne avant de commencer notre journ\u00e9e. Et oui, nous aussi, nous sommes au courant des d\u00e9bats dans les m\u00e9dias sur les &hellip; Continue reading \"Notre engagement \u2013 L\u2019honn\u00eatet\u00e9\"","og_url":"https:\/\/www.natsu.eu\/fr\/valeurs\/notre-engagement-lhonnetete\/","og_site_name":"natsu Foods","article_modified_time":"2018-03-23T11:50:32+00:00","og_image":[{"width":966,"height":300,"url":"https:\/\/www.natsu.eu\/wp-content\/uploads\/2017\/09\/Na11D01_contents_header_02.jpg","type":"image\/jpeg"}],"twitter_card":"summary_large_image","twitter_misc":{"Dur\u00e9e de lecture estim\u00e9e":"1 minute"},"schema":{"@context":"https:\/\/schema.org","@graph":[{"@type":"WebPage","@id":"https:\/\/www.natsu.eu\/fr\/valeurs\/notre-engagement-lhonnetete\/","url":"https:\/\/www.natsu.eu\/fr\/valeurs\/notre-engagement-lhonnetete\/","name":"Notre engagement \u2013 L\u2019honn\u00eatet\u00e9 - natsu Foods","isPartOf":{"@id":"https:\/\/www.natsu.eu\/de\/#website"},"primaryImageOfPage":{"@id":"https:\/\/www.natsu.eu\/fr\/valeurs\/notre-engagement-lhonnetete\/#primaryimage"},"image":{"@id":"https:\/\/www.natsu.eu\/fr\/valeurs\/notre-engagement-lhonnetete\/#primaryimage"},"thumbnailUrl":"https:\/\/www.natsu.eu\/wp-content\/uploads\/2017\/09\/Na11D01_contents_header_02.jpg","datePublished":"2017-09-29T09:38:15+00:00","dateModified":"2018-03-23T11:50:32+00:00","breadcrumb":{"@id":"https:\/\/www.natsu.eu\/fr\/valeurs\/notre-engagement-lhonnetete\/#breadcrumb"},"inLanguage":"fr-FR","potentialAction":[{"@type":"ReadAction","target":["https:\/\/www.natsu.eu\/fr\/valeurs\/notre-engagement-lhonnetete\/"]}]},{"@type":"ImageObject","inLanguage":"fr-FR","@id":"https:\/\/www.natsu.eu\/fr\/valeurs\/notre-engagement-lhonnetete\/#primaryimage","url":"https:\/\/www.natsu.eu\/wp-content\/uploads\/2017\/09\/Na11D01_contents_header_02.jpg","contentUrl":"https:\/\/www.natsu.eu\/wp-content\/uploads\/2017\/09\/Na11D01_contents_header_02.jpg","width":966,"height":300},{"@type":"BreadcrumbList","@id":"https:\/\/www.natsu.eu\/fr\/valeurs\/notre-engagement-lhonnetete\/#breadcrumb","itemListElement":[{"@type":"ListItem","position":1,"name":"Home","item":"https:\/\/www.natsu.eu\/fr\/"},{"@type":"ListItem","position":2,"name":"Valeurs","item":"https:\/\/www.natsu.eu\/fr\/valeurs\/"},{"@type":"ListItem","position":3,"name":"Notre engagement \u2013 L\u2019honn\u00eatet\u00e9"}]},{"@type":"WebSite","@id":"https:\/\/www.natsu.eu\/de\/#website","url":"https:\/\/www.natsu.eu\/de\/","name":"natsu Foods","description":"","potentialAction":[{"@type":"SearchAction","target":{"@type":"EntryPoint","urlTemplate":"https:\/\/www.natsu.eu\/de\/?s={search_term_string}"},"query-input":{"@type":"PropertyValueSpecification","valueRequired":true,"valueName":"search_term_string"}}],"inLanguage":"fr-FR"}]}},"_links":{"self":[{"href":"https:\/\/www.natsu.eu\/fr\/wp-json\/wp\/v2\/pages\/307372","targetHints":{"allow":["GET"]}}],"collection":[{"href":"https:\/\/www.natsu.eu\/fr\/wp-json\/wp\/v2\/pages"}],"about":[{"href":"https:\/\/www.natsu.eu\/fr\/wp-json\/wp\/v2\/types\/page"}],"author":[{"embeddable":true,"href":"https:\/\/www.natsu.eu\/fr\/wp-json\/wp\/v2\/users\/1"}],"replies":[{"embeddable":true,"href":"https:\/\/www.natsu.eu\/fr\/wp-json\/wp\/v2\/comments?post=307372"}],"version-history":[{"count":3,"href":"https:\/\/www.natsu.eu\/fr\/wp-json\/wp\/v2\/pages\/307372\/revisions"}],"predecessor-version":[{"id":1356774,"href":"https:\/\/www.natsu.eu\/fr\/wp-json\/wp\/v2\/pages\/307372\/revisions\/1356774"}],"up":[{"embeddable":true,"href":"https:\/\/www.natsu.eu\/fr\/wp-json\/wp\/v2\/pages\/307376"}],"wp:featuredmedia":[{"embeddable":true,"href":"https:\/\/www.natsu.eu\/fr\/wp-json\/wp\/v2\/media\/308413"}],"wp:attachment":[{"href":"https:\/\/www.natsu.eu\/fr\/wp-json\/wp\/v2\/media?parent=307372"}],"curies":[{"name":"wp","href":"https:\/\/api.w.org\/{rel}","templated":true}]}}