{"id":307370,"date":"2017-09-29T09:35:49","date_gmt":"2017-09-29T09:35:49","guid":{"rendered":"http:\/\/natsu-test.lvps83-169-38-250.dedicated.hosteurope.de\/?page_id=307370\/"},"modified":"2018-08-09T09:06:14","modified_gmt":"2018-08-09T08:06:14","slug":"imperatif-logistique-rapide","status":"publish","type":"page","link":"https:\/\/www.natsu.eu\/fr\/valeurs\/imperatif-logistique-rapide\/","title":{"rendered":"Rapidit\u00e9 logistique"},"content":{"rendered":"<h4>Un long chemin: du v\u00e9hicule d\u2019occasion \u00e0 une flotte de v\u00e9hicules frigorifiques.<\/h4>\n<p>Comme on dit, qui ne tente rien n\u2019a rien. Nous avons commenc\u00e9 petit. Au d\u00e9but de Natsu, nous avions investi notre maigre capital dans un v\u00e9hicule de livraison d\u2019occasion non frigorifique et nous livrions nos commandes de sushi dans des glaci\u00e8res remplies de glace. Aujourd\u2019hui, nous disposons d\u2019une flotte de 110 v\u00e9hicules frigorifiques \u00e9quip\u00e9s d\u2019un contr\u00f4le automatique constant de la temp\u00e9rature.<\/p>\n<p>Notre imp\u00e9ratif absolu: la qualit\u00e9!<\/p>\n<p>La qualit\u00e9 est notre imp\u00e9ratif absolu. Nous produisons 7 jours par semaine, et nous n\u2019entreposons pas notre marchandise.<\/p>\n<h4>La qualit\u00e9 pr\u00e8s de chez vous: un jour sur deux dans votre supermarch\u00e9.<\/h4>\n<p>Nous approvisionnons actuellement la plupart des grosses cha\u00eenes de supermarch\u00e9s en Europe avec nos barquettes de sushi. Nous restons pourtant une petite entreprise qui vous propose des solutions compl\u00e8tes: achats, production, assurance-qualit\u00e9, distribution, livraison et m\u00eame rechargement des rayons. Oui oui, exactement: nos chauffeurs-livreurs en font une affaire personnelle. On ne peut pas attendre du g\u00e9rant de votre supermarch\u00e9 qu\u2019il s\u2019en charge. Compte tenu des milliers de produits qu\u2019il a en magasin, ce serait trop en demander. De cette mani\u00e8re, cette \u00ab surveillance Natsu \u00bb nous permet d\u2019\u00eatre s\u00fbrs que seuls des produits vraiment bons vous parviennent. Vous rencontrerez peut-\u00eatre un jour un de nos chauffeurs-livreurs en train de r\u00e9approvisionner en personne les rayons frais de votre supermarch\u00e9. Dans ce cas, dites-lui bonjour, ca lui fera s\u00fbrement plaisir.<\/p>\n","protected":false},"excerpt":{"rendered":"<p>Un long chemin: du v\u00e9hicule d\u2019occasion \u00e0 une flotte de v\u00e9hicules frigorifiques. Comme on dit, qui ne tente rien n\u2019a rien. Nous avons commenc\u00e9 petit. Au d\u00e9but de Natsu, nous avions investi notre maigre capital dans un v\u00e9hicule de livraison d\u2019occasion non frigorifique et nous livrions nos commandes de sushi dans des glaci\u00e8res remplies de &hellip; <\/p>\n<p class=\"link-more\"><a href=\"https:\/\/www.natsu.eu\/fr\/valeurs\/imperatif-logistique-rapide\/\" class=\"more-link\">Continue reading<span class=\"screen-reader-text\"> \u00ab\u00a0Rapidit\u00e9 logistique\u00a0\u00bb<\/span><\/a><\/p>\n","protected":false},"author":1,"featured_media":308396,"parent":307376,"menu_order":2,"comment_status":"closed","ping_status":"closed","template":"page-values-sub-page.php","meta":{"_acf_changed":false,"footnotes":""},"class_list":["post-307370","page","type-page","status-publish","has-post-thumbnail","hentry"],"acf":[],"yoast_head":"<!-- This site is optimized with the Yoast SEO plugin v27.3 - https:\/\/yoast.com\/product\/yoast-seo-wordpress\/ -->\n<title>Rapidit\u00e9 logistique - natsu Foods<\/title>\n<meta name=\"robots\" content=\"index, follow, max-snippet:-1, max-image-preview:large, max-video-preview:-1\" \/>\n<link rel=\"canonical\" href=\"https:\/\/www.natsu.eu\/fr\/valeurs\/imperatif-logistique-rapide\/\" \/>\n<meta property=\"og:locale\" content=\"fr_FR\" \/>\n<meta property=\"og:type\" content=\"article\" \/>\n<meta property=\"og:title\" content=\"Rapidit\u00e9 logistique - natsu Foods\" \/>\n<meta property=\"og:description\" content=\"Un long chemin: du v\u00e9hicule d\u2019occasion \u00e0 une flotte de v\u00e9hicules frigorifiques. Comme on dit, qui ne tente rien n\u2019a rien. Nous avons commenc\u00e9 petit. Au d\u00e9but de Natsu, nous avions investi notre maigre capital dans un v\u00e9hicule de livraison d\u2019occasion non frigorifique et nous livrions nos commandes de sushi dans des glaci\u00e8res remplies de &hellip; Continue reading &quot;Rapidit\u00e9 logistique&quot;\" \/>\n<meta property=\"og:url\" content=\"https:\/\/www.natsu.eu\/fr\/valeurs\/imperatif-logistique-rapide\/\" \/>\n<meta property=\"og:site_name\" content=\"natsu Foods\" \/>\n<meta property=\"article:modified_time\" content=\"2018-08-09T08:06:14+00:00\" \/>\n<meta property=\"og:image\" content=\"https:\/\/www.natsu.eu\/wp-content\/uploads\/2017\/09\/Na11D01_contents_header_frische_01.jpg\" \/>\n\t<meta property=\"og:image:width\" content=\"966\" \/>\n\t<meta property=\"og:image:height\" content=\"300\" \/>\n\t<meta property=\"og:image:type\" content=\"image\/jpeg\" \/>\n<meta name=\"twitter:card\" content=\"summary_large_image\" \/>\n<meta name=\"twitter:label1\" content=\"Dur\u00e9e de lecture estim\u00e9e\" \/>\n\t<meta name=\"twitter:data1\" content=\"1 minute\" \/>\n<script type=\"application\/ld+json\" class=\"yoast-schema-graph\">{\"@context\":\"https:\\\/\\\/schema.org\",\"@graph\":[{\"@type\":\"WebPage\",\"@id\":\"https:\\\/\\\/www.natsu.eu\\\/fr\\\/valeurs\\\/imperatif-logistique-rapide\\\/\",\"url\":\"https:\\\/\\\/www.natsu.eu\\\/fr\\\/valeurs\\\/imperatif-logistique-rapide\\\/\",\"name\":\"Rapidit\u00e9 logistique - natsu Foods\",\"isPartOf\":{\"@id\":\"https:\\\/\\\/www.natsu.eu\\\/de\\\/#website\"},\"primaryImageOfPage\":{\"@id\":\"https:\\\/\\\/www.natsu.eu\\\/fr\\\/valeurs\\\/imperatif-logistique-rapide\\\/#primaryimage\"},\"image\":{\"@id\":\"https:\\\/\\\/www.natsu.eu\\\/fr\\\/valeurs\\\/imperatif-logistique-rapide\\\/#primaryimage\"},\"thumbnailUrl\":\"https:\\\/\\\/www.natsu.eu\\\/wp-content\\\/uploads\\\/2017\\\/09\\\/Na11D01_contents_header_frische_01.jpg\",\"datePublished\":\"2017-09-29T09:35:49+00:00\",\"dateModified\":\"2018-08-09T08:06:14+00:00\",\"breadcrumb\":{\"@id\":\"https:\\\/\\\/www.natsu.eu\\\/fr\\\/valeurs\\\/imperatif-logistique-rapide\\\/#breadcrumb\"},\"inLanguage\":\"fr-FR\",\"potentialAction\":[{\"@type\":\"ReadAction\",\"target\":[\"https:\\\/\\\/www.natsu.eu\\\/fr\\\/valeurs\\\/imperatif-logistique-rapide\\\/\"]}]},{\"@type\":\"ImageObject\",\"inLanguage\":\"fr-FR\",\"@id\":\"https:\\\/\\\/www.natsu.eu\\\/fr\\\/valeurs\\\/imperatif-logistique-rapide\\\/#primaryimage\",\"url\":\"https:\\\/\\\/www.natsu.eu\\\/wp-content\\\/uploads\\\/2017\\\/09\\\/Na11D01_contents_header_frische_01.jpg\",\"contentUrl\":\"https:\\\/\\\/www.natsu.eu\\\/wp-content\\\/uploads\\\/2017\\\/09\\\/Na11D01_contents_header_frische_01.jpg\",\"width\":966,\"height\":300},{\"@type\":\"BreadcrumbList\",\"@id\":\"https:\\\/\\\/www.natsu.eu\\\/fr\\\/valeurs\\\/imperatif-logistique-rapide\\\/#breadcrumb\",\"itemListElement\":[{\"@type\":\"ListItem\",\"position\":1,\"name\":\"Home\",\"item\":\"https:\\\/\\\/www.natsu.eu\\\/fr\\\/\"},{\"@type\":\"ListItem\",\"position\":2,\"name\":\"Valeurs\",\"item\":\"https:\\\/\\\/www.natsu.eu\\\/fr\\\/valeurs\\\/\"},{\"@type\":\"ListItem\",\"position\":3,\"name\":\"Rapidit\u00e9 logistique\"}]},{\"@type\":\"WebSite\",\"@id\":\"https:\\\/\\\/www.natsu.eu\\\/de\\\/#website\",\"url\":\"https:\\\/\\\/www.natsu.eu\\\/de\\\/\",\"name\":\"natsu Foods\",\"description\":\"\",\"potentialAction\":[{\"@type\":\"SearchAction\",\"target\":{\"@type\":\"EntryPoint\",\"urlTemplate\":\"https:\\\/\\\/www.natsu.eu\\\/de\\\/?s={search_term_string}\"},\"query-input\":{\"@type\":\"PropertyValueSpecification\",\"valueRequired\":true,\"valueName\":\"search_term_string\"}}],\"inLanguage\":\"fr-FR\"}]}<\/script>\n<!-- \/ Yoast SEO plugin. -->","yoast_head_json":{"title":"Rapidit\u00e9 logistique - natsu Foods","robots":{"index":"index","follow":"follow","max-snippet":"max-snippet:-1","max-image-preview":"max-image-preview:large","max-video-preview":"max-video-preview:-1"},"canonical":"https:\/\/www.natsu.eu\/fr\/valeurs\/imperatif-logistique-rapide\/","og_locale":"fr_FR","og_type":"article","og_title":"Rapidit\u00e9 logistique - natsu Foods","og_description":"Un long chemin: du v\u00e9hicule d\u2019occasion \u00e0 une flotte de v\u00e9hicules frigorifiques. Comme on dit, qui ne tente rien n\u2019a rien. Nous avons commenc\u00e9 petit. Au d\u00e9but de Natsu, nous avions investi notre maigre capital dans un v\u00e9hicule de livraison d\u2019occasion non frigorifique et nous livrions nos commandes de sushi dans des glaci\u00e8res remplies de &hellip; Continue reading \"Rapidit\u00e9 logistique\"","og_url":"https:\/\/www.natsu.eu\/fr\/valeurs\/imperatif-logistique-rapide\/","og_site_name":"natsu Foods","article_modified_time":"2018-08-09T08:06:14+00:00","og_image":[{"width":966,"height":300,"url":"https:\/\/www.natsu.eu\/wp-content\/uploads\/2017\/09\/Na11D01_contents_header_frische_01.jpg","type":"image\/jpeg"}],"twitter_card":"summary_large_image","twitter_misc":{"Dur\u00e9e de lecture estim\u00e9e":"1 minute"},"schema":{"@context":"https:\/\/schema.org","@graph":[{"@type":"WebPage","@id":"https:\/\/www.natsu.eu\/fr\/valeurs\/imperatif-logistique-rapide\/","url":"https:\/\/www.natsu.eu\/fr\/valeurs\/imperatif-logistique-rapide\/","name":"Rapidit\u00e9 logistique - natsu Foods","isPartOf":{"@id":"https:\/\/www.natsu.eu\/de\/#website"},"primaryImageOfPage":{"@id":"https:\/\/www.natsu.eu\/fr\/valeurs\/imperatif-logistique-rapide\/#primaryimage"},"image":{"@id":"https:\/\/www.natsu.eu\/fr\/valeurs\/imperatif-logistique-rapide\/#primaryimage"},"thumbnailUrl":"https:\/\/www.natsu.eu\/wp-content\/uploads\/2017\/09\/Na11D01_contents_header_frische_01.jpg","datePublished":"2017-09-29T09:35:49+00:00","dateModified":"2018-08-09T08:06:14+00:00","breadcrumb":{"@id":"https:\/\/www.natsu.eu\/fr\/valeurs\/imperatif-logistique-rapide\/#breadcrumb"},"inLanguage":"fr-FR","potentialAction":[{"@type":"ReadAction","target":["https:\/\/www.natsu.eu\/fr\/valeurs\/imperatif-logistique-rapide\/"]}]},{"@type":"ImageObject","inLanguage":"fr-FR","@id":"https:\/\/www.natsu.eu\/fr\/valeurs\/imperatif-logistique-rapide\/#primaryimage","url":"https:\/\/www.natsu.eu\/wp-content\/uploads\/2017\/09\/Na11D01_contents_header_frische_01.jpg","contentUrl":"https:\/\/www.natsu.eu\/wp-content\/uploads\/2017\/09\/Na11D01_contents_header_frische_01.jpg","width":966,"height":300},{"@type":"BreadcrumbList","@id":"https:\/\/www.natsu.eu\/fr\/valeurs\/imperatif-logistique-rapide\/#breadcrumb","itemListElement":[{"@type":"ListItem","position":1,"name":"Home","item":"https:\/\/www.natsu.eu\/fr\/"},{"@type":"ListItem","position":2,"name":"Valeurs","item":"https:\/\/www.natsu.eu\/fr\/valeurs\/"},{"@type":"ListItem","position":3,"name":"Rapidit\u00e9 logistique"}]},{"@type":"WebSite","@id":"https:\/\/www.natsu.eu\/de\/#website","url":"https:\/\/www.natsu.eu\/de\/","name":"natsu Foods","description":"","potentialAction":[{"@type":"SearchAction","target":{"@type":"EntryPoint","urlTemplate":"https:\/\/www.natsu.eu\/de\/?s={search_term_string}"},"query-input":{"@type":"PropertyValueSpecification","valueRequired":true,"valueName":"search_term_string"}}],"inLanguage":"fr-FR"}]}},"_links":{"self":[{"href":"https:\/\/www.natsu.eu\/fr\/wp-json\/wp\/v2\/pages\/307370","targetHints":{"allow":["GET"]}}],"collection":[{"href":"https:\/\/www.natsu.eu\/fr\/wp-json\/wp\/v2\/pages"}],"about":[{"href":"https:\/\/www.natsu.eu\/fr\/wp-json\/wp\/v2\/types\/page"}],"author":[{"embeddable":true,"href":"https:\/\/www.natsu.eu\/fr\/wp-json\/wp\/v2\/users\/1"}],"replies":[{"embeddable":true,"href":"https:\/\/www.natsu.eu\/fr\/wp-json\/wp\/v2\/comments?post=307370"}],"version-history":[{"count":3,"href":"https:\/\/www.natsu.eu\/fr\/wp-json\/wp\/v2\/pages\/307370\/revisions"}],"predecessor-version":[{"id":5984868,"href":"https:\/\/www.natsu.eu\/fr\/wp-json\/wp\/v2\/pages\/307370\/revisions\/5984868"}],"up":[{"embeddable":true,"href":"https:\/\/www.natsu.eu\/fr\/wp-json\/wp\/v2\/pages\/307376"}],"wp:featuredmedia":[{"embeddable":true,"href":"https:\/\/www.natsu.eu\/fr\/wp-json\/wp\/v2\/media\/308396"}],"wp:attachment":[{"href":"https:\/\/www.natsu.eu\/fr\/wp-json\/wp\/v2\/media?parent=307370"}],"curies":[{"name":"wp","href":"https:\/\/api.w.org\/{rel}","templated":true}]}}