{"id":307368,"date":"2017-09-29T09:35:24","date_gmt":"2017-09-29T08:35:24","guid":{"rendered":"http:\/\/natsu-test.lvps83-169-38-250.dedicated.hosteurope.de\/?page_id=307368\/"},"modified":"2018-04-04T11:18:52","modified_gmt":"2018-04-04T10:18:52","slug":"nos-sushi-frais","status":"publish","type":"page","link":"https:\/\/www.natsu.eu\/fr\/valeurs\/nos-sushi-frais\/","title":{"rendered":"Notre assortiment"},"content":{"rendered":"<p>&nbsp;<\/p>\n<h4>Variation d\u00e9lectat. (Vari\u00e9t\u00e9 pla\u00eet.) Nos produits Natsu.<\/h4>\n<p>Bien s\u00fbr, nous ne mangeons pas seulement des sushis. Serait ennuyeux aussi. Par cons\u00e9quent, nous avons \u00e9largi notre gamme au cours des derni\u00e8res ann\u00e9es et offrons chez Natsu aujourd&rsquo;hui aussi des soupes fra\u00eeches, des salades savoureuses, ainsi que de d\u00e9licieux sandwiches et wraps.<\/p>\n<h4>Classe au lieu de masse: True Sushi-Love.<\/h4>\n<p>Natsu utilise des machines \u00e0 sushi ultramodernes, o\u00f9 nous produisons plus d&rsquo;un demi-million de sushis chaque semaine. Cela semble beaucoup. C&rsquo;est beaucoup! Est aussi beaucoup. Mais cela ne signifie pas que nous ignorons les traditions japonaises. Quand nous avons commenc\u00e9 avec Natsu, nous avons d\u00e9velopp\u00e9 les recettes avec un ma\u00eetre sushi asiatique sympathique, qui a eu des ann\u00e9es de savoir-faire de sushi gr\u00e2ce \u00e0 son exp\u00e9rience professionnelle. Sans lui nous aurions probablement \u00e9t\u00e9 perdus. Avec ses connaissances dans les bagages, nous avons continuellement d\u00e9velopp\u00e9 nos sushis Natsu ces derni\u00e8res ann\u00e9es. Parce que, comme dit le proverbe, la stagnation est un pas en arri\u00e8re. Aujourd&rsquo;hui, nos cr\u00e9ations de sushis Natsu sont bas\u00e9es sur des recettes traditionnelles qui, associ\u00e9es \u00e0 des composants cr\u00e9atifs et innovants et \u00e0 des influences europ\u00e9ennes, offrent une exp\u00e9rience de sushi moderne et contemporaine.<\/p>\n<p>En conclusion, notre sushi n&rsquo;a pas seulement bon go\u00fbt, il est aussi sain, parce que les sushis contiennent presque la m\u00eame valeur nutritionnelle que les autres aliments, mais significativement moins de mati\u00e8res grasses. Ne vous inqui\u00e9tez pas, vous serait certainement rassasi\u00e9. Le riz fait augmenter le niveau de sucre dans le sang plus lentement pendant la digestion. Cela garde la sensation de sati\u00e9t\u00e9 plus longtemps.<\/p>\n<p><strong>Si vous voulez vous convaincre<\/strong>: D\u00e9couvrez ici notre gamme fra\u00eeche de Natsu Sushi, o\u00f9 vous pouvez \u00e9galement vous informer de la valeur nutritionnelle de nos produits.<\/p>\n","protected":false},"excerpt":{"rendered":"<p>&nbsp; Variation d\u00e9lectat. (Vari\u00e9t\u00e9 pla\u00eet.) Nos produits Natsu. Bien s\u00fbr, nous ne mangeons pas seulement des sushis. Serait ennuyeux aussi. Par cons\u00e9quent, nous avons \u00e9largi notre gamme au cours des derni\u00e8res ann\u00e9es et offrons chez Natsu aujourd&rsquo;hui aussi des soupes fra\u00eeches, des salades savoureuses, ainsi que de d\u00e9licieux sandwiches et wraps. Classe au lieu de &hellip; <\/p>\n<p class=\"link-more\"><a href=\"https:\/\/www.natsu.eu\/fr\/valeurs\/nos-sushi-frais\/\" class=\"more-link\">Continue reading<span class=\"screen-reader-text\"> \u00ab\u00a0Notre assortiment\u00a0\u00bb<\/span><\/a><\/p>\n","protected":false},"author":1,"featured_media":308391,"parent":307376,"menu_order":6,"comment_status":"closed","ping_status":"closed","template":"page-values-sub-page.php","meta":{"_acf_changed":false,"footnotes":""},"class_list":["post-307368","page","type-page","status-publish","has-post-thumbnail","hentry"],"acf":[],"yoast_head":"<!-- This site is optimized with the Yoast SEO plugin v27.3 - https:\/\/yoast.com\/product\/yoast-seo-wordpress\/ -->\n<title>Notre assortiment - natsu Foods<\/title>\n<meta name=\"robots\" content=\"index, follow, max-snippet:-1, max-image-preview:large, max-video-preview:-1\" \/>\n<link rel=\"canonical\" href=\"https:\/\/www.natsu.eu\/de\/werte\/unser-frisches-sushi\/\" \/>\n<meta property=\"og:locale\" content=\"fr_FR\" \/>\n<meta property=\"og:type\" content=\"article\" \/>\n<meta property=\"og:title\" content=\"Notre assortiment - natsu Foods\" \/>\n<meta property=\"og:description\" content=\"&nbsp; Variation d\u00e9lectat. (Vari\u00e9t\u00e9 pla\u00eet.) Nos produits Natsu. Bien s\u00fbr, nous ne mangeons pas seulement des sushis. Serait ennuyeux aussi. Par cons\u00e9quent, nous avons \u00e9largi notre gamme au cours des derni\u00e8res ann\u00e9es et offrons chez Natsu aujourd&rsquo;hui aussi des soupes fra\u00eeches, des salades savoureuses, ainsi que de d\u00e9licieux sandwiches et wraps. Classe au lieu de &hellip; Continue reading &quot;Notre assortiment&quot;\" \/>\n<meta property=\"og:url\" content=\"https:\/\/www.natsu.eu\/de\/werte\/unser-frisches-sushi\/\" \/>\n<meta property=\"og:site_name\" content=\"natsu Foods\" \/>\n<meta property=\"article:modified_time\" content=\"2018-04-04T10:18:52+00:00\" \/>\n<meta property=\"og:image\" content=\"https:\/\/www.natsu.eu\/wp-content\/uploads\/2017\/08\/Na11D01_contents_header_sushi_01.jpg\" \/>\n\t<meta property=\"og:image:width\" content=\"966\" \/>\n\t<meta property=\"og:image:height\" content=\"300\" \/>\n\t<meta property=\"og:image:type\" content=\"image\/jpeg\" \/>\n<meta name=\"twitter:card\" content=\"summary_large_image\" \/>\n<meta name=\"twitter:label1\" content=\"Dur\u00e9e de lecture estim\u00e9e\" \/>\n\t<meta name=\"twitter:data1\" content=\"2 minutes\" \/>\n<script type=\"application\/ld+json\" class=\"yoast-schema-graph\">{\"@context\":\"https:\\\/\\\/schema.org\",\"@graph\":[{\"@type\":\"WebPage\",\"@id\":\"https:\\\/\\\/www.natsu.eu\\\/de\\\/werte\\\/unser-frisches-sushi\\\/\",\"url\":\"https:\\\/\\\/www.natsu.eu\\\/de\\\/werte\\\/unser-frisches-sushi\\\/\",\"name\":\"Notre assortiment - natsu Foods\",\"isPartOf\":{\"@id\":\"https:\\\/\\\/www.natsu.eu\\\/de\\\/#website\"},\"primaryImageOfPage\":{\"@id\":\"https:\\\/\\\/www.natsu.eu\\\/de\\\/werte\\\/unser-frisches-sushi\\\/#primaryimage\"},\"image\":{\"@id\":\"https:\\\/\\\/www.natsu.eu\\\/de\\\/werte\\\/unser-frisches-sushi\\\/#primaryimage\"},\"thumbnailUrl\":\"https:\\\/\\\/www.natsu.eu\\\/wp-content\\\/uploads\\\/2017\\\/08\\\/Na11D01_contents_header_sushi_01.jpg\",\"datePublished\":\"2017-09-29T08:35:24+00:00\",\"dateModified\":\"2018-04-04T10:18:52+00:00\",\"breadcrumb\":{\"@id\":\"https:\\\/\\\/www.natsu.eu\\\/de\\\/werte\\\/unser-frisches-sushi\\\/#breadcrumb\"},\"inLanguage\":\"fr-FR\",\"potentialAction\":[{\"@type\":\"ReadAction\",\"target\":[\"https:\\\/\\\/www.natsu.eu\\\/de\\\/werte\\\/unser-frisches-sushi\\\/\"]}]},{\"@type\":\"ImageObject\",\"inLanguage\":\"fr-FR\",\"@id\":\"https:\\\/\\\/www.natsu.eu\\\/de\\\/werte\\\/unser-frisches-sushi\\\/#primaryimage\",\"url\":\"https:\\\/\\\/www.natsu.eu\\\/wp-content\\\/uploads\\\/2017\\\/08\\\/Na11D01_contents_header_sushi_01.jpg\",\"contentUrl\":\"https:\\\/\\\/www.natsu.eu\\\/wp-content\\\/uploads\\\/2017\\\/08\\\/Na11D01_contents_header_sushi_01.jpg\",\"width\":966,\"height\":300,\"caption\":\"Natsu frisches raffiniertes Sushi\"},{\"@type\":\"BreadcrumbList\",\"@id\":\"https:\\\/\\\/www.natsu.eu\\\/de\\\/werte\\\/unser-frisches-sushi\\\/#breadcrumb\",\"itemListElement\":[{\"@type\":\"ListItem\",\"position\":1,\"name\":\"Home\",\"item\":\"https:\\\/\\\/www.natsu.eu\\\/fr\\\/\"},{\"@type\":\"ListItem\",\"position\":2,\"name\":\"Valeurs\",\"item\":\"https:\\\/\\\/www.natsu.eu\\\/fr\\\/valeurs\\\/\"},{\"@type\":\"ListItem\",\"position\":3,\"name\":\"Notre assortiment\"}]},{\"@type\":\"WebSite\",\"@id\":\"https:\\\/\\\/www.natsu.eu\\\/de\\\/#website\",\"url\":\"https:\\\/\\\/www.natsu.eu\\\/de\\\/\",\"name\":\"natsu Foods\",\"description\":\"\",\"potentialAction\":[{\"@type\":\"SearchAction\",\"target\":{\"@type\":\"EntryPoint\",\"urlTemplate\":\"https:\\\/\\\/www.natsu.eu\\\/de\\\/?s={search_term_string}\"},\"query-input\":{\"@type\":\"PropertyValueSpecification\",\"valueRequired\":true,\"valueName\":\"search_term_string\"}}],\"inLanguage\":\"fr-FR\"}]}<\/script>\n<!-- \/ Yoast SEO plugin. -->","yoast_head_json":{"title":"Notre assortiment - natsu Foods","robots":{"index":"index","follow":"follow","max-snippet":"max-snippet:-1","max-image-preview":"max-image-preview:large","max-video-preview":"max-video-preview:-1"},"canonical":"https:\/\/www.natsu.eu\/de\/werte\/unser-frisches-sushi\/","og_locale":"fr_FR","og_type":"article","og_title":"Notre assortiment - natsu Foods","og_description":"&nbsp; Variation d\u00e9lectat. (Vari\u00e9t\u00e9 pla\u00eet.) Nos produits Natsu. Bien s\u00fbr, nous ne mangeons pas seulement des sushis. Serait ennuyeux aussi. Par cons\u00e9quent, nous avons \u00e9largi notre gamme au cours des derni\u00e8res ann\u00e9es et offrons chez Natsu aujourd&rsquo;hui aussi des soupes fra\u00eeches, des salades savoureuses, ainsi que de d\u00e9licieux sandwiches et wraps. Classe au lieu de &hellip; Continue reading \"Notre assortiment\"","og_url":"https:\/\/www.natsu.eu\/de\/werte\/unser-frisches-sushi\/","og_site_name":"natsu Foods","article_modified_time":"2018-04-04T10:18:52+00:00","og_image":[{"width":966,"height":300,"url":"https:\/\/www.natsu.eu\/wp-content\/uploads\/2017\/08\/Na11D01_contents_header_sushi_01.jpg","type":"image\/jpeg"}],"twitter_card":"summary_large_image","twitter_misc":{"Dur\u00e9e de lecture estim\u00e9e":"2 minutes"},"schema":{"@context":"https:\/\/schema.org","@graph":[{"@type":"WebPage","@id":"https:\/\/www.natsu.eu\/de\/werte\/unser-frisches-sushi\/","url":"https:\/\/www.natsu.eu\/de\/werte\/unser-frisches-sushi\/","name":"Notre assortiment - natsu Foods","isPartOf":{"@id":"https:\/\/www.natsu.eu\/de\/#website"},"primaryImageOfPage":{"@id":"https:\/\/www.natsu.eu\/de\/werte\/unser-frisches-sushi\/#primaryimage"},"image":{"@id":"https:\/\/www.natsu.eu\/de\/werte\/unser-frisches-sushi\/#primaryimage"},"thumbnailUrl":"https:\/\/www.natsu.eu\/wp-content\/uploads\/2017\/08\/Na11D01_contents_header_sushi_01.jpg","datePublished":"2017-09-29T08:35:24+00:00","dateModified":"2018-04-04T10:18:52+00:00","breadcrumb":{"@id":"https:\/\/www.natsu.eu\/de\/werte\/unser-frisches-sushi\/#breadcrumb"},"inLanguage":"fr-FR","potentialAction":[{"@type":"ReadAction","target":["https:\/\/www.natsu.eu\/de\/werte\/unser-frisches-sushi\/"]}]},{"@type":"ImageObject","inLanguage":"fr-FR","@id":"https:\/\/www.natsu.eu\/de\/werte\/unser-frisches-sushi\/#primaryimage","url":"https:\/\/www.natsu.eu\/wp-content\/uploads\/2017\/08\/Na11D01_contents_header_sushi_01.jpg","contentUrl":"https:\/\/www.natsu.eu\/wp-content\/uploads\/2017\/08\/Na11D01_contents_header_sushi_01.jpg","width":966,"height":300,"caption":"Natsu frisches raffiniertes Sushi"},{"@type":"BreadcrumbList","@id":"https:\/\/www.natsu.eu\/de\/werte\/unser-frisches-sushi\/#breadcrumb","itemListElement":[{"@type":"ListItem","position":1,"name":"Home","item":"https:\/\/www.natsu.eu\/fr\/"},{"@type":"ListItem","position":2,"name":"Valeurs","item":"https:\/\/www.natsu.eu\/fr\/valeurs\/"},{"@type":"ListItem","position":3,"name":"Notre assortiment"}]},{"@type":"WebSite","@id":"https:\/\/www.natsu.eu\/de\/#website","url":"https:\/\/www.natsu.eu\/de\/","name":"natsu Foods","description":"","potentialAction":[{"@type":"SearchAction","target":{"@type":"EntryPoint","urlTemplate":"https:\/\/www.natsu.eu\/de\/?s={search_term_string}"},"query-input":{"@type":"PropertyValueSpecification","valueRequired":true,"valueName":"search_term_string"}}],"inLanguage":"fr-FR"}]}},"_links":{"self":[{"href":"https:\/\/www.natsu.eu\/fr\/wp-json\/wp\/v2\/pages\/307368","targetHints":{"allow":["GET"]}}],"collection":[{"href":"https:\/\/www.natsu.eu\/fr\/wp-json\/wp\/v2\/pages"}],"about":[{"href":"https:\/\/www.natsu.eu\/fr\/wp-json\/wp\/v2\/types\/page"}],"author":[{"embeddable":true,"href":"https:\/\/www.natsu.eu\/fr\/wp-json\/wp\/v2\/users\/1"}],"replies":[{"embeddable":true,"href":"https:\/\/www.natsu.eu\/fr\/wp-json\/wp\/v2\/comments?post=307368"}],"version-history":[{"count":3,"href":"https:\/\/www.natsu.eu\/fr\/wp-json\/wp\/v2\/pages\/307368\/revisions"}],"predecessor-version":[{"id":1514195,"href":"https:\/\/www.natsu.eu\/fr\/wp-json\/wp\/v2\/pages\/307368\/revisions\/1514195"}],"up":[{"embeddable":true,"href":"https:\/\/www.natsu.eu\/fr\/wp-json\/wp\/v2\/pages\/307376"}],"wp:featuredmedia":[{"embeddable":true,"href":"https:\/\/www.natsu.eu\/fr\/wp-json\/wp\/v2\/media\/308391"}],"wp:attachment":[{"href":"https:\/\/www.natsu.eu\/fr\/wp-json\/wp\/v2\/media?parent=307368"}],"curies":[{"name":"wp","href":"https:\/\/api.w.org\/{rel}","templated":true}]}}