{"id":6046248,"date":"2022-05-20T08:18:13","date_gmt":"2022-05-20T07:18:13","guid":{"rendered":"https:\/\/www.natsu.eu\/?page_id=6046248"},"modified":"2022-05-20T08:18:13","modified_gmt":"2022-05-20T07:18:13","slug":"unser-veganen-produkte","status":"publish","type":"page","link":"https:\/\/www.natsu.eu\/de\/werte\/unser-veganen-produkte\/","title":{"rendered":"unsere veganen Produkte"},"content":{"rendered":"<p>Der Anteil der veganen Produkte in unserem Sortiment ist in den letzten Jahren stetig gewachsen. Das freut uns sehr. Einige Mitglieder unserer Natsu-Familie ern\u00e4hren sich inzwischen ausschlie\u00dflich oder weitestgehend vegan und viele weitere haben ihren Konsum an tierischen Lebensmitteln bewusst reduziert.<\/p>\n<p>Dass das in der Praxis zwar immer besser klappt, aber noch nicht ganz einfach ist, wissen wir also. Deshalb m\u00f6chten wir auch unserer veganen Kundschaft eine m\u00f6glichst gro\u00dfe Auswahl zur Verf\u00fcgung stellen und sie bei dem leider noch teilweise schwierigen Finden von veganen Alternativen im Supermarkt unterst\u00fctzen.<\/p>\n<h3>Einfache Kennzeichnung statt langes Etikettenlesen<\/h3>\n<p>Vielleicht ist dir schon aufgefallen, dass unsere veganen Produkte durch das V-Label zertifiziert und somit leicht erkennbar sind. Durch regelm\u00e4\u00dfige Kontrollen und klare Vorgaben kannst du dir sicher sein, dass unsere Produkte den Anforderungen des Labels entsprechen und Qualit\u00e4t bei uns gro\u00dfgeschrieben wird.<\/p>\n<p>Bei unseren veganen Produkten kannst du also absolut darauf vertrauen, dass kein Tier mit dessen Produktion in Verbindung stand.<\/p>\n<p>F\u00fcr weitere Informationen, schau gerne direkt auf der<a href=\"https:\/\/www.v-label.eu\/de\/das-v-label\"> Homepage des V-Labels vorbei!<\/a><\/p>\n<h3>Wie das Ganze in der Praxis aussieht<\/h3>\n<p>In unseren Produktionsst\u00e4tten achten die Mitarbeiter genau darauf, die veganen Produkte separat herzustellen. Wo m\u00f6glich, sind die veganen Produkte die Ersten, die morgens hergestellt werden. Wo das nicht m\u00f6glich ist, findet eine gr\u00fcndliche Zwischenreinigung statt.<\/p>\n<p>Die Verwendung der bestm\u00f6glichen Zutaten spielt nat\u00fcrlich auch bei der Entwicklung unserer veganen Produkte eine gro\u00dfe Rolle.<a href=\"https:\/\/www.natsu.eu\/de\/werte\/unsere-zutaten-und-inhaltsstoffe\/\"> Wo immer es geht verwenden wir m\u00f6glichst wenig Zusatzstoffe und nur solche, die als nicht sch\u00e4dlich f\u00fcr den Menschen gelten.<\/a><a href=\"https:\/\/www.natsu.eu\/de\/werte\/unserer-produktion\/\"> Au\u00dferdem kaufen wir unsere Rohware so regional wie m\u00f6glich ein.\u00a0<\/a><\/p>\n<h3>Wenn du bis hierher gelesen hast und dich fragst, warum das Ganze\u2026<\/h3>\n<p>Eine vegane Ern\u00e4hrung kann unterschiedliche Vorteile mit sich bringen. Unter anderem kann der Verzicht auf Fleisch gewisse Gesundheitsrisiken wie beispielsweise Erkrankungen an Diabetes oder Darmkrebs senken. Au\u00dferdem bildet sie nat\u00fcrlich einen gro\u00dfen Bestandteil des Tierschutzes und <a href=\"https:\/\/www.natsu.eu\/werte\/nachhaltige-energie\/\">unterst\u00fctzt den Klimaschutz.<\/a> Deshalb wollen auch wir einen Beitrag zur veganen Produktvielfalt leisten.<\/p>\n<p>Die Umstellung der Ern\u00e4hrung f\u00e4llt jedem unterschiedlich leicht, daher gibt es bei uns sowohl vegane Produkte, die von sich aus vegan sind als auch andere, die dir mit Fleisch- oder Fischersatzprodukten den Umstieg erleichtern. Und bei allen unserer Produkte ist uns vor allem wichtig, dass sie dir schmecken. Ein Produkt, dass uns nicht schmeckt und \u00fcberzeugt bringen wir nicht raus, ob mit Fleisch, Fisch, vegetarisch oder vegan.<\/p>\n<p>Bei unseren Salaten gibt es viele Rezepturen, die nat\u00fcrlich vegan sind. Bei unseren <a href=\"https:\/\/www.natsu.eu\/produkte\/sandwiches\/\">Sandwiches<\/a> und <a href=\"https:\/\/www.natsu.eu\/produkte\/wraps\/\">Wraps<\/a> haben wir inzwischen eine Vielzahl von Sorten im Angebot, die mit einem leckeren H\u00e4hnchen-Ersatz belegt sind. <a href=\"https:\/\/www.natsu.eu\/produkte\/sushi\/produkt\/vegan-collection\/\">Unserer vegane Sushi Box \u201cVegan Sushi Collection\u201c<\/a> enth\u00e4lt neben veganen Nigiris in Lachs- und Thunfisch-Optik viele nat\u00fcrlich vegane Sushi-Teile. Probiere dich einfach durch und<a href=\"https:\/\/www.natsu.eu\/de\/kontakt\/\"> lass uns wissen wie es dir geschmeckt hat!\u00a0<\/a><\/p>\n","protected":false},"excerpt":{"rendered":"<p>Der Anteil der veganen Produkte in unserem Sortiment ist in den letzten Jahren stetig gewachsen. Das freut uns sehr. Einige Mitglieder unserer Natsu-Familie ern\u00e4hren sich inzwischen ausschlie\u00dflich oder weitestgehend vegan und viele weitere haben ihren Konsum an tierischen Lebensmitteln bewusst reduziert. Dass das in der Praxis zwar immer besser klappt, aber noch nicht ganz einfach &hellip; <\/p>\n<p class=\"link-more\"><a href=\"https:\/\/www.natsu.eu\/de\/werte\/unser-veganen-produkte\/\" class=\"more-link\">Continue reading<span class=\"screen-reader-text\"> &#8222;unsere veganen Produkte&#8220;<\/span><\/a><\/p>\n","protected":false},"author":6,"featured_media":6047114,"parent":307481,"menu_order":3,"comment_status":"closed","ping_status":"closed","template":"page-values-sub-page.php","meta":{"_acf_changed":false,"footnotes":""},"class_list":["post-6046248","page","type-page","status-publish","has-post-thumbnail","hentry"],"acf":[],"yoast_head":"<!-- This site is optimized with the Yoast SEO plugin v27.3 - https:\/\/yoast.com\/product\/yoast-seo-wordpress\/ -->\n<title>unsere veganen Produkte - natsu Foods<\/title>\n<meta name=\"robots\" content=\"index, follow, max-snippet:-1, max-image-preview:large, max-video-preview:-1\" \/>\n<link rel=\"canonical\" href=\"https:\/\/www.natsu.eu\/de\/werte\/unser-veganen-produkte\/\" \/>\n<meta property=\"og:locale\" content=\"de_DE\" \/>\n<meta property=\"og:type\" content=\"article\" \/>\n<meta property=\"og:title\" content=\"unsere veganen Produkte - natsu Foods\" \/>\n<meta property=\"og:description\" content=\"Der Anteil der veganen Produkte in unserem Sortiment ist in den letzten Jahren stetig gewachsen. Das freut uns sehr. Einige Mitglieder unserer Natsu-Familie ern\u00e4hren sich inzwischen ausschlie\u00dflich oder weitestgehend vegan und viele weitere haben ihren Konsum an tierischen Lebensmitteln bewusst reduziert. Dass das in der Praxis zwar immer besser klappt, aber noch nicht ganz einfach &hellip; Continue reading &quot;unsere veganen Produkte&quot;\" \/>\n<meta property=\"og:url\" content=\"https:\/\/www.natsu.eu\/de\/werte\/unser-veganen-produkte\/\" \/>\n<meta property=\"og:site_name\" content=\"natsu Foods\" \/>\n<meta property=\"og:image\" content=\"https:\/\/www.natsu.eu\/wp-content\/uploads\/2022\/04\/Natsu_VeganRange2022_1_966x300px-scaled.jpg\" \/>\n\t<meta property=\"og:image:width\" content=\"2560\" \/>\n\t<meta property=\"og:image:height\" content=\"1335\" \/>\n\t<meta property=\"og:image:type\" content=\"image\/jpeg\" \/>\n<meta name=\"twitter:card\" content=\"summary_large_image\" \/>\n<meta name=\"twitter:label1\" content=\"Gesch\u00e4tzte Lesezeit\" \/>\n\t<meta name=\"twitter:data1\" content=\"3\u00a0Minuten\" \/>\n<script type=\"application\/ld+json\" class=\"yoast-schema-graph\">{\"@context\":\"https:\\\/\\\/schema.org\",\"@graph\":[{\"@type\":\"WebPage\",\"@id\":\"https:\\\/\\\/www.natsu.eu\\\/de\\\/werte\\\/unser-veganen-produkte\\\/\",\"url\":\"https:\\\/\\\/www.natsu.eu\\\/de\\\/werte\\\/unser-veganen-produkte\\\/\",\"name\":\"unsere veganen Produkte - natsu Foods\",\"isPartOf\":{\"@id\":\"https:\\\/\\\/www.natsu.eu\\\/de\\\/#website\"},\"primaryImageOfPage\":{\"@id\":\"https:\\\/\\\/www.natsu.eu\\\/de\\\/werte\\\/unser-veganen-produkte\\\/#primaryimage\"},\"image\":{\"@id\":\"https:\\\/\\\/www.natsu.eu\\\/de\\\/werte\\\/unser-veganen-produkte\\\/#primaryimage\"},\"thumbnailUrl\":\"https:\\\/\\\/www.natsu.eu\\\/wp-content\\\/uploads\\\/2022\\\/04\\\/Natsu_VeganRange2022_1_966x300px-scaled.jpg\",\"datePublished\":\"2022-05-20T07:18:13+00:00\",\"breadcrumb\":{\"@id\":\"https:\\\/\\\/www.natsu.eu\\\/de\\\/werte\\\/unser-veganen-produkte\\\/#breadcrumb\"},\"inLanguage\":\"de\",\"potentialAction\":[{\"@type\":\"ReadAction\",\"target\":[\"https:\\\/\\\/www.natsu.eu\\\/de\\\/werte\\\/unser-veganen-produkte\\\/\"]}]},{\"@type\":\"ImageObject\",\"inLanguage\":\"de\",\"@id\":\"https:\\\/\\\/www.natsu.eu\\\/de\\\/werte\\\/unser-veganen-produkte\\\/#primaryimage\",\"url\":\"https:\\\/\\\/www.natsu.eu\\\/wp-content\\\/uploads\\\/2022\\\/04\\\/Natsu_VeganRange2022_1_966x300px-scaled.jpg\",\"contentUrl\":\"https:\\\/\\\/www.natsu.eu\\\/wp-content\\\/uploads\\\/2022\\\/04\\\/Natsu_VeganRange2022_1_966x300px-scaled.jpg\",\"width\":2560,\"height\":1335},{\"@type\":\"BreadcrumbList\",\"@id\":\"https:\\\/\\\/www.natsu.eu\\\/de\\\/werte\\\/unser-veganen-produkte\\\/#breadcrumb\",\"itemListElement\":[{\"@type\":\"ListItem\",\"position\":1,\"name\":\"Home\",\"item\":\"https:\\\/\\\/www.natsu.eu\\\/de\\\/\"},{\"@type\":\"ListItem\",\"position\":2,\"name\":\"Werte\",\"item\":\"https:\\\/\\\/www.natsu.eu\\\/de\\\/werte\\\/\"},{\"@type\":\"ListItem\",\"position\":3,\"name\":\"unsere veganen Produkte\"}]},{\"@type\":\"WebSite\",\"@id\":\"https:\\\/\\\/www.natsu.eu\\\/de\\\/#website\",\"url\":\"https:\\\/\\\/www.natsu.eu\\\/de\\\/\",\"name\":\"natsu Foods\",\"description\":\"\",\"potentialAction\":[{\"@type\":\"SearchAction\",\"target\":{\"@type\":\"EntryPoint\",\"urlTemplate\":\"https:\\\/\\\/www.natsu.eu\\\/de\\\/?s={search_term_string}\"},\"query-input\":{\"@type\":\"PropertyValueSpecification\",\"valueRequired\":true,\"valueName\":\"search_term_string\"}}],\"inLanguage\":\"de\"}]}<\/script>\n<!-- \/ Yoast SEO plugin. -->","yoast_head_json":{"title":"unsere veganen Produkte - natsu Foods","robots":{"index":"index","follow":"follow","max-snippet":"max-snippet:-1","max-image-preview":"max-image-preview:large","max-video-preview":"max-video-preview:-1"},"canonical":"https:\/\/www.natsu.eu\/de\/werte\/unser-veganen-produkte\/","og_locale":"de_DE","og_type":"article","og_title":"unsere veganen Produkte - natsu Foods","og_description":"Der Anteil der veganen Produkte in unserem Sortiment ist in den letzten Jahren stetig gewachsen. Das freut uns sehr. Einige Mitglieder unserer Natsu-Familie ern\u00e4hren sich inzwischen ausschlie\u00dflich oder weitestgehend vegan und viele weitere haben ihren Konsum an tierischen Lebensmitteln bewusst reduziert. Dass das in der Praxis zwar immer besser klappt, aber noch nicht ganz einfach &hellip; Continue reading \"unsere veganen Produkte\"","og_url":"https:\/\/www.natsu.eu\/de\/werte\/unser-veganen-produkte\/","og_site_name":"natsu Foods","og_image":[{"width":2560,"height":1335,"url":"https:\/\/www.natsu.eu\/wp-content\/uploads\/2022\/04\/Natsu_VeganRange2022_1_966x300px-scaled.jpg","type":"image\/jpeg"}],"twitter_card":"summary_large_image","twitter_misc":{"Gesch\u00e4tzte Lesezeit":"3\u00a0Minuten"},"schema":{"@context":"https:\/\/schema.org","@graph":[{"@type":"WebPage","@id":"https:\/\/www.natsu.eu\/de\/werte\/unser-veganen-produkte\/","url":"https:\/\/www.natsu.eu\/de\/werte\/unser-veganen-produkte\/","name":"unsere veganen Produkte - natsu Foods","isPartOf":{"@id":"https:\/\/www.natsu.eu\/de\/#website"},"primaryImageOfPage":{"@id":"https:\/\/www.natsu.eu\/de\/werte\/unser-veganen-produkte\/#primaryimage"},"image":{"@id":"https:\/\/www.natsu.eu\/de\/werte\/unser-veganen-produkte\/#primaryimage"},"thumbnailUrl":"https:\/\/www.natsu.eu\/wp-content\/uploads\/2022\/04\/Natsu_VeganRange2022_1_966x300px-scaled.jpg","datePublished":"2022-05-20T07:18:13+00:00","breadcrumb":{"@id":"https:\/\/www.natsu.eu\/de\/werte\/unser-veganen-produkte\/#breadcrumb"},"inLanguage":"de","potentialAction":[{"@type":"ReadAction","target":["https:\/\/www.natsu.eu\/de\/werte\/unser-veganen-produkte\/"]}]},{"@type":"ImageObject","inLanguage":"de","@id":"https:\/\/www.natsu.eu\/de\/werte\/unser-veganen-produkte\/#primaryimage","url":"https:\/\/www.natsu.eu\/wp-content\/uploads\/2022\/04\/Natsu_VeganRange2022_1_966x300px-scaled.jpg","contentUrl":"https:\/\/www.natsu.eu\/wp-content\/uploads\/2022\/04\/Natsu_VeganRange2022_1_966x300px-scaled.jpg","width":2560,"height":1335},{"@type":"BreadcrumbList","@id":"https:\/\/www.natsu.eu\/de\/werte\/unser-veganen-produkte\/#breadcrumb","itemListElement":[{"@type":"ListItem","position":1,"name":"Home","item":"https:\/\/www.natsu.eu\/de\/"},{"@type":"ListItem","position":2,"name":"Werte","item":"https:\/\/www.natsu.eu\/de\/werte\/"},{"@type":"ListItem","position":3,"name":"unsere veganen Produkte"}]},{"@type":"WebSite","@id":"https:\/\/www.natsu.eu\/de\/#website","url":"https:\/\/www.natsu.eu\/de\/","name":"natsu Foods","description":"","potentialAction":[{"@type":"SearchAction","target":{"@type":"EntryPoint","urlTemplate":"https:\/\/www.natsu.eu\/de\/?s={search_term_string}"},"query-input":{"@type":"PropertyValueSpecification","valueRequired":true,"valueName":"search_term_string"}}],"inLanguage":"de"}]}},"_links":{"self":[{"href":"https:\/\/www.natsu.eu\/de\/wp-json\/wp\/v2\/pages\/6046248","targetHints":{"allow":["GET"]}}],"collection":[{"href":"https:\/\/www.natsu.eu\/de\/wp-json\/wp\/v2\/pages"}],"about":[{"href":"https:\/\/www.natsu.eu\/de\/wp-json\/wp\/v2\/types\/page"}],"author":[{"embeddable":true,"href":"https:\/\/www.natsu.eu\/de\/wp-json\/wp\/v2\/users\/6"}],"replies":[{"embeddable":true,"href":"https:\/\/www.natsu.eu\/de\/wp-json\/wp\/v2\/comments?post=6046248"}],"version-history":[{"count":2,"href":"https:\/\/www.natsu.eu\/de\/wp-json\/wp\/v2\/pages\/6046248\/revisions"}],"predecessor-version":[{"id":6047119,"href":"https:\/\/www.natsu.eu\/de\/wp-json\/wp\/v2\/pages\/6046248\/revisions\/6047119"}],"up":[{"embeddable":true,"href":"https:\/\/www.natsu.eu\/de\/wp-json\/wp\/v2\/pages\/307481"}],"wp:featuredmedia":[{"embeddable":true,"href":"https:\/\/www.natsu.eu\/de\/wp-json\/wp\/v2\/media\/6047114"}],"wp:attachment":[{"href":"https:\/\/www.natsu.eu\/de\/wp-json\/wp\/v2\/media?parent=6046248"}],"curies":[{"name":"wp","href":"https:\/\/api.w.org\/{rel}","templated":true}]}}