{"id":308431,"date":"2017-10-03T09:44:39","date_gmt":"2017-10-03T09:44:39","guid":{"rendered":"http:\/\/natsu-test.lvps83-169-38-250.dedicated.hosteurope.de\/?page_id=308431\/"},"modified":"2022-02-20T16:53:08","modified_gmt":"2022-02-20T15:53:08","slug":"zum-thema-nachhaltigkeit","status":"publish","type":"page","link":"https:\/\/www.natsu.eu\/de\/werte\/zum-thema-nachhaltigkeit\/","title":{"rendered":"Nachhaltigkeit"},"content":{"rendered":"<p>In Zeiten, in denen Unternehmen gerne auf den \u00d6ko-Zug aufspringen und sich mit gr\u00fcnem Ruhm bekleckern, k\u00f6nnten auch wir euch zum Thema Nachhaltigkeit viel erz\u00e4hlen, wenn der Tag lang ist. Wollen wir aber gar nicht. Unterm Strich z\u00e4hlen Taten statt Worte. Das wissen wir. Auch wenn der Begriff Nachhaltigkeit medial aktuell etwas \u00fcberstrapaziert wird: Wir m\u00f6chten Verantwortung gegen\u00fcber der Gesellschaft und Umwelt \u00fcbernehmen. Wir sind kein Gro\u00dfkonzern, aber bem\u00fchen uns st\u00e4ndig, unseren kleinen positiven Beitrag zum Erhalt unserer Umwelt zu leisten und investieren aus eigenen Mitteln f\u00fcr die stetige Verbesserung im Bereich Nachhaltigkeit. Seid euch gewiss: Wir werden euch an dieser Stelle \u00fcber unsere Fortschritte informieren.<\/p>\n<h4>Eile mit Weile: Mit weniger CO2 zum Ziel.<\/h4>\n<p>Ja, wir haben unsere eigene Logistik, um unsere Produkte auszuliefern. Und K\u00fchlwagen sto\u00dfen CO2 aus. Eine Logistik ohne CO2-Aussto\u00df ist heutzutage (leider) noch nicht m\u00f6glich. Um unseren CO2-Fu\u00dfabdruck zu verringern, haben wir unsere Fahrzeuge bereits vor knapp zwei Jahren auf eine Maximalgeschwindigkeit von 140 km\/h drosseln lassen. Hierdurch haben wir unseren Dieselverbrauch um ca. 15% gesenkt. Au\u00dferdem schulen wir unsere Fahrer regelm\u00e4\u00dfig, um sie f\u00fcr dieses, f\u00fcr uns sehr wichtige Thema zu sensibilisieren. Aber wie hei\u00dft es so sch\u00f6n: Das Bessere ist der Feind des Guten. Und so sehen wir hier weiterhin Potenzial. Zum Beispiel pr\u00fcfen wir, ob wir unsere Flotte teilweise mit Gas betreiben k\u00f6nnen oder den CO2-Aussto\u00df unserer Logistik durch Investitionen in Umweltprojekte neutralisieren k\u00f6nnen. Unser Partner hierf\u00fcr ist das Unternehmen <a href=\"http:\/\/www.climatepartner.com\/\">ClimatePartner<\/a>.<\/p>\n<h4><a href=\"http:\/\/natsu-test.lvps83-169-38-250.dedicated.hosteurope.de\/wp-content\/uploads\/2017\/10\/van_01.jpg\"><img loading=\"lazy\" decoding=\"async\" class=\"alignnone size-full wp-image-308398\" src=\"http:\/\/natsu-test.lvps83-169-38-250.dedicated.hosteurope.de\/wp-content\/uploads\/2017\/10\/van_01.jpg\" alt=\"\" width=\"632\" height=\"383\" srcset=\"https:\/\/www.natsu.eu\/wp-content\/uploads\/2017\/10\/van_01.jpg 632w, https:\/\/www.natsu.eu\/wp-content\/uploads\/2017\/10\/van_01-300x182.jpg 300w\" sizes=\"auto, (max-width: 632px) 100vw, 632px\" \/><\/a><br \/>\nWie man sich kleidet, so is(s)t man: Unsere Verpackungen.<\/h4>\n<p>F\u00fcr unsere Sushi-Produkte haben wir Anfang 2022 auf eine neue innovative Verpackung umgestellt. Nun ist der Boden aus Pappe, was einzigartig in Europa ist. Damit Ihr unsere leckeren Produkte sehen k\u00f6nnt verwenden wir weiterhin einen Deckel aus PET. Genauer gesagt aus RPET, also Kunststoff, der \u2013in unserem Fall \u2013 zu 80% aus recyceltem PET besteht, von dem 50% bereits in Konsumenten-Produkten im Einsatz war. Den Recycling-Anteil und Anteil des Post-Consumer-PET konnten wir in den letzten Jahren, gemeinsam mit unseren Verpackungslieferanten stetig erh\u00f6hen \u00a0PET wird, wie in Deutschland \u00fcblich, durch das Duale System aussortiert und recycelt. Leider basiert PET, wie fast alle anderen Kunststoffe, auf Erd\u00f6l. Hier sehen wir noch Verbesserungspotenzial und pr\u00fcfen, ob wir in naher Zukunft auf kompostierbare Materialien wie den Biokunststoff PLA setzen. PLA ist ein Kunststoff auf Maisst\u00e4rkebasis, ein nachwachsender Rohstoff, der biologisch abbaubar ist. Bis dahin k\u00f6nnt ihr uns bei unserem Bestreben unterst\u00fctzen indem ihr die Verpackung nach dem Genuss eures Sushis richtig trennt! Der Boden geh\u00f6rt ins Altpapier, der Deckel geht in die gelbe Tonne.<\/p>\n<p>Erst Aufrei\u00dfen, dann abbei\u00dfen! Wie ihr vielleicht wisst, gibt es von Natsu auch leckere Sandwiches und Wraps in vielen verschiedenen Sorten. Um damit nicht nur eurem Gaumen, sondern auch der Umwelt eine Freude zu machen, benutzen wir f\u00fcr die Verpackungen nur Karton, der aus dem Holz nachhaltig bewirtschafteter W\u00e4lder gewonnen wird. Und weil Mineral\u00f6le ungesund sind und nicht in eurem Essen sein sollten, sind die kleinen Bilder und Texte auf der Verpackung mit mineral\u00f6lfreier Farbe gedruckt \u2013 so k\u00f6nnt ihr unsere kleinen Botschaften unbeschwert beim Essen lesen. Und weil wir wieder versuchen, euch m\u00f6glichst wenige Zusatzstoffe und daf\u00fcr ganz viel Frische zu garantieren, solltet ihr die Leckereien schnell (muss nicht in einer Minute sein, 3 Tage k\u00f6nnt ihr euch schon Zeit lassen ;-)) aufessen.<\/p>\n","protected":false},"excerpt":{"rendered":"<p>In Zeiten, in denen Unternehmen gerne auf den \u00d6ko-Zug aufspringen und sich mit gr\u00fcnem Ruhm bekleckern, k\u00f6nnten auch wir euch zum Thema Nachhaltigkeit viel erz\u00e4hlen, wenn der Tag lang ist. Wollen wir aber gar nicht. Unterm Strich z\u00e4hlen Taten statt Worte. Das wissen wir. Auch wenn der Begriff Nachhaltigkeit medial aktuell etwas \u00fcberstrapaziert wird: Wir &hellip; <\/p>\n<p class=\"link-more\"><a href=\"https:\/\/www.natsu.eu\/de\/werte\/zum-thema-nachhaltigkeit\/\" class=\"more-link\">Continue reading<span class=\"screen-reader-text\"> &#8222;Nachhaltigkeit&#8220;<\/span><\/a><\/p>\n","protected":false},"author":1,"featured_media":308399,"parent":307481,"menu_order":3,"comment_status":"closed","ping_status":"closed","template":"page-values-sub-page.php","meta":{"_acf_changed":false,"footnotes":""},"class_list":["post-308431","page","type-page","status-publish","has-post-thumbnail","hentry"],"acf":[],"yoast_head":"<!-- This site is optimized with the Yoast SEO plugin v27.3 - https:\/\/yoast.com\/product\/yoast-seo-wordpress\/ -->\n<title>Nachhaltigkeit - natsu Foods<\/title>\n<meta name=\"robots\" content=\"index, follow, max-snippet:-1, max-image-preview:large, max-video-preview:-1\" \/>\n<link rel=\"canonical\" href=\"https:\/\/www.natsu.eu\/de\/werte\/zum-thema-nachhaltigkeit\/\" \/>\n<meta property=\"og:locale\" content=\"de_DE\" \/>\n<meta property=\"og:type\" content=\"article\" \/>\n<meta property=\"og:title\" content=\"Nachhaltigkeit - natsu Foods\" \/>\n<meta property=\"og:description\" content=\"In Zeiten, in denen Unternehmen gerne auf den \u00d6ko-Zug aufspringen und sich mit gr\u00fcnem Ruhm bekleckern, k\u00f6nnten auch wir euch zum Thema Nachhaltigkeit viel erz\u00e4hlen, wenn der Tag lang ist. Wollen wir aber gar nicht. Unterm Strich z\u00e4hlen Taten statt Worte. Das wissen wir. Auch wenn der Begriff Nachhaltigkeit medial aktuell etwas \u00fcberstrapaziert wird: Wir &hellip; Continue reading &quot;Nachhaltigkeit&quot;\" \/>\n<meta property=\"og:url\" content=\"https:\/\/www.natsu.eu\/de\/werte\/zum-thema-nachhaltigkeit\/\" \/>\n<meta property=\"og:site_name\" content=\"natsu Foods\" \/>\n<meta property=\"article:modified_time\" content=\"2022-02-20T15:53:08+00:00\" \/>\n<meta property=\"og:image\" content=\"https:\/\/www.natsu.eu\/wp-content\/uploads\/2017\/10\/Na11D01_contents_header_03.jpg\" \/>\n\t<meta property=\"og:image:width\" content=\"966\" \/>\n\t<meta property=\"og:image:height\" content=\"300\" \/>\n\t<meta property=\"og:image:type\" content=\"image\/jpeg\" \/>\n<meta name=\"twitter:card\" content=\"summary_large_image\" \/>\n<meta name=\"twitter:label1\" content=\"Gesch\u00e4tzte Lesezeit\" \/>\n\t<meta name=\"twitter:data1\" content=\"4\u00a0Minuten\" \/>\n<script type=\"application\/ld+json\" class=\"yoast-schema-graph\">{\"@context\":\"https:\\\/\\\/schema.org\",\"@graph\":[{\"@type\":\"WebPage\",\"@id\":\"https:\\\/\\\/www.natsu.eu\\\/de\\\/werte\\\/zum-thema-nachhaltigkeit\\\/\",\"url\":\"https:\\\/\\\/www.natsu.eu\\\/de\\\/werte\\\/zum-thema-nachhaltigkeit\\\/\",\"name\":\"Nachhaltigkeit - natsu Foods\",\"isPartOf\":{\"@id\":\"https:\\\/\\\/www.natsu.eu\\\/de\\\/#website\"},\"primaryImageOfPage\":{\"@id\":\"https:\\\/\\\/www.natsu.eu\\\/de\\\/werte\\\/zum-thema-nachhaltigkeit\\\/#primaryimage\"},\"image\":{\"@id\":\"https:\\\/\\\/www.natsu.eu\\\/de\\\/werte\\\/zum-thema-nachhaltigkeit\\\/#primaryimage\"},\"thumbnailUrl\":\"https:\\\/\\\/www.natsu.eu\\\/wp-content\\\/uploads\\\/2017\\\/10\\\/Na11D01_contents_header_03.jpg\",\"datePublished\":\"2017-10-03T09:44:39+00:00\",\"dateModified\":\"2022-02-20T15:53:08+00:00\",\"breadcrumb\":{\"@id\":\"https:\\\/\\\/www.natsu.eu\\\/de\\\/werte\\\/zum-thema-nachhaltigkeit\\\/#breadcrumb\"},\"inLanguage\":\"de\",\"potentialAction\":[{\"@type\":\"ReadAction\",\"target\":[\"https:\\\/\\\/www.natsu.eu\\\/de\\\/werte\\\/zum-thema-nachhaltigkeit\\\/\"]}]},{\"@type\":\"ImageObject\",\"inLanguage\":\"de\",\"@id\":\"https:\\\/\\\/www.natsu.eu\\\/de\\\/werte\\\/zum-thema-nachhaltigkeit\\\/#primaryimage\",\"url\":\"https:\\\/\\\/www.natsu.eu\\\/wp-content\\\/uploads\\\/2017\\\/10\\\/Na11D01_contents_header_03.jpg\",\"contentUrl\":\"https:\\\/\\\/www.natsu.eu\\\/wp-content\\\/uploads\\\/2017\\\/10\\\/Na11D01_contents_header_03.jpg\",\"width\":966,\"height\":300},{\"@type\":\"BreadcrumbList\",\"@id\":\"https:\\\/\\\/www.natsu.eu\\\/de\\\/werte\\\/zum-thema-nachhaltigkeit\\\/#breadcrumb\",\"itemListElement\":[{\"@type\":\"ListItem\",\"position\":1,\"name\":\"Home\",\"item\":\"https:\\\/\\\/www.natsu.eu\\\/de\\\/\"},{\"@type\":\"ListItem\",\"position\":2,\"name\":\"Werte\",\"item\":\"https:\\\/\\\/www.natsu.eu\\\/de\\\/werte\\\/\"},{\"@type\":\"ListItem\",\"position\":3,\"name\":\"Nachhaltigkeit\"}]},{\"@type\":\"WebSite\",\"@id\":\"https:\\\/\\\/www.natsu.eu\\\/de\\\/#website\",\"url\":\"https:\\\/\\\/www.natsu.eu\\\/de\\\/\",\"name\":\"natsu Foods\",\"description\":\"\",\"potentialAction\":[{\"@type\":\"SearchAction\",\"target\":{\"@type\":\"EntryPoint\",\"urlTemplate\":\"https:\\\/\\\/www.natsu.eu\\\/de\\\/?s={search_term_string}\"},\"query-input\":{\"@type\":\"PropertyValueSpecification\",\"valueRequired\":true,\"valueName\":\"search_term_string\"}}],\"inLanguage\":\"de\"}]}<\/script>\n<!-- \/ Yoast SEO plugin. -->","yoast_head_json":{"title":"Nachhaltigkeit - natsu Foods","robots":{"index":"index","follow":"follow","max-snippet":"max-snippet:-1","max-image-preview":"max-image-preview:large","max-video-preview":"max-video-preview:-1"},"canonical":"https:\/\/www.natsu.eu\/de\/werte\/zum-thema-nachhaltigkeit\/","og_locale":"de_DE","og_type":"article","og_title":"Nachhaltigkeit - natsu Foods","og_description":"In Zeiten, in denen Unternehmen gerne auf den \u00d6ko-Zug aufspringen und sich mit gr\u00fcnem Ruhm bekleckern, k\u00f6nnten auch wir euch zum Thema Nachhaltigkeit viel erz\u00e4hlen, wenn der Tag lang ist. Wollen wir aber gar nicht. Unterm Strich z\u00e4hlen Taten statt Worte. Das wissen wir. Auch wenn der Begriff Nachhaltigkeit medial aktuell etwas \u00fcberstrapaziert wird: Wir &hellip; Continue reading \"Nachhaltigkeit\"","og_url":"https:\/\/www.natsu.eu\/de\/werte\/zum-thema-nachhaltigkeit\/","og_site_name":"natsu Foods","article_modified_time":"2022-02-20T15:53:08+00:00","og_image":[{"width":966,"height":300,"url":"https:\/\/www.natsu.eu\/wp-content\/uploads\/2017\/10\/Na11D01_contents_header_03.jpg","type":"image\/jpeg"}],"twitter_card":"summary_large_image","twitter_misc":{"Gesch\u00e4tzte Lesezeit":"4\u00a0Minuten"},"schema":{"@context":"https:\/\/schema.org","@graph":[{"@type":"WebPage","@id":"https:\/\/www.natsu.eu\/de\/werte\/zum-thema-nachhaltigkeit\/","url":"https:\/\/www.natsu.eu\/de\/werte\/zum-thema-nachhaltigkeit\/","name":"Nachhaltigkeit - natsu Foods","isPartOf":{"@id":"https:\/\/www.natsu.eu\/de\/#website"},"primaryImageOfPage":{"@id":"https:\/\/www.natsu.eu\/de\/werte\/zum-thema-nachhaltigkeit\/#primaryimage"},"image":{"@id":"https:\/\/www.natsu.eu\/de\/werte\/zum-thema-nachhaltigkeit\/#primaryimage"},"thumbnailUrl":"https:\/\/www.natsu.eu\/wp-content\/uploads\/2017\/10\/Na11D01_contents_header_03.jpg","datePublished":"2017-10-03T09:44:39+00:00","dateModified":"2022-02-20T15:53:08+00:00","breadcrumb":{"@id":"https:\/\/www.natsu.eu\/de\/werte\/zum-thema-nachhaltigkeit\/#breadcrumb"},"inLanguage":"de","potentialAction":[{"@type":"ReadAction","target":["https:\/\/www.natsu.eu\/de\/werte\/zum-thema-nachhaltigkeit\/"]}]},{"@type":"ImageObject","inLanguage":"de","@id":"https:\/\/www.natsu.eu\/de\/werte\/zum-thema-nachhaltigkeit\/#primaryimage","url":"https:\/\/www.natsu.eu\/wp-content\/uploads\/2017\/10\/Na11D01_contents_header_03.jpg","contentUrl":"https:\/\/www.natsu.eu\/wp-content\/uploads\/2017\/10\/Na11D01_contents_header_03.jpg","width":966,"height":300},{"@type":"BreadcrumbList","@id":"https:\/\/www.natsu.eu\/de\/werte\/zum-thema-nachhaltigkeit\/#breadcrumb","itemListElement":[{"@type":"ListItem","position":1,"name":"Home","item":"https:\/\/www.natsu.eu\/de\/"},{"@type":"ListItem","position":2,"name":"Werte","item":"https:\/\/www.natsu.eu\/de\/werte\/"},{"@type":"ListItem","position":3,"name":"Nachhaltigkeit"}]},{"@type":"WebSite","@id":"https:\/\/www.natsu.eu\/de\/#website","url":"https:\/\/www.natsu.eu\/de\/","name":"natsu Foods","description":"","potentialAction":[{"@type":"SearchAction","target":{"@type":"EntryPoint","urlTemplate":"https:\/\/www.natsu.eu\/de\/?s={search_term_string}"},"query-input":{"@type":"PropertyValueSpecification","valueRequired":true,"valueName":"search_term_string"}}],"inLanguage":"de"}]}},"_links":{"self":[{"href":"https:\/\/www.natsu.eu\/de\/wp-json\/wp\/v2\/pages\/308431","targetHints":{"allow":["GET"]}}],"collection":[{"href":"https:\/\/www.natsu.eu\/de\/wp-json\/wp\/v2\/pages"}],"about":[{"href":"https:\/\/www.natsu.eu\/de\/wp-json\/wp\/v2\/types\/page"}],"author":[{"embeddable":true,"href":"https:\/\/www.natsu.eu\/de\/wp-json\/wp\/v2\/users\/1"}],"replies":[{"embeddable":true,"href":"https:\/\/www.natsu.eu\/de\/wp-json\/wp\/v2\/comments?post=308431"}],"version-history":[{"count":3,"href":"https:\/\/www.natsu.eu\/de\/wp-json\/wp\/v2\/pages\/308431\/revisions"}],"predecessor-version":[{"id":6042152,"href":"https:\/\/www.natsu.eu\/de\/wp-json\/wp\/v2\/pages\/308431\/revisions\/6042152"}],"up":[{"embeddable":true,"href":"https:\/\/www.natsu.eu\/de\/wp-json\/wp\/v2\/pages\/307481"}],"wp:featuredmedia":[{"embeddable":true,"href":"https:\/\/www.natsu.eu\/de\/wp-json\/wp\/v2\/media\/308399"}],"wp:attachment":[{"href":"https:\/\/www.natsu.eu\/de\/wp-json\/wp\/v2\/media?parent=308431"}],"curies":[{"name":"wp","href":"https:\/\/api.w.org\/{rel}","templated":true}]}}