{"id":307485,"date":"2017-09-29T11:22:16","date_gmt":"2017-09-29T11:22:16","guid":{"rendered":"http:\/\/natsu-test.lvps83-169-38-250.dedicated.hosteurope.de\/?page_id=307485\/"},"modified":"2022-02-20T17:32:55","modified_gmt":"2022-02-20T16:32:55","slug":"unser-frisches-sushi","status":"publish","type":"page","link":"https:\/\/www.natsu.eu\/de\/werte\/unser-frisches-sushi\/","title":{"rendered":"Unser Sortiment"},"content":{"rendered":"<p>&nbsp;<\/p>\n<h4>Variatio delectat. (Abwechslung erfreut.) Unsere Natsu-Produkte.<\/h4>\n<p>Wir essen nat\u00fcrlich nicht nur Sushi. W\u00e4re ja auch langweilig. Deshalb haben wir unser Sortiment in den letzten Jahren erweitert und bieten von Natsu heute auch frische Suppen, schmackhafte Salate, sowie leckere Sandwiches und Wraps an. Diese produzieren wir &#8211; im Gegensatz zu unserem Sushi &#8211; nicht selber, sondern beziehen sie von Lieferanten. Gem\u00e4\u00df unseres Anspruches, uns nur mit dem Bestm\u00f6glichen zufriedenzugeben, gelten f\u00fcr unsere Lieferanten die gleichen Ma\u00dfst\u00e4be und Qualit\u00e4tsanforderungen, an denen wir uns selber messen: Alle Produkte durchlaufen vor ihrer Verwendung unsere strengen Kontrollen, sodass ihr euch auf gute Qualit\u00e4t, Frische und wertvolle Zutaten verlassen k\u00f6nnt.<\/p>\n<h4>Klasse statt Masse: True Sushi-Love.<\/h4>\n<p>Natsu verwendet modernste Sushi-Zubereitungsmaschinen, an denen wir w\u00f6chentlich \u00fcber eine halbe Million einzelne Sushi-Teile produzieren. H\u00f6rt sich viel an. Ist auch viel. Das hei\u00dft aber nicht, dass wir japanische Traditionen au\u00dfer Acht lassen. Als wir mit Natsu starteten, entwickelten wir die Rezepturen gemeinsam mit einem befreundeten asiatischen Sushi-Meister, der dank seiner Berufserfahrung \u00fcber jahrelanges Sushi-Know-how verf\u00fcgte. Ohne ihn w\u00e4ren wir wahrscheinlich aufgeschmissen gewesen. Mit seinem Wissen im Gep\u00e4ck haben wir in den letzten Jahren unser Natsu-Sushi kontinuierlich weiterentwickelt. Denn wie hei\u00dft es so sch\u00f6n: Stillstand ist R\u00fcckschritt. Heute basieren unsere Natsu-Sushi-Kreationen auf traditionellen Rezepturen, die gepaart mit kreativen, innovativen Komponenten und europ\u00e4ischen Einfl\u00fcssen ein modernes, zeitgem\u00e4\u00dfes Sushi-Erlebnis bieten.<\/p>\n<p><strong>Abschlie\u00dfend:<\/strong> Unser Sushi schmeckt nicht nur gut, sondern ist auch gesund. Denn Sushi enth\u00e4lt fast die gleichen N\u00e4hrwerte wie andere Lebensmittel, aber bedeutend weniger Fett. Keine Sorge, satt werdet ihr trotzdem. Denn Reis l\u00e4sst w\u00e4hrend der Verdauung den Blutzuckerspiegel langsamer steigen. Dadurch h\u00e4lt das S\u00e4ttigungsgef\u00fchl l\u00e4nger an.<\/p>\n<p>Falls ihr euch selbst \u00fcberzeugen m\u00f6chtet: Entdeckt hier unser frisches <a href=\"https:\/\/www.natsu.eu\/produkte\/sushi\/\">Natsu-Sushi-Sortiment<\/a>, wo ihr euch auch von den N\u00e4hrwerten unserer Produkte \u00fcberzeugen k\u00f6nnt.<\/p>\n","protected":false},"excerpt":{"rendered":"<p>&nbsp; Variatio delectat. (Abwechslung erfreut.) Unsere Natsu-Produkte. Wir essen nat\u00fcrlich nicht nur Sushi. W\u00e4re ja auch langweilig. Deshalb haben wir unser Sortiment in den letzten Jahren erweitert und bieten von Natsu heute auch frische Suppen, schmackhafte Salate, sowie leckere Sandwiches und Wraps an. Diese produzieren wir &#8211; im Gegensatz zu unserem Sushi &#8211; nicht selber, &hellip; <\/p>\n<p class=\"link-more\"><a href=\"https:\/\/www.natsu.eu\/de\/werte\/unser-frisches-sushi\/\" class=\"more-link\">Continue reading<span class=\"screen-reader-text\"> &#8222;Unser Sortiment&#8220;<\/span><\/a><\/p>\n","protected":false},"author":1,"featured_media":6042162,"parent":307481,"menu_order":6,"comment_status":"closed","ping_status":"closed","template":"page-values-sub-page.php","meta":{"_acf_changed":false,"footnotes":""},"class_list":["post-307485","page","type-page","status-publish","has-post-thumbnail","hentry"],"acf":[],"yoast_head":"<!-- This site is optimized with the Yoast SEO plugin v27.3 - https:\/\/yoast.com\/product\/yoast-seo-wordpress\/ -->\n<title>Unser Sortiment - natsu Foods<\/title>\n<meta name=\"robots\" content=\"index, follow, max-snippet:-1, max-image-preview:large, max-video-preview:-1\" \/>\n<link rel=\"canonical\" href=\"https:\/\/www.natsu.eu\/de\/werte\/unser-frisches-sushi\/\" \/>\n<meta property=\"og:locale\" content=\"de_DE\" \/>\n<meta property=\"og:type\" content=\"article\" \/>\n<meta property=\"og:title\" content=\"Unser Sortiment - natsu Foods\" \/>\n<meta property=\"og:description\" content=\"&nbsp; Variatio delectat. (Abwechslung erfreut.) Unsere Natsu-Produkte. Wir essen nat\u00fcrlich nicht nur Sushi. W\u00e4re ja auch langweilig. Deshalb haben wir unser Sortiment in den letzten Jahren erweitert und bieten von Natsu heute auch frische Suppen, schmackhafte Salate, sowie leckere Sandwiches und Wraps an. Diese produzieren wir &#8211; im Gegensatz zu unserem Sushi &#8211; nicht selber, &hellip; Continue reading &quot;Unser Sortiment&quot;\" \/>\n<meta property=\"og:url\" content=\"https:\/\/www.natsu.eu\/de\/werte\/unser-frisches-sushi\/\" \/>\n<meta property=\"og:site_name\" content=\"natsu Foods\" \/>\n<meta property=\"article:modified_time\" content=\"2022-02-20T16:32:55+00:00\" \/>\n<meta property=\"og:image\" content=\"https:\/\/www.natsu.eu\/wp-content\/uploads\/2022\/02\/Header_Unser_Sortiment_hoehere-Aufloesung.jpg\" \/>\n\t<meta property=\"og:image:width\" content=\"2262\" \/>\n\t<meta property=\"og:image:height\" content=\"525\" \/>\n\t<meta property=\"og:image:type\" content=\"image\/jpeg\" \/>\n<meta name=\"twitter:card\" content=\"summary_large_image\" \/>\n<meta name=\"twitter:label1\" content=\"Gesch\u00e4tzte Lesezeit\" \/>\n\t<meta name=\"twitter:data1\" content=\"2\u00a0Minuten\" \/>\n<script type=\"application\/ld+json\" class=\"yoast-schema-graph\">{\"@context\":\"https:\\\/\\\/schema.org\",\"@graph\":[{\"@type\":\"WebPage\",\"@id\":\"https:\\\/\\\/www.natsu.eu\\\/de\\\/werte\\\/unser-frisches-sushi\\\/\",\"url\":\"https:\\\/\\\/www.natsu.eu\\\/de\\\/werte\\\/unser-frisches-sushi\\\/\",\"name\":\"Unser Sortiment - natsu Foods\",\"isPartOf\":{\"@id\":\"https:\\\/\\\/www.natsu.eu\\\/de\\\/#website\"},\"primaryImageOfPage\":{\"@id\":\"https:\\\/\\\/www.natsu.eu\\\/de\\\/werte\\\/unser-frisches-sushi\\\/#primaryimage\"},\"image\":{\"@id\":\"https:\\\/\\\/www.natsu.eu\\\/de\\\/werte\\\/unser-frisches-sushi\\\/#primaryimage\"},\"thumbnailUrl\":\"https:\\\/\\\/www.natsu.eu\\\/wp-content\\\/uploads\\\/2022\\\/02\\\/Header_Unser_Sortiment_hoehere-Aufloesung.jpg\",\"datePublished\":\"2017-09-29T11:22:16+00:00\",\"dateModified\":\"2022-02-20T16:32:55+00:00\",\"breadcrumb\":{\"@id\":\"https:\\\/\\\/www.natsu.eu\\\/de\\\/werte\\\/unser-frisches-sushi\\\/#breadcrumb\"},\"inLanguage\":\"de\",\"potentialAction\":[{\"@type\":\"ReadAction\",\"target\":[\"https:\\\/\\\/www.natsu.eu\\\/de\\\/werte\\\/unser-frisches-sushi\\\/\"]}]},{\"@type\":\"ImageObject\",\"inLanguage\":\"de\",\"@id\":\"https:\\\/\\\/www.natsu.eu\\\/de\\\/werte\\\/unser-frisches-sushi\\\/#primaryimage\",\"url\":\"https:\\\/\\\/www.natsu.eu\\\/wp-content\\\/uploads\\\/2022\\\/02\\\/Header_Unser_Sortiment_hoehere-Aufloesung.jpg\",\"contentUrl\":\"https:\\\/\\\/www.natsu.eu\\\/wp-content\\\/uploads\\\/2022\\\/02\\\/Header_Unser_Sortiment_hoehere-Aufloesung.jpg\",\"width\":2262,\"height\":525},{\"@type\":\"BreadcrumbList\",\"@id\":\"https:\\\/\\\/www.natsu.eu\\\/de\\\/werte\\\/unser-frisches-sushi\\\/#breadcrumb\",\"itemListElement\":[{\"@type\":\"ListItem\",\"position\":1,\"name\":\"Home\",\"item\":\"https:\\\/\\\/www.natsu.eu\\\/de\\\/\"},{\"@type\":\"ListItem\",\"position\":2,\"name\":\"Werte\",\"item\":\"https:\\\/\\\/www.natsu.eu\\\/de\\\/werte\\\/\"},{\"@type\":\"ListItem\",\"position\":3,\"name\":\"Unser Sortiment\"}]},{\"@type\":\"WebSite\",\"@id\":\"https:\\\/\\\/www.natsu.eu\\\/de\\\/#website\",\"url\":\"https:\\\/\\\/www.natsu.eu\\\/de\\\/\",\"name\":\"natsu Foods\",\"description\":\"\",\"potentialAction\":[{\"@type\":\"SearchAction\",\"target\":{\"@type\":\"EntryPoint\",\"urlTemplate\":\"https:\\\/\\\/www.natsu.eu\\\/de\\\/?s={search_term_string}\"},\"query-input\":{\"@type\":\"PropertyValueSpecification\",\"valueRequired\":true,\"valueName\":\"search_term_string\"}}],\"inLanguage\":\"de\"}]}<\/script>\n<!-- \/ Yoast SEO plugin. -->","yoast_head_json":{"title":"Unser Sortiment - natsu Foods","robots":{"index":"index","follow":"follow","max-snippet":"max-snippet:-1","max-image-preview":"max-image-preview:large","max-video-preview":"max-video-preview:-1"},"canonical":"https:\/\/www.natsu.eu\/de\/werte\/unser-frisches-sushi\/","og_locale":"de_DE","og_type":"article","og_title":"Unser Sortiment - natsu Foods","og_description":"&nbsp; Variatio delectat. (Abwechslung erfreut.) Unsere Natsu-Produkte. Wir essen nat\u00fcrlich nicht nur Sushi. W\u00e4re ja auch langweilig. Deshalb haben wir unser Sortiment in den letzten Jahren erweitert und bieten von Natsu heute auch frische Suppen, schmackhafte Salate, sowie leckere Sandwiches und Wraps an. Diese produzieren wir &#8211; im Gegensatz zu unserem Sushi &#8211; nicht selber, &hellip; Continue reading \"Unser Sortiment\"","og_url":"https:\/\/www.natsu.eu\/de\/werte\/unser-frisches-sushi\/","og_site_name":"natsu Foods","article_modified_time":"2022-02-20T16:32:55+00:00","og_image":[{"width":2262,"height":525,"url":"https:\/\/www.natsu.eu\/wp-content\/uploads\/2022\/02\/Header_Unser_Sortiment_hoehere-Aufloesung.jpg","type":"image\/jpeg"}],"twitter_card":"summary_large_image","twitter_misc":{"Gesch\u00e4tzte Lesezeit":"2\u00a0Minuten"},"schema":{"@context":"https:\/\/schema.org","@graph":[{"@type":"WebPage","@id":"https:\/\/www.natsu.eu\/de\/werte\/unser-frisches-sushi\/","url":"https:\/\/www.natsu.eu\/de\/werte\/unser-frisches-sushi\/","name":"Unser Sortiment - natsu Foods","isPartOf":{"@id":"https:\/\/www.natsu.eu\/de\/#website"},"primaryImageOfPage":{"@id":"https:\/\/www.natsu.eu\/de\/werte\/unser-frisches-sushi\/#primaryimage"},"image":{"@id":"https:\/\/www.natsu.eu\/de\/werte\/unser-frisches-sushi\/#primaryimage"},"thumbnailUrl":"https:\/\/www.natsu.eu\/wp-content\/uploads\/2022\/02\/Header_Unser_Sortiment_hoehere-Aufloesung.jpg","datePublished":"2017-09-29T11:22:16+00:00","dateModified":"2022-02-20T16:32:55+00:00","breadcrumb":{"@id":"https:\/\/www.natsu.eu\/de\/werte\/unser-frisches-sushi\/#breadcrumb"},"inLanguage":"de","potentialAction":[{"@type":"ReadAction","target":["https:\/\/www.natsu.eu\/de\/werte\/unser-frisches-sushi\/"]}]},{"@type":"ImageObject","inLanguage":"de","@id":"https:\/\/www.natsu.eu\/de\/werte\/unser-frisches-sushi\/#primaryimage","url":"https:\/\/www.natsu.eu\/wp-content\/uploads\/2022\/02\/Header_Unser_Sortiment_hoehere-Aufloesung.jpg","contentUrl":"https:\/\/www.natsu.eu\/wp-content\/uploads\/2022\/02\/Header_Unser_Sortiment_hoehere-Aufloesung.jpg","width":2262,"height":525},{"@type":"BreadcrumbList","@id":"https:\/\/www.natsu.eu\/de\/werte\/unser-frisches-sushi\/#breadcrumb","itemListElement":[{"@type":"ListItem","position":1,"name":"Home","item":"https:\/\/www.natsu.eu\/de\/"},{"@type":"ListItem","position":2,"name":"Werte","item":"https:\/\/www.natsu.eu\/de\/werte\/"},{"@type":"ListItem","position":3,"name":"Unser Sortiment"}]},{"@type":"WebSite","@id":"https:\/\/www.natsu.eu\/de\/#website","url":"https:\/\/www.natsu.eu\/de\/","name":"natsu Foods","description":"","potentialAction":[{"@type":"SearchAction","target":{"@type":"EntryPoint","urlTemplate":"https:\/\/www.natsu.eu\/de\/?s={search_term_string}"},"query-input":{"@type":"PropertyValueSpecification","valueRequired":true,"valueName":"search_term_string"}}],"inLanguage":"de"}]}},"_links":{"self":[{"href":"https:\/\/www.natsu.eu\/de\/wp-json\/wp\/v2\/pages\/307485","targetHints":{"allow":["GET"]}}],"collection":[{"href":"https:\/\/www.natsu.eu\/de\/wp-json\/wp\/v2\/pages"}],"about":[{"href":"https:\/\/www.natsu.eu\/de\/wp-json\/wp\/v2\/types\/page"}],"author":[{"embeddable":true,"href":"https:\/\/www.natsu.eu\/de\/wp-json\/wp\/v2\/users\/1"}],"replies":[{"embeddable":true,"href":"https:\/\/www.natsu.eu\/de\/wp-json\/wp\/v2\/comments?post=307485"}],"version-history":[{"count":3,"href":"https:\/\/www.natsu.eu\/de\/wp-json\/wp\/v2\/pages\/307485\/revisions"}],"predecessor-version":[{"id":6042166,"href":"https:\/\/www.natsu.eu\/de\/wp-json\/wp\/v2\/pages\/307485\/revisions\/6042166"}],"up":[{"embeddable":true,"href":"https:\/\/www.natsu.eu\/de\/wp-json\/wp\/v2\/pages\/307481"}],"wp:featuredmedia":[{"embeddable":true,"href":"https:\/\/www.natsu.eu\/de\/wp-json\/wp\/v2\/media\/6042162"}],"wp:attachment":[{"href":"https:\/\/www.natsu.eu\/de\/wp-json\/wp\/v2\/media?parent=307485"}],"curies":[{"name":"wp","href":"https:\/\/api.w.org\/{rel}","templated":true}]}}