{"id":307484,"date":"2017-09-29T11:21:13","date_gmt":"2017-09-29T11:21:13","guid":{"rendered":"http:\/\/natsu-test.lvps83-169-38-250.dedicated.hosteurope.de\/?page_id=307484\/"},"modified":"2022-03-22T12:59:47","modified_gmt":"2022-03-22T11:59:47","slug":"frische-als-a-und-o","status":"publish","type":"page","link":"https:\/\/www.natsu.eu\/de\/werte\/frische-als-a-und-o\/","title":{"rendered":"Frische als A und O"},"content":{"rendered":"<h4>Frische Fahrt voraus:<\/h4>\n<p>Vom Gebrauchten zur K\u00fchlwagenflotte. Achtung: Floskel-Alarm! Wie hei\u00dft es so sch\u00f6n: Von nix kommt nix. Jeder f\u00e4ngt mal klein an. Als wir mit Natsu starteten, kauften wir von unserem kleinen Startkapital einen gebrauchten, ungek\u00fchlten Lieferwagen und fuhren unsere ersten Sushi-Lieferungen in mit Eis gef\u00fcllten K\u00fchlboxen aus. Heute besteht unsere Flotte aus 130 K\u00fchlfahrzeugen mit automatischer, l\u00fcckenloser Temperatur\u00fcberwachung. Alle Fahrzeuge sind auf maximal 140 km\/h gedrosselt. Das spart Sprit, schont die Umwelt und z\u00fcgelt unsere Jungs und M\u00e4dels vorm Schnellfahren.<\/p>\n<h4>Unser oberstes Gebot: Frische!<\/h4>\n<p>Produziert wird an sieben Tagen in der Woche. Wir lagern keine Waren ein, sondern fahren sie sofort mit unserer eigenen K\u00fchlwagenflotte aus. Wie das geht? Wir liefern nach Bedarf und nehmen Retouren, wo vereinbart, von den Superm\u00e4rkten an. Das hei\u00dft: Wenn ihr wenig Natsu esst und viel \u00fcbrig bleibt, holen wir nicht verkaufte Ware selber ab und k\u00fcmmern uns um ihre Entsorgung. So haben wir die Kontrolle, dass im Supermarkt alles sch\u00f6n frisch ist und nicht so viel weggeschmissen werden muss. Denn beim n\u00e4chsten Mal liefern wir einfach weniger. Hei\u00dft genauso im Umkehrschluss: Je mehr Natsu ihr esst, umso mehr Natsu gibt es und umso weniger wird weggeschmissen.<\/p>\n<h4>Frische bei dir ums Eck: Jeden zweiten Tag in deinem Supermarkt.<\/h4>\n<p>Zurzeit beliefern wir alle gro\u00dfen Supermarktketten in ganz Deutschland mit unseren frischen Sushi-Sets, knackigen Salaten, leichten Wraps und leckeren Sandwiches. Trotzdem bleiben wir ein kleines Unternehmen, bei dem alles aus einer Hand kommt: der Wareneinkauf, die Produktion, die Qualit\u00e4tssicherung, der Vertrieb, die Auslieferung und das Einsortieren der Ware. Ja, ihr habt richtig geh\u00f6rt. Das \u00fcbernehmen unsere K\u00fchlwagenfahrer und -fahrerinnen h\u00f6chstpers\u00f6nlich. Denn wir k\u00f6nnen nicht erwarten, dass das Team deines Supermarktes sich darum k\u00fcmmert. Bei Tausenden Produkten w\u00e4re das wohl etwas zu viel verlangt. Gleichzeitig haben wir so ein Natsu-Auge darauf, dass nur die frischesten Produkte den Weg zu dir finden. Vielleicht erwischst du ja demn\u00e4chst in deinem Supermarkt einen unserer Fahrer der eigenh\u00e4ndig unsere Produkte in die K\u00fchltheken einsortiert. Falls ja, sag ihm doch ein nettes \u201eHallo\u201c; er freut sich bestimmt.<\/p>\n","protected":false},"excerpt":{"rendered":"<p>Frische Fahrt voraus: Vom Gebrauchten zur K\u00fchlwagenflotte. Achtung: Floskel-Alarm! Wie hei\u00dft es so sch\u00f6n: Von nix kommt nix. Jeder f\u00e4ngt mal klein an. Als wir mit Natsu starteten, kauften wir von unserem kleinen Startkapital einen gebrauchten, ungek\u00fchlten Lieferwagen und fuhren unsere ersten Sushi-Lieferungen in mit Eis gef\u00fcllten K\u00fchlboxen aus. Heute besteht unsere Flotte aus 130 &hellip; <\/p>\n<p class=\"link-more\"><a href=\"https:\/\/www.natsu.eu\/de\/werte\/frische-als-a-und-o\/\" class=\"more-link\">Continue reading<span class=\"screen-reader-text\"> &#8222;Frische als A und O&#8220;<\/span><\/a><\/p>\n","protected":false},"author":1,"featured_media":308396,"parent":307481,"menu_order":1,"comment_status":"closed","ping_status":"closed","template":"page-values-sub-page.php","meta":{"_acf_changed":false,"footnotes":""},"class_list":["post-307484","page","type-page","status-publish","has-post-thumbnail","hentry"],"acf":[],"yoast_head":"<!-- This site is optimized with the Yoast SEO plugin v27.3 - https:\/\/yoast.com\/product\/yoast-seo-wordpress\/ -->\n<title>Frische als A und O - natsu Foods<\/title>\n<meta name=\"robots\" content=\"index, follow, max-snippet:-1, max-image-preview:large, max-video-preview:-1\" \/>\n<link rel=\"canonical\" href=\"https:\/\/www.natsu.eu\/de\/werte\/frische-als-a-und-o\/\" \/>\n<meta property=\"og:locale\" content=\"de_DE\" \/>\n<meta property=\"og:type\" content=\"article\" \/>\n<meta property=\"og:title\" content=\"Frische als A und O - natsu Foods\" \/>\n<meta property=\"og:description\" content=\"Frische Fahrt voraus: Vom Gebrauchten zur K\u00fchlwagenflotte. Achtung: Floskel-Alarm! Wie hei\u00dft es so sch\u00f6n: Von nix kommt nix. Jeder f\u00e4ngt mal klein an. Als wir mit Natsu starteten, kauften wir von unserem kleinen Startkapital einen gebrauchten, ungek\u00fchlten Lieferwagen und fuhren unsere ersten Sushi-Lieferungen in mit Eis gef\u00fcllten K\u00fchlboxen aus. Heute besteht unsere Flotte aus 130 &hellip; Continue reading &quot;Frische als A und O&quot;\" \/>\n<meta property=\"og:url\" content=\"https:\/\/www.natsu.eu\/de\/werte\/frische-als-a-und-o\/\" \/>\n<meta property=\"og:site_name\" content=\"natsu Foods\" \/>\n<meta property=\"article:modified_time\" content=\"2022-03-22T11:59:47+00:00\" \/>\n<meta property=\"og:image\" content=\"https:\/\/www.natsu.eu\/wp-content\/uploads\/2017\/09\/Na11D01_contents_header_frische_01.jpg\" \/>\n\t<meta property=\"og:image:width\" content=\"966\" \/>\n\t<meta property=\"og:image:height\" content=\"300\" \/>\n\t<meta property=\"og:image:type\" content=\"image\/jpeg\" \/>\n<meta name=\"twitter:card\" content=\"summary_large_image\" \/>\n<meta name=\"twitter:label1\" content=\"Gesch\u00e4tzte Lesezeit\" \/>\n\t<meta name=\"twitter:data1\" content=\"2\u00a0Minuten\" \/>\n<script type=\"application\/ld+json\" class=\"yoast-schema-graph\">{\"@context\":\"https:\\\/\\\/schema.org\",\"@graph\":[{\"@type\":\"WebPage\",\"@id\":\"https:\\\/\\\/www.natsu.eu\\\/de\\\/werte\\\/frische-als-a-und-o\\\/\",\"url\":\"https:\\\/\\\/www.natsu.eu\\\/de\\\/werte\\\/frische-als-a-und-o\\\/\",\"name\":\"Frische als A und O - natsu Foods\",\"isPartOf\":{\"@id\":\"https:\\\/\\\/www.natsu.eu\\\/de\\\/#website\"},\"primaryImageOfPage\":{\"@id\":\"https:\\\/\\\/www.natsu.eu\\\/de\\\/werte\\\/frische-als-a-und-o\\\/#primaryimage\"},\"image\":{\"@id\":\"https:\\\/\\\/www.natsu.eu\\\/de\\\/werte\\\/frische-als-a-und-o\\\/#primaryimage\"},\"thumbnailUrl\":\"https:\\\/\\\/www.natsu.eu\\\/wp-content\\\/uploads\\\/2017\\\/09\\\/Na11D01_contents_header_frische_01.jpg\",\"datePublished\":\"2017-09-29T11:21:13+00:00\",\"dateModified\":\"2022-03-22T11:59:47+00:00\",\"breadcrumb\":{\"@id\":\"https:\\\/\\\/www.natsu.eu\\\/de\\\/werte\\\/frische-als-a-und-o\\\/#breadcrumb\"},\"inLanguage\":\"de\",\"potentialAction\":[{\"@type\":\"ReadAction\",\"target\":[\"https:\\\/\\\/www.natsu.eu\\\/de\\\/werte\\\/frische-als-a-und-o\\\/\"]}]},{\"@type\":\"ImageObject\",\"inLanguage\":\"de\",\"@id\":\"https:\\\/\\\/www.natsu.eu\\\/de\\\/werte\\\/frische-als-a-und-o\\\/#primaryimage\",\"url\":\"https:\\\/\\\/www.natsu.eu\\\/wp-content\\\/uploads\\\/2017\\\/09\\\/Na11D01_contents_header_frische_01.jpg\",\"contentUrl\":\"https:\\\/\\\/www.natsu.eu\\\/wp-content\\\/uploads\\\/2017\\\/09\\\/Na11D01_contents_header_frische_01.jpg\",\"width\":966,\"height\":300},{\"@type\":\"BreadcrumbList\",\"@id\":\"https:\\\/\\\/www.natsu.eu\\\/de\\\/werte\\\/frische-als-a-und-o\\\/#breadcrumb\",\"itemListElement\":[{\"@type\":\"ListItem\",\"position\":1,\"name\":\"Home\",\"item\":\"https:\\\/\\\/www.natsu.eu\\\/de\\\/\"},{\"@type\":\"ListItem\",\"position\":2,\"name\":\"Werte\",\"item\":\"https:\\\/\\\/www.natsu.eu\\\/de\\\/werte\\\/\"},{\"@type\":\"ListItem\",\"position\":3,\"name\":\"Frische als A und O\"}]},{\"@type\":\"WebSite\",\"@id\":\"https:\\\/\\\/www.natsu.eu\\\/de\\\/#website\",\"url\":\"https:\\\/\\\/www.natsu.eu\\\/de\\\/\",\"name\":\"natsu Foods\",\"description\":\"\",\"potentialAction\":[{\"@type\":\"SearchAction\",\"target\":{\"@type\":\"EntryPoint\",\"urlTemplate\":\"https:\\\/\\\/www.natsu.eu\\\/de\\\/?s={search_term_string}\"},\"query-input\":{\"@type\":\"PropertyValueSpecification\",\"valueRequired\":true,\"valueName\":\"search_term_string\"}}],\"inLanguage\":\"de\"}]}<\/script>\n<!-- \/ Yoast SEO plugin. -->","yoast_head_json":{"title":"Frische als A und O - natsu Foods","robots":{"index":"index","follow":"follow","max-snippet":"max-snippet:-1","max-image-preview":"max-image-preview:large","max-video-preview":"max-video-preview:-1"},"canonical":"https:\/\/www.natsu.eu\/de\/werte\/frische-als-a-und-o\/","og_locale":"de_DE","og_type":"article","og_title":"Frische als A und O - natsu Foods","og_description":"Frische Fahrt voraus: Vom Gebrauchten zur K\u00fchlwagenflotte. Achtung: Floskel-Alarm! Wie hei\u00dft es so sch\u00f6n: Von nix kommt nix. Jeder f\u00e4ngt mal klein an. Als wir mit Natsu starteten, kauften wir von unserem kleinen Startkapital einen gebrauchten, ungek\u00fchlten Lieferwagen und fuhren unsere ersten Sushi-Lieferungen in mit Eis gef\u00fcllten K\u00fchlboxen aus. Heute besteht unsere Flotte aus 130 &hellip; Continue reading \"Frische als A und O\"","og_url":"https:\/\/www.natsu.eu\/de\/werte\/frische-als-a-und-o\/","og_site_name":"natsu Foods","article_modified_time":"2022-03-22T11:59:47+00:00","og_image":[{"width":966,"height":300,"url":"https:\/\/www.natsu.eu\/wp-content\/uploads\/2017\/09\/Na11D01_contents_header_frische_01.jpg","type":"image\/jpeg"}],"twitter_card":"summary_large_image","twitter_misc":{"Gesch\u00e4tzte Lesezeit":"2\u00a0Minuten"},"schema":{"@context":"https:\/\/schema.org","@graph":[{"@type":"WebPage","@id":"https:\/\/www.natsu.eu\/de\/werte\/frische-als-a-und-o\/","url":"https:\/\/www.natsu.eu\/de\/werte\/frische-als-a-und-o\/","name":"Frische als A und O - natsu Foods","isPartOf":{"@id":"https:\/\/www.natsu.eu\/de\/#website"},"primaryImageOfPage":{"@id":"https:\/\/www.natsu.eu\/de\/werte\/frische-als-a-und-o\/#primaryimage"},"image":{"@id":"https:\/\/www.natsu.eu\/de\/werte\/frische-als-a-und-o\/#primaryimage"},"thumbnailUrl":"https:\/\/www.natsu.eu\/wp-content\/uploads\/2017\/09\/Na11D01_contents_header_frische_01.jpg","datePublished":"2017-09-29T11:21:13+00:00","dateModified":"2022-03-22T11:59:47+00:00","breadcrumb":{"@id":"https:\/\/www.natsu.eu\/de\/werte\/frische-als-a-und-o\/#breadcrumb"},"inLanguage":"de","potentialAction":[{"@type":"ReadAction","target":["https:\/\/www.natsu.eu\/de\/werte\/frische-als-a-und-o\/"]}]},{"@type":"ImageObject","inLanguage":"de","@id":"https:\/\/www.natsu.eu\/de\/werte\/frische-als-a-und-o\/#primaryimage","url":"https:\/\/www.natsu.eu\/wp-content\/uploads\/2017\/09\/Na11D01_contents_header_frische_01.jpg","contentUrl":"https:\/\/www.natsu.eu\/wp-content\/uploads\/2017\/09\/Na11D01_contents_header_frische_01.jpg","width":966,"height":300},{"@type":"BreadcrumbList","@id":"https:\/\/www.natsu.eu\/de\/werte\/frische-als-a-und-o\/#breadcrumb","itemListElement":[{"@type":"ListItem","position":1,"name":"Home","item":"https:\/\/www.natsu.eu\/de\/"},{"@type":"ListItem","position":2,"name":"Werte","item":"https:\/\/www.natsu.eu\/de\/werte\/"},{"@type":"ListItem","position":3,"name":"Frische als A und O"}]},{"@type":"WebSite","@id":"https:\/\/www.natsu.eu\/de\/#website","url":"https:\/\/www.natsu.eu\/de\/","name":"natsu Foods","description":"","potentialAction":[{"@type":"SearchAction","target":{"@type":"EntryPoint","urlTemplate":"https:\/\/www.natsu.eu\/de\/?s={search_term_string}"},"query-input":{"@type":"PropertyValueSpecification","valueRequired":true,"valueName":"search_term_string"}}],"inLanguage":"de"}]}},"_links":{"self":[{"href":"https:\/\/www.natsu.eu\/de\/wp-json\/wp\/v2\/pages\/307484","targetHints":{"allow":["GET"]}}],"collection":[{"href":"https:\/\/www.natsu.eu\/de\/wp-json\/wp\/v2\/pages"}],"about":[{"href":"https:\/\/www.natsu.eu\/de\/wp-json\/wp\/v2\/types\/page"}],"author":[{"embeddable":true,"href":"https:\/\/www.natsu.eu\/de\/wp-json\/wp\/v2\/users\/1"}],"replies":[{"embeddable":true,"href":"https:\/\/www.natsu.eu\/de\/wp-json\/wp\/v2\/comments?post=307484"}],"version-history":[{"count":3,"href":"https:\/\/www.natsu.eu\/de\/wp-json\/wp\/v2\/pages\/307484\/revisions"}],"predecessor-version":[{"id":6044478,"href":"https:\/\/www.natsu.eu\/de\/wp-json\/wp\/v2\/pages\/307484\/revisions\/6044478"}],"up":[{"embeddable":true,"href":"https:\/\/www.natsu.eu\/de\/wp-json\/wp\/v2\/pages\/307481"}],"wp:featuredmedia":[{"embeddable":true,"href":"https:\/\/www.natsu.eu\/de\/wp-json\/wp\/v2\/media\/308396"}],"wp:attachment":[{"href":"https:\/\/www.natsu.eu\/de\/wp-json\/wp\/v2\/media?parent=307484"}],"curies":[{"name":"wp","href":"https:\/\/api.w.org\/{rel}","templated":true}]}}