{"id":307483,"date":"2017-09-29T11:21:08","date_gmt":"2017-09-29T10:21:08","guid":{"rendered":"http:\/\/natsu-test.lvps83-169-38-250.dedicated.hosteurope.de\/?page_id=307483\/"},"modified":"2018-02-09T11:34:47","modified_gmt":"2018-02-09T10:34:47","slug":"unser-anspruch-ehrlichkeit","status":"publish","type":"page","link":"https:\/\/www.natsu.eu\/de\/werte\/unser-anspruch-ehrlichkeit\/","title":{"rendered":"Ehrlichkeit"},"content":{"rendered":"<p>Bevor wir eine Lobhudelei auf uns und unsere Zutaten ablassen, m\u00f6chten wir eines vorwegnehmen: Ja, auch wir lesen unsere Tageszeitung zum Kaffee und checken die einschl\u00e4gigen Onlinemagazine, bevor wir in den Tag starten. Und ja, auch wir kennen die Mediendebatten \u00fcber Inhaltsstoffe und falsche Versprechungen der Lebensmittelindustrie. Wir wissen, dass es viele Grauzonen in der Lebensmittelverordnung gibt, mit denen leider viel zu oft Schindluder mit den Konsumenten, sprich mit euch und uns, betrieben wird.<\/p>\n<p>Joghurts, die noch nie eine Erdbeere gesehen haben, werden zu Erdbeerjoghurts, Zuckerbomben zu Verdauungsf\u00f6rderern. Klar, Milch hat Kalzium und ist gut f\u00fcr die Entwicklung. Das wei\u00df doch jedes Kind. Der Zucker und weitere nicht ganz so gesunde Stoffe im Produkt werden dabei oftmals dezent verschwiegen und erst auf den zweiten Blick ersichtlich. Bei rechtslinksdrehenden Kulturen stellen wir uns die Frage, wer oder was hier eigentlich gerade durchdreht.<\/p>\n<p>Lange Rede, kurzer Sinn: Unser Anspruch ist Ehrlichkeit. Wir m\u00f6chten behaupten, dass wir schon viel k\u00f6nnen, aber eben noch nicht alles. Da wollen wir euch nix vormachen. Wir wissen, dass wir nicht perfekt sind. Aber wir arbeiten konsequent daran, uns zu verbessern. Denn neben unserem Anspruch auf Ehrlichkeit steht f\u00fcr uns an erster Stelle, uns nur mit dem Bestm\u00f6glichen zufriedenzugeben. Und das gilt f\u00fcr alle Bereiche, die wir hier versucht haben, f\u00fcr euch zusammenzufassen. Falls noch etwas unklar ist, ihr Fragen habt, das eine oder andere Thema pers\u00f6nlich mit uns besprechen m\u00f6chtet oder Anregungen und Verbesserungsvorschl\u00e4ge habt: Keine Scheu, schreibt eine E-Mail oder klingelt durch. (Chemiker von gro\u00dfen pharmazeutischen Unternehmen ausgeschlossen.)<\/p>\n","protected":false},"excerpt":{"rendered":"<p>Bevor wir eine Lobhudelei auf uns und unsere Zutaten ablassen, m\u00f6chten wir eines vorwegnehmen: Ja, auch wir lesen unsere Tageszeitung zum Kaffee und checken die einschl\u00e4gigen Onlinemagazine, bevor wir in den Tag starten. Und ja, auch wir kennen die Mediendebatten \u00fcber Inhaltsstoffe und falsche Versprechungen der Lebensmittelindustrie. Wir wissen, dass es viele Grauzonen in der &hellip; <\/p>\n<p class=\"link-more\"><a href=\"https:\/\/www.natsu.eu\/de\/werte\/unser-anspruch-ehrlichkeit\/\" class=\"more-link\">Continue reading<span class=\"screen-reader-text\"> &#8222;Ehrlichkeit&#8220;<\/span><\/a><\/p>\n","protected":false},"author":1,"featured_media":308413,"parent":307481,"menu_order":0,"comment_status":"closed","ping_status":"closed","template":"page-values-sub-page.php","meta":{"_acf_changed":false,"footnotes":""},"class_list":["post-307483","page","type-page","status-publish","has-post-thumbnail","hentry"],"acf":[],"yoast_head":"<!-- This site is optimized with the Yoast SEO plugin v27.3 - https:\/\/yoast.com\/product\/yoast-seo-wordpress\/ -->\n<title>Ehrlichkeit - natsu Foods<\/title>\n<meta name=\"robots\" content=\"index, follow, max-snippet:-1, max-image-preview:large, max-video-preview:-1\" \/>\n<link rel=\"canonical\" href=\"https:\/\/www.natsu.eu\/de\/werte\/unser-anspruch-ehrlichkeit\/\" \/>\n<meta property=\"og:locale\" content=\"de_DE\" \/>\n<meta property=\"og:type\" content=\"article\" \/>\n<meta property=\"og:title\" content=\"Ehrlichkeit - natsu Foods\" \/>\n<meta property=\"og:description\" content=\"Bevor wir eine Lobhudelei auf uns und unsere Zutaten ablassen, m\u00f6chten wir eines vorwegnehmen: Ja, auch wir lesen unsere Tageszeitung zum Kaffee und checken die einschl\u00e4gigen Onlinemagazine, bevor wir in den Tag starten. Und ja, auch wir kennen die Mediendebatten \u00fcber Inhaltsstoffe und falsche Versprechungen der Lebensmittelindustrie. Wir wissen, dass es viele Grauzonen in der &hellip; Continue reading &quot;Ehrlichkeit&quot;\" \/>\n<meta property=\"og:url\" content=\"https:\/\/www.natsu.eu\/de\/werte\/unser-anspruch-ehrlichkeit\/\" \/>\n<meta property=\"og:site_name\" content=\"natsu Foods\" \/>\n<meta property=\"article:modified_time\" content=\"2018-02-09T10:34:47+00:00\" \/>\n<meta property=\"og:image\" content=\"https:\/\/www.natsu.eu\/wp-content\/uploads\/2017\/09\/Na11D01_contents_header_02.jpg\" \/>\n\t<meta property=\"og:image:width\" content=\"966\" \/>\n\t<meta property=\"og:image:height\" content=\"300\" \/>\n\t<meta property=\"og:image:type\" content=\"image\/jpeg\" \/>\n<meta name=\"twitter:card\" content=\"summary_large_image\" \/>\n<meta name=\"twitter:label1\" content=\"Gesch\u00e4tzte Lesezeit\" \/>\n\t<meta name=\"twitter:data1\" content=\"1\u00a0Minute\" \/>\n<script type=\"application\/ld+json\" class=\"yoast-schema-graph\">{\"@context\":\"https:\\\/\\\/schema.org\",\"@graph\":[{\"@type\":\"WebPage\",\"@id\":\"https:\\\/\\\/www.natsu.eu\\\/de\\\/werte\\\/unser-anspruch-ehrlichkeit\\\/\",\"url\":\"https:\\\/\\\/www.natsu.eu\\\/de\\\/werte\\\/unser-anspruch-ehrlichkeit\\\/\",\"name\":\"Ehrlichkeit - natsu Foods\",\"isPartOf\":{\"@id\":\"https:\\\/\\\/www.natsu.eu\\\/de\\\/#website\"},\"primaryImageOfPage\":{\"@id\":\"https:\\\/\\\/www.natsu.eu\\\/de\\\/werte\\\/unser-anspruch-ehrlichkeit\\\/#primaryimage\"},\"image\":{\"@id\":\"https:\\\/\\\/www.natsu.eu\\\/de\\\/werte\\\/unser-anspruch-ehrlichkeit\\\/#primaryimage\"},\"thumbnailUrl\":\"https:\\\/\\\/www.natsu.eu\\\/wp-content\\\/uploads\\\/2017\\\/09\\\/Na11D01_contents_header_02.jpg\",\"datePublished\":\"2017-09-29T10:21:08+00:00\",\"dateModified\":\"2018-02-09T10:34:47+00:00\",\"breadcrumb\":{\"@id\":\"https:\\\/\\\/www.natsu.eu\\\/de\\\/werte\\\/unser-anspruch-ehrlichkeit\\\/#breadcrumb\"},\"inLanguage\":\"de\",\"potentialAction\":[{\"@type\":\"ReadAction\",\"target\":[\"https:\\\/\\\/www.natsu.eu\\\/de\\\/werte\\\/unser-anspruch-ehrlichkeit\\\/\"]}]},{\"@type\":\"ImageObject\",\"inLanguage\":\"de\",\"@id\":\"https:\\\/\\\/www.natsu.eu\\\/de\\\/werte\\\/unser-anspruch-ehrlichkeit\\\/#primaryimage\",\"url\":\"https:\\\/\\\/www.natsu.eu\\\/wp-content\\\/uploads\\\/2017\\\/09\\\/Na11D01_contents_header_02.jpg\",\"contentUrl\":\"https:\\\/\\\/www.natsu.eu\\\/wp-content\\\/uploads\\\/2017\\\/09\\\/Na11D01_contents_header_02.jpg\",\"width\":966,\"height\":300},{\"@type\":\"BreadcrumbList\",\"@id\":\"https:\\\/\\\/www.natsu.eu\\\/de\\\/werte\\\/unser-anspruch-ehrlichkeit\\\/#breadcrumb\",\"itemListElement\":[{\"@type\":\"ListItem\",\"position\":1,\"name\":\"Home\",\"item\":\"https:\\\/\\\/www.natsu.eu\\\/de\\\/\"},{\"@type\":\"ListItem\",\"position\":2,\"name\":\"Werte\",\"item\":\"https:\\\/\\\/www.natsu.eu\\\/de\\\/werte\\\/\"},{\"@type\":\"ListItem\",\"position\":3,\"name\":\"Ehrlichkeit\"}]},{\"@type\":\"WebSite\",\"@id\":\"https:\\\/\\\/www.natsu.eu\\\/de\\\/#website\",\"url\":\"https:\\\/\\\/www.natsu.eu\\\/de\\\/\",\"name\":\"natsu Foods\",\"description\":\"\",\"potentialAction\":[{\"@type\":\"SearchAction\",\"target\":{\"@type\":\"EntryPoint\",\"urlTemplate\":\"https:\\\/\\\/www.natsu.eu\\\/de\\\/?s={search_term_string}\"},\"query-input\":{\"@type\":\"PropertyValueSpecification\",\"valueRequired\":true,\"valueName\":\"search_term_string\"}}],\"inLanguage\":\"de\"}]}<\/script>\n<!-- \/ Yoast SEO plugin. -->","yoast_head_json":{"title":"Ehrlichkeit - natsu Foods","robots":{"index":"index","follow":"follow","max-snippet":"max-snippet:-1","max-image-preview":"max-image-preview:large","max-video-preview":"max-video-preview:-1"},"canonical":"https:\/\/www.natsu.eu\/de\/werte\/unser-anspruch-ehrlichkeit\/","og_locale":"de_DE","og_type":"article","og_title":"Ehrlichkeit - natsu Foods","og_description":"Bevor wir eine Lobhudelei auf uns und unsere Zutaten ablassen, m\u00f6chten wir eines vorwegnehmen: Ja, auch wir lesen unsere Tageszeitung zum Kaffee und checken die einschl\u00e4gigen Onlinemagazine, bevor wir in den Tag starten. Und ja, auch wir kennen die Mediendebatten \u00fcber Inhaltsstoffe und falsche Versprechungen der Lebensmittelindustrie. Wir wissen, dass es viele Grauzonen in der &hellip; Continue reading \"Ehrlichkeit\"","og_url":"https:\/\/www.natsu.eu\/de\/werte\/unser-anspruch-ehrlichkeit\/","og_site_name":"natsu Foods","article_modified_time":"2018-02-09T10:34:47+00:00","og_image":[{"width":966,"height":300,"url":"https:\/\/www.natsu.eu\/wp-content\/uploads\/2017\/09\/Na11D01_contents_header_02.jpg","type":"image\/jpeg"}],"twitter_card":"summary_large_image","twitter_misc":{"Gesch\u00e4tzte Lesezeit":"1\u00a0Minute"},"schema":{"@context":"https:\/\/schema.org","@graph":[{"@type":"WebPage","@id":"https:\/\/www.natsu.eu\/de\/werte\/unser-anspruch-ehrlichkeit\/","url":"https:\/\/www.natsu.eu\/de\/werte\/unser-anspruch-ehrlichkeit\/","name":"Ehrlichkeit - natsu Foods","isPartOf":{"@id":"https:\/\/www.natsu.eu\/de\/#website"},"primaryImageOfPage":{"@id":"https:\/\/www.natsu.eu\/de\/werte\/unser-anspruch-ehrlichkeit\/#primaryimage"},"image":{"@id":"https:\/\/www.natsu.eu\/de\/werte\/unser-anspruch-ehrlichkeit\/#primaryimage"},"thumbnailUrl":"https:\/\/www.natsu.eu\/wp-content\/uploads\/2017\/09\/Na11D01_contents_header_02.jpg","datePublished":"2017-09-29T10:21:08+00:00","dateModified":"2018-02-09T10:34:47+00:00","breadcrumb":{"@id":"https:\/\/www.natsu.eu\/de\/werte\/unser-anspruch-ehrlichkeit\/#breadcrumb"},"inLanguage":"de","potentialAction":[{"@type":"ReadAction","target":["https:\/\/www.natsu.eu\/de\/werte\/unser-anspruch-ehrlichkeit\/"]}]},{"@type":"ImageObject","inLanguage":"de","@id":"https:\/\/www.natsu.eu\/de\/werte\/unser-anspruch-ehrlichkeit\/#primaryimage","url":"https:\/\/www.natsu.eu\/wp-content\/uploads\/2017\/09\/Na11D01_contents_header_02.jpg","contentUrl":"https:\/\/www.natsu.eu\/wp-content\/uploads\/2017\/09\/Na11D01_contents_header_02.jpg","width":966,"height":300},{"@type":"BreadcrumbList","@id":"https:\/\/www.natsu.eu\/de\/werte\/unser-anspruch-ehrlichkeit\/#breadcrumb","itemListElement":[{"@type":"ListItem","position":1,"name":"Home","item":"https:\/\/www.natsu.eu\/de\/"},{"@type":"ListItem","position":2,"name":"Werte","item":"https:\/\/www.natsu.eu\/de\/werte\/"},{"@type":"ListItem","position":3,"name":"Ehrlichkeit"}]},{"@type":"WebSite","@id":"https:\/\/www.natsu.eu\/de\/#website","url":"https:\/\/www.natsu.eu\/de\/","name":"natsu Foods","description":"","potentialAction":[{"@type":"SearchAction","target":{"@type":"EntryPoint","urlTemplate":"https:\/\/www.natsu.eu\/de\/?s={search_term_string}"},"query-input":{"@type":"PropertyValueSpecification","valueRequired":true,"valueName":"search_term_string"}}],"inLanguage":"de"}]}},"_links":{"self":[{"href":"https:\/\/www.natsu.eu\/de\/wp-json\/wp\/v2\/pages\/307483","targetHints":{"allow":["GET"]}}],"collection":[{"href":"https:\/\/www.natsu.eu\/de\/wp-json\/wp\/v2\/pages"}],"about":[{"href":"https:\/\/www.natsu.eu\/de\/wp-json\/wp\/v2\/types\/page"}],"author":[{"embeddable":true,"href":"https:\/\/www.natsu.eu\/de\/wp-json\/wp\/v2\/users\/1"}],"replies":[{"embeddable":true,"href":"https:\/\/www.natsu.eu\/de\/wp-json\/wp\/v2\/comments?post=307483"}],"version-history":[{"count":3,"href":"https:\/\/www.natsu.eu\/de\/wp-json\/wp\/v2\/pages\/307483\/revisions"}],"predecessor-version":[{"id":588850,"href":"https:\/\/www.natsu.eu\/de\/wp-json\/wp\/v2\/pages\/307483\/revisions\/588850"}],"up":[{"embeddable":true,"href":"https:\/\/www.natsu.eu\/de\/wp-json\/wp\/v2\/pages\/307481"}],"wp:featuredmedia":[{"embeddable":true,"href":"https:\/\/www.natsu.eu\/de\/wp-json\/wp\/v2\/media\/308413"}],"wp:attachment":[{"href":"https:\/\/www.natsu.eu\/de\/wp-json\/wp\/v2\/media?parent=307483"}],"curies":[{"name":"wp","href":"https:\/\/api.w.org\/{rel}","templated":true}]}}