{"id":307482,"date":"2017-09-29T11:21:02","date_gmt":"2017-09-29T10:21:02","guid":{"rendered":"http:\/\/natsu-test.lvps83-169-38-250.dedicated.hosteurope.de\/?page_id=307482\/"},"modified":"2018-02-02T14:08:52","modified_gmt":"2018-02-02T13:08:52","slug":"unsere-zutaten-und-inhaltsstoffe","status":"publish","type":"page","link":"https:\/\/www.natsu.eu\/de\/werte\/unsere-zutaten-und-inhaltsstoffe\/","title":{"rendered":"Zutaten und Inhaltsstoffe"},"content":{"rendered":"<h4>Man erntet, was man s\u00e4t: Unsere Inhaltsstoffe.<\/h4>\n<p>In unserer Freizeit kochen wir gerne. Es macht uns einfach Spa\u00df, Neues auszuprobieren und mit frischen Zutaten herumzuexperimentieren. Schlie\u00dflich geht doch nichts \u00fcber ein sch\u00f6nes Abendessen mit guten Freunden in geselliger Runde. Klar, wir gehen auch mal ins Restaurant. Hier erwarten wir, dass wir keine Fertigware vorgesetzt bekommen, sondern frisches, gesundes Essen. Gleiches gilt f\u00fcr unsere Produkte: Wir m\u00f6chten nur das anbieten, was wir als Standard von anderen erwarten. Deshalb m\u00fcssen unsere Lieferanten uns best\u00e4tigen, dass sie auf genmanipulierte Inhaltsstoffe verzichten. Hinzu kommt, dass unsere Produkte und Rohstoffe regelm\u00e4\u00dfig von zertifizierten, unabh\u00e4ngigen Laboratorien \u00fcberpr\u00fcft werden.<\/p>\n<h4>Der b\u00f6se Buchstabe \u201eE\u201c.<\/h4>\n<p>Wir w\u00fcrden euch gerne sagen, dass wir keine Lebensmittelzusatzstoffe verwenden. Das l\u00e4sst sich leider nicht immer vermeiden. Bestimmte Inhaltsstoffe m\u00fcssen sogar auf chemischer Basis hergestellt werden, weil es einfach keine ad\u00e4quaten Ersatzprodukte gibt. (Oder sie sind exorbitant teuer.) Allerdings k\u00f6nnen wir euch auch sagen, dass der b\u00f6se Buchstabe \u201eE\u201c oft b\u00f6ser klingt, als er ist. Von den meisten Konsumenten werden E-Nummern mit ungesunden Chemikalien gleichgesetzt. Dies ist schlichtweg falsch. Das deutsche Lebensmittelrecht definiert Zusatzstoffe als Stoffe, die aus technologischen Gr\u00fcnden zugesetzt werden. Das hei\u00dft zum Beispiel, dass Ascorbins\u00e4ure (also Vitamin C), die zum Zweck der Farberhaltung einem Lebensmittel zugef\u00fcgt wird, als E-Nummer deklariert werden muss. Vitamin C ist (wie alles in Ma\u00dfen) nat\u00fcrlich nicht sch\u00e4dlich, wie wir wissen. Hier ist also die Verunsicherung des Konsumenten gro\u00df.<\/p>\n<h4>Sushi-Bar versus Natsu.<\/h4>\n<p>Der Umgang mit Lebensmittelzusatzstoffen. Wir verwenden ausschlie\u00dflich Lebensmittelzusatzstoffe, die als nicht sch\u00e4dlich f\u00fcr den Menschen gelten und, wenn m\u00f6glich, auf nat\u00fcrlichen Grundstoffen basieren. Hier k\u00f6nnen wir sicherlich noch besser werden. Es muss aber klar sein, dass ein Lebensmittel wie Sushi nie frei von Zusatzstoffen sein wird. Das h\u00e4ngt zum Gro\u00dfteil mit dem Thema Haltbarkeit (Optik, Sensorik, Mikrobiologie) zusammen. Es sollte aber auch klar sein, dass was Lebensmittelzusatzstoffe anbelangt, an einen Mengenhersteller viel h\u00f6here Anforderungen gestellt werden als an eine Sushi-Bar. Deswegen kommt es zu der paradoxen Situation, dass im Sushi aus der Sushi-Bar nicht immer, aber oft mehr ungesunde Inhaltsstoffe gefunden werden k\u00f6nnen als im Sushi, das im Supermarkt verkauft wird.<\/p>\n<h4>Dasselbe in Gr\u00fcn?<\/h4>\n<p>Ihr macht es uns nicht leicht. Dem Einen von euch ist das Wasabi zu mild, dem Zweiten ist es schon zu scharf wenn es nur in der N\u00e4he vom Sushi liegt und der Dritte m\u00f6chte es noch viel gr\u00fcner, aber weiterhin ohne k\u00fcnstliche Farbstoffe. Mit unserer neuen Wasabi-Paste hoffen wir es euch allen Recht zu machen. Das Wasabi ist jetzt dank 15% echter Wasabi-Wurzel deutlich sch\u00e4rfer. Aber keine Angst, wir haben es gut in kleinen Beuteln verpackt und so kommt es nur ans Sushi wenn Du es willst.<\/p>\n<p>Als besonderes Highlight haben wir uns lange dar\u00fcber Gedanken gemacht, wie wir unser Wasabi noch gr\u00fcner machen k\u00f6nnen, das Auge isst schlie\u00dflich mit! Nach vielen Tests mit unterschiedlichen nat\u00fcrlichen Farbgebern, haben wir es mit den getrockneten und gemahlenen Bl\u00e4ttern der Wasabi Pflanze versucht, da wir ja weiterhin auf k\u00fcnstliche Farbstoffe verzichten wollen. Und siehe da, heraus kam ein angenehmes Gr\u00fcn, das uns im Team irgendwie an den Fr\u00fchling erinnert.<\/p>\n<p>Ganz besonders gut gef\u00e4llt die neue Wasabi-Paste \u00fcbrigens den Kollegen aus der Produktion. Wenn sie den ganzen Tag Wasabi in die Sushi Boxen gespritzt haben, haben ihnen von der Sch\u00e4rfe immer die Augen gebrannt. Das ist mit den neuen T\u00fctchen nun vorbei.<\/p>\n<p>Probiere die neue Wasabi-Paste selbst und sag uns wie sie Dir gef\u00e4llt.<\/p>\n","protected":false},"excerpt":{"rendered":"<p>Man erntet, was man s\u00e4t: Unsere Inhaltsstoffe. In unserer Freizeit kochen wir gerne. Es macht uns einfach Spa\u00df, Neues auszuprobieren und mit frischen Zutaten herumzuexperimentieren. Schlie\u00dflich geht doch nichts \u00fcber ein sch\u00f6nes Abendessen mit guten Freunden in geselliger Runde. Klar, wir gehen auch mal ins Restaurant. Hier erwarten wir, dass wir keine Fertigware vorgesetzt bekommen, &hellip; <\/p>\n<p class=\"link-more\"><a href=\"https:\/\/www.natsu.eu\/de\/werte\/unsere-zutaten-und-inhaltsstoffe\/\" class=\"more-link\">Continue reading<span class=\"screen-reader-text\"> &#8222;Zutaten und Inhaltsstoffe&#8220;<\/span><\/a><\/p>\n","protected":false},"author":1,"featured_media":308419,"parent":307481,"menu_order":4,"comment_status":"closed","ping_status":"closed","template":"page-values-sub-page.php","meta":{"_acf_changed":false,"footnotes":""},"class_list":["post-307482","page","type-page","status-publish","has-post-thumbnail","hentry"],"acf":[],"yoast_head":"<!-- This site is optimized with the Yoast SEO plugin v27.3 - https:\/\/yoast.com\/product\/yoast-seo-wordpress\/ -->\n<title>Zutaten und Inhaltsstoffe - natsu Foods<\/title>\n<meta name=\"robots\" content=\"index, follow, max-snippet:-1, max-image-preview:large, max-video-preview:-1\" \/>\n<link rel=\"canonical\" href=\"https:\/\/www.natsu.eu\/de\/werte\/unsere-zutaten-und-inhaltsstoffe\/\" \/>\n<meta property=\"og:locale\" content=\"de_DE\" \/>\n<meta property=\"og:type\" content=\"article\" \/>\n<meta property=\"og:title\" content=\"Zutaten und Inhaltsstoffe - natsu Foods\" \/>\n<meta property=\"og:description\" content=\"Man erntet, was man s\u00e4t: Unsere Inhaltsstoffe. In unserer Freizeit kochen wir gerne. Es macht uns einfach Spa\u00df, Neues auszuprobieren und mit frischen Zutaten herumzuexperimentieren. Schlie\u00dflich geht doch nichts \u00fcber ein sch\u00f6nes Abendessen mit guten Freunden in geselliger Runde. Klar, wir gehen auch mal ins Restaurant. Hier erwarten wir, dass wir keine Fertigware vorgesetzt bekommen, &hellip; Continue reading &quot;Zutaten und Inhaltsstoffe&quot;\" \/>\n<meta property=\"og:url\" content=\"https:\/\/www.natsu.eu\/de\/werte\/unsere-zutaten-und-inhaltsstoffe\/\" \/>\n<meta property=\"og:site_name\" content=\"natsu Foods\" \/>\n<meta property=\"article:modified_time\" content=\"2018-02-02T13:08:52+00:00\" \/>\n<meta property=\"og:image\" content=\"https:\/\/www.natsu.eu\/wp-content\/uploads\/2017\/10\/Na11D01_contents_header_inhalt_01.jpg\" \/>\n\t<meta property=\"og:image:width\" content=\"966\" \/>\n\t<meta property=\"og:image:height\" content=\"300\" \/>\n\t<meta property=\"og:image:type\" content=\"image\/jpeg\" \/>\n<meta name=\"twitter:card\" content=\"summary_large_image\" \/>\n<meta name=\"twitter:label1\" content=\"Gesch\u00e4tzte Lesezeit\" \/>\n\t<meta name=\"twitter:data1\" content=\"3\u00a0Minuten\" \/>\n<script type=\"application\/ld+json\" class=\"yoast-schema-graph\">{\"@context\":\"https:\\\/\\\/schema.org\",\"@graph\":[{\"@type\":\"WebPage\",\"@id\":\"https:\\\/\\\/www.natsu.eu\\\/de\\\/werte\\\/unsere-zutaten-und-inhaltsstoffe\\\/\",\"url\":\"https:\\\/\\\/www.natsu.eu\\\/de\\\/werte\\\/unsere-zutaten-und-inhaltsstoffe\\\/\",\"name\":\"Zutaten und Inhaltsstoffe - natsu Foods\",\"isPartOf\":{\"@id\":\"https:\\\/\\\/www.natsu.eu\\\/de\\\/#website\"},\"primaryImageOfPage\":{\"@id\":\"https:\\\/\\\/www.natsu.eu\\\/de\\\/werte\\\/unsere-zutaten-und-inhaltsstoffe\\\/#primaryimage\"},\"image\":{\"@id\":\"https:\\\/\\\/www.natsu.eu\\\/de\\\/werte\\\/unsere-zutaten-und-inhaltsstoffe\\\/#primaryimage\"},\"thumbnailUrl\":\"https:\\\/\\\/www.natsu.eu\\\/wp-content\\\/uploads\\\/2017\\\/10\\\/Na11D01_contents_header_inhalt_01.jpg\",\"datePublished\":\"2017-09-29T10:21:02+00:00\",\"dateModified\":\"2018-02-02T13:08:52+00:00\",\"breadcrumb\":{\"@id\":\"https:\\\/\\\/www.natsu.eu\\\/de\\\/werte\\\/unsere-zutaten-und-inhaltsstoffe\\\/#breadcrumb\"},\"inLanguage\":\"de\",\"potentialAction\":[{\"@type\":\"ReadAction\",\"target\":[\"https:\\\/\\\/www.natsu.eu\\\/de\\\/werte\\\/unsere-zutaten-und-inhaltsstoffe\\\/\"]}]},{\"@type\":\"ImageObject\",\"inLanguage\":\"de\",\"@id\":\"https:\\\/\\\/www.natsu.eu\\\/de\\\/werte\\\/unsere-zutaten-und-inhaltsstoffe\\\/#primaryimage\",\"url\":\"https:\\\/\\\/www.natsu.eu\\\/wp-content\\\/uploads\\\/2017\\\/10\\\/Na11D01_contents_header_inhalt_01.jpg\",\"contentUrl\":\"https:\\\/\\\/www.natsu.eu\\\/wp-content\\\/uploads\\\/2017\\\/10\\\/Na11D01_contents_header_inhalt_01.jpg\",\"width\":966,\"height\":300},{\"@type\":\"BreadcrumbList\",\"@id\":\"https:\\\/\\\/www.natsu.eu\\\/de\\\/werte\\\/unsere-zutaten-und-inhaltsstoffe\\\/#breadcrumb\",\"itemListElement\":[{\"@type\":\"ListItem\",\"position\":1,\"name\":\"Home\",\"item\":\"https:\\\/\\\/www.natsu.eu\\\/de\\\/\"},{\"@type\":\"ListItem\",\"position\":2,\"name\":\"Werte\",\"item\":\"https:\\\/\\\/www.natsu.eu\\\/de\\\/werte\\\/\"},{\"@type\":\"ListItem\",\"position\":3,\"name\":\"Zutaten und Inhaltsstoffe\"}]},{\"@type\":\"WebSite\",\"@id\":\"https:\\\/\\\/www.natsu.eu\\\/de\\\/#website\",\"url\":\"https:\\\/\\\/www.natsu.eu\\\/de\\\/\",\"name\":\"natsu Foods\",\"description\":\"\",\"potentialAction\":[{\"@type\":\"SearchAction\",\"target\":{\"@type\":\"EntryPoint\",\"urlTemplate\":\"https:\\\/\\\/www.natsu.eu\\\/de\\\/?s={search_term_string}\"},\"query-input\":{\"@type\":\"PropertyValueSpecification\",\"valueRequired\":true,\"valueName\":\"search_term_string\"}}],\"inLanguage\":\"de\"}]}<\/script>\n<!-- \/ Yoast SEO plugin. -->","yoast_head_json":{"title":"Zutaten und Inhaltsstoffe - natsu Foods","robots":{"index":"index","follow":"follow","max-snippet":"max-snippet:-1","max-image-preview":"max-image-preview:large","max-video-preview":"max-video-preview:-1"},"canonical":"https:\/\/www.natsu.eu\/de\/werte\/unsere-zutaten-und-inhaltsstoffe\/","og_locale":"de_DE","og_type":"article","og_title":"Zutaten und Inhaltsstoffe - natsu Foods","og_description":"Man erntet, was man s\u00e4t: Unsere Inhaltsstoffe. In unserer Freizeit kochen wir gerne. Es macht uns einfach Spa\u00df, Neues auszuprobieren und mit frischen Zutaten herumzuexperimentieren. Schlie\u00dflich geht doch nichts \u00fcber ein sch\u00f6nes Abendessen mit guten Freunden in geselliger Runde. Klar, wir gehen auch mal ins Restaurant. Hier erwarten wir, dass wir keine Fertigware vorgesetzt bekommen, &hellip; Continue reading \"Zutaten und Inhaltsstoffe\"","og_url":"https:\/\/www.natsu.eu\/de\/werte\/unsere-zutaten-und-inhaltsstoffe\/","og_site_name":"natsu Foods","article_modified_time":"2018-02-02T13:08:52+00:00","og_image":[{"width":966,"height":300,"url":"https:\/\/www.natsu.eu\/wp-content\/uploads\/2017\/10\/Na11D01_contents_header_inhalt_01.jpg","type":"image\/jpeg"}],"twitter_card":"summary_large_image","twitter_misc":{"Gesch\u00e4tzte Lesezeit":"3\u00a0Minuten"},"schema":{"@context":"https:\/\/schema.org","@graph":[{"@type":"WebPage","@id":"https:\/\/www.natsu.eu\/de\/werte\/unsere-zutaten-und-inhaltsstoffe\/","url":"https:\/\/www.natsu.eu\/de\/werte\/unsere-zutaten-und-inhaltsstoffe\/","name":"Zutaten und Inhaltsstoffe - natsu Foods","isPartOf":{"@id":"https:\/\/www.natsu.eu\/de\/#website"},"primaryImageOfPage":{"@id":"https:\/\/www.natsu.eu\/de\/werte\/unsere-zutaten-und-inhaltsstoffe\/#primaryimage"},"image":{"@id":"https:\/\/www.natsu.eu\/de\/werte\/unsere-zutaten-und-inhaltsstoffe\/#primaryimage"},"thumbnailUrl":"https:\/\/www.natsu.eu\/wp-content\/uploads\/2017\/10\/Na11D01_contents_header_inhalt_01.jpg","datePublished":"2017-09-29T10:21:02+00:00","dateModified":"2018-02-02T13:08:52+00:00","breadcrumb":{"@id":"https:\/\/www.natsu.eu\/de\/werte\/unsere-zutaten-und-inhaltsstoffe\/#breadcrumb"},"inLanguage":"de","potentialAction":[{"@type":"ReadAction","target":["https:\/\/www.natsu.eu\/de\/werte\/unsere-zutaten-und-inhaltsstoffe\/"]}]},{"@type":"ImageObject","inLanguage":"de","@id":"https:\/\/www.natsu.eu\/de\/werte\/unsere-zutaten-und-inhaltsstoffe\/#primaryimage","url":"https:\/\/www.natsu.eu\/wp-content\/uploads\/2017\/10\/Na11D01_contents_header_inhalt_01.jpg","contentUrl":"https:\/\/www.natsu.eu\/wp-content\/uploads\/2017\/10\/Na11D01_contents_header_inhalt_01.jpg","width":966,"height":300},{"@type":"BreadcrumbList","@id":"https:\/\/www.natsu.eu\/de\/werte\/unsere-zutaten-und-inhaltsstoffe\/#breadcrumb","itemListElement":[{"@type":"ListItem","position":1,"name":"Home","item":"https:\/\/www.natsu.eu\/de\/"},{"@type":"ListItem","position":2,"name":"Werte","item":"https:\/\/www.natsu.eu\/de\/werte\/"},{"@type":"ListItem","position":3,"name":"Zutaten und Inhaltsstoffe"}]},{"@type":"WebSite","@id":"https:\/\/www.natsu.eu\/de\/#website","url":"https:\/\/www.natsu.eu\/de\/","name":"natsu Foods","description":"","potentialAction":[{"@type":"SearchAction","target":{"@type":"EntryPoint","urlTemplate":"https:\/\/www.natsu.eu\/de\/?s={search_term_string}"},"query-input":{"@type":"PropertyValueSpecification","valueRequired":true,"valueName":"search_term_string"}}],"inLanguage":"de"}]}},"_links":{"self":[{"href":"https:\/\/www.natsu.eu\/de\/wp-json\/wp\/v2\/pages\/307482","targetHints":{"allow":["GET"]}}],"collection":[{"href":"https:\/\/www.natsu.eu\/de\/wp-json\/wp\/v2\/pages"}],"about":[{"href":"https:\/\/www.natsu.eu\/de\/wp-json\/wp\/v2\/types\/page"}],"author":[{"embeddable":true,"href":"https:\/\/www.natsu.eu\/de\/wp-json\/wp\/v2\/users\/1"}],"replies":[{"embeddable":true,"href":"https:\/\/www.natsu.eu\/de\/wp-json\/wp\/v2\/comments?post=307482"}],"version-history":[{"count":3,"href":"https:\/\/www.natsu.eu\/de\/wp-json\/wp\/v2\/pages\/307482\/revisions"}],"predecessor-version":[{"id":588808,"href":"https:\/\/www.natsu.eu\/de\/wp-json\/wp\/v2\/pages\/307482\/revisions\/588808"}],"up":[{"embeddable":true,"href":"https:\/\/www.natsu.eu\/de\/wp-json\/wp\/v2\/pages\/307481"}],"wp:featuredmedia":[{"embeddable":true,"href":"https:\/\/www.natsu.eu\/de\/wp-json\/wp\/v2\/media\/308419"}],"wp:attachment":[{"href":"https:\/\/www.natsu.eu\/de\/wp-json\/wp\/v2\/media?parent=307482"}],"curies":[{"name":"wp","href":"https:\/\/api.w.org\/{rel}","templated":true}]}}