{"id":307479,"date":"2017-09-29T11:20:25","date_gmt":"2017-09-29T11:20:25","guid":{"rendered":"http:\/\/natsu-test.lvps83-169-38-250.dedicated.hosteurope.de\/?page_id=307479\/"},"modified":"2018-01-29T11:52:50","modified_gmt":"2018-01-29T11:52:50","slug":"unserer-produktion","status":"publish","type":"page","link":"https:\/\/www.natsu.eu\/de\/werte\/unserer-produktion\/","title":{"rendered":"Die Herkunft unserer Rohwaren"},"content":{"rendered":"<h4>Hola Ricardo. Hei Erling! Unsere Produzenten.<\/h4>\n<p>Wir m\u00f6chten wissen, woher unsere Rohwaren stammen. Und ob sie schon in der Herstellung unseren hohen Qualit\u00e4tsstandards entsprechen. Deshalb kennen wir unsere Produzenten, so weit wie m\u00f6glich, pers\u00f6nlich. Teilweise arbeiten wir mit Produzenten seit mehr als sieben (verflixten) Jahren zusammen. Uns ist es wichtig, gemeinsam mit ihnen an einem Strang zu ziehen und flexible L\u00f6sungen zu entwickeln. Auch wenn wir, Tom mit seiner Sturheit und Tim mit seiner Hitzigkeit, ihnen das Leben nicht immer leicht machen, konnten wir schon einige Freundschaften aufbauen. Da w\u00e4re beispielsweise Ricardo, unser Reislieferant aus Spanien, von dem wir seit vielen Jahren unseren Sushi-Reis beziehen. (Hola Ricardo. Qu\u00e9 tal?) Ricardo ist mit Reis aufgewachsen. Er wei\u00df blind, worauf man bei der Produktion achten muss und was qualitativ hochwertigen Reis ausmacht. Erling ist ebenfalls ein guter Freund geworden. Erling kommt aus Norwegen und wir kaufen unseren Lachs bereits seit sechs Jahren fast ausschlie\u00dflich von ihm. Wir haben ihn schon oft in Norwegen besucht und ein sehr gutes und vertrauensvolles Verh\u00e4ltnis aufgebaut. So kennen wir mittlerweile nicht nur seinen Verarbeitungsbetrieb pers\u00f6nlich, sondern auch einen Teil seiner Zulieferer und Lachsfarmen, die unseren Lachs in Norwegens Fjorden z\u00fcchten.<\/p>\n<h4>Und wer hat\u2019s erfunden? Die Norweger.<\/h4>\n<p>Wir verwenden f\u00fcr unser Natsu-Sushi ausschlie\u00dflich Aquakultur-Lachs aus Norwegen. Norwegen gilt allgemein als der beste und hochwertigste Lachsproduzent weltweit. Chile ist die Nummer zwei auf dem Markt. Da dort aber teilweise zweifelhafte Praktiken angewandt werden, kaufen wir in Chile keinen Lachs. Obwohl dieser g\u00fcnstiger w\u00e4re. Der Lachs wird von Norwegen tiefgek\u00fchlt nach Deutschland geliefert und bei uns vor Ort weiterverarbeitet. Tiefgek\u00fchlt ist aber doch nicht frisch?! Meint ihr. Wie Sushi es so an sich hat, wird der Lachs roh verzehrt. Ist (nat\u00fcrlich) auch bei uns so. Wenn ein Fisch roh verzehrt wird, besagt das deutsche Lebensmittelrecht, dass er mindestens einen Tag tiefgefroren sein muss. Das beugt Gesundheitsgefahren durch Parasiten vor. Will hei\u00dfen: Unsere Lachse werden in Norwegen frisch geschlachtet und frisch tiefgek\u00fchlt nach Deutschland gebracht.<\/p>\n<h4>Von S\u00fcdostasien nach Neuss: Die lange Reise der Ebi-Shrimps.<\/h4>\n<p>Wenn wir k\u00f6nnten, w\u00fcrden wir unsere Rohwaren aus Europa beziehen. Es gibt aber Rohwaren, die gibt es einfach nicht in Europa. Punkt. So auch unsere Ebi-Shrimps. Die von uns verwendeten Shrimps kommen aus S\u00fcdostasien, genauer gesagt, aus Vietnam. Wir wissen, dass es in Vietnam unter den Shrimp-Farmern einige schwarze Schafe gibt, die sich einfach nicht an verantwortungsvolle Regeln im Umgang mit Lebewesen und Lebensmitteln halten wollen. Uns ist dieses Problem bewusst, daher kooperieren wir mit einem deutschen Importeur, der gute, pers\u00f6nliche Kontakte zu seinen Lieferanten hat. Da man nat\u00fcrlich nicht jeden Shrimp-Bauern pers\u00f6nlich kennen kann, lassen wir auf mehreren Ebenen der Lieferkette ausf\u00fchrliche Analysen der Ware auf die einschl\u00e4gigen Parameter wie beispielsweise Antibiotika durchf\u00fchren. Zus\u00e4tzlich ist die Aufzucht und Herstellung unser Shrimps von der Global Aquaculture Alliance (GAA) zertifiziert.<\/p>\n","protected":false},"excerpt":{"rendered":"<p>Hola Ricardo. Hei Erling! Unsere Produzenten. Wir m\u00f6chten wissen, woher unsere Rohwaren stammen. Und ob sie schon in der Herstellung unseren hohen Qualit\u00e4tsstandards entsprechen. Deshalb kennen wir unsere Produzenten, so weit wie m\u00f6glich, pers\u00f6nlich. Teilweise arbeiten wir mit Produzenten seit mehr als sieben (verflixten) Jahren zusammen. Uns ist es wichtig, gemeinsam mit ihnen an einem &hellip; <\/p>\n<p class=\"link-more\"><a href=\"https:\/\/www.natsu.eu\/de\/werte\/unserer-produktion\/\" class=\"more-link\">Continue reading<span class=\"screen-reader-text\"> &#8222;Die Herkunft unserer Rohwaren&#8220;<\/span><\/a><\/p>\n","protected":false},"author":1,"featured_media":308405,"parent":307481,"menu_order":2,"comment_status":"closed","ping_status":"closed","template":"page-values-sub-page.php","meta":{"_acf_changed":false,"footnotes":""},"class_list":["post-307479","page","type-page","status-publish","has-post-thumbnail","hentry"],"acf":[],"yoast_head":"<!-- This site is optimized with the Yoast SEO plugin v27.3 - https:\/\/yoast.com\/product\/yoast-seo-wordpress\/ -->\n<title>Die Herkunft unserer Rohwaren - natsu Foods<\/title>\n<meta name=\"robots\" content=\"index, follow, max-snippet:-1, max-image-preview:large, max-video-preview:-1\" \/>\n<link rel=\"canonical\" href=\"https:\/\/www.natsu.eu\/de\/werte\/unserer-produktion\/\" \/>\n<meta property=\"og:locale\" content=\"de_DE\" \/>\n<meta property=\"og:type\" content=\"article\" \/>\n<meta property=\"og:title\" content=\"Die Herkunft unserer Rohwaren - natsu Foods\" \/>\n<meta property=\"og:description\" content=\"Hola Ricardo. Hei Erling! Unsere Produzenten. Wir m\u00f6chten wissen, woher unsere Rohwaren stammen. Und ob sie schon in der Herstellung unseren hohen Qualit\u00e4tsstandards entsprechen. Deshalb kennen wir unsere Produzenten, so weit wie m\u00f6glich, pers\u00f6nlich. Teilweise arbeiten wir mit Produzenten seit mehr als sieben (verflixten) Jahren zusammen. Uns ist es wichtig, gemeinsam mit ihnen an einem &hellip; Continue reading &quot;Die Herkunft unserer Rohwaren&quot;\" \/>\n<meta property=\"og:url\" content=\"https:\/\/www.natsu.eu\/de\/werte\/unserer-produktion\/\" \/>\n<meta property=\"og:site_name\" content=\"natsu Foods\" \/>\n<meta property=\"article:modified_time\" content=\"2018-01-29T11:52:50+00:00\" \/>\n<meta property=\"og:image\" content=\"https:\/\/www.natsu.eu\/wp-content\/uploads\/2017\/09\/Na11D01_contents_header_rohstoffe_02.jpg\" \/>\n\t<meta property=\"og:image:width\" content=\"966\" \/>\n\t<meta property=\"og:image:height\" content=\"300\" \/>\n\t<meta property=\"og:image:type\" content=\"image\/jpeg\" \/>\n<meta name=\"twitter:card\" content=\"summary_large_image\" \/>\n<meta name=\"twitter:label1\" content=\"Gesch\u00e4tzte Lesezeit\" \/>\n\t<meta name=\"twitter:data1\" content=\"2\u00a0Minuten\" \/>\n<script type=\"application\/ld+json\" class=\"yoast-schema-graph\">{\"@context\":\"https:\\\/\\\/schema.org\",\"@graph\":[{\"@type\":\"WebPage\",\"@id\":\"https:\\\/\\\/www.natsu.eu\\\/de\\\/werte\\\/unserer-produktion\\\/\",\"url\":\"https:\\\/\\\/www.natsu.eu\\\/de\\\/werte\\\/unserer-produktion\\\/\",\"name\":\"Die Herkunft unserer Rohwaren - natsu Foods\",\"isPartOf\":{\"@id\":\"https:\\\/\\\/www.natsu.eu\\\/de\\\/#website\"},\"primaryImageOfPage\":{\"@id\":\"https:\\\/\\\/www.natsu.eu\\\/de\\\/werte\\\/unserer-produktion\\\/#primaryimage\"},\"image\":{\"@id\":\"https:\\\/\\\/www.natsu.eu\\\/de\\\/werte\\\/unserer-produktion\\\/#primaryimage\"},\"thumbnailUrl\":\"https:\\\/\\\/www.natsu.eu\\\/wp-content\\\/uploads\\\/2017\\\/09\\\/Na11D01_contents_header_rohstoffe_02.jpg\",\"datePublished\":\"2017-09-29T11:20:25+00:00\",\"dateModified\":\"2018-01-29T11:52:50+00:00\",\"breadcrumb\":{\"@id\":\"https:\\\/\\\/www.natsu.eu\\\/de\\\/werte\\\/unserer-produktion\\\/#breadcrumb\"},\"inLanguage\":\"de\",\"potentialAction\":[{\"@type\":\"ReadAction\",\"target\":[\"https:\\\/\\\/www.natsu.eu\\\/de\\\/werte\\\/unserer-produktion\\\/\"]}]},{\"@type\":\"ImageObject\",\"inLanguage\":\"de\",\"@id\":\"https:\\\/\\\/www.natsu.eu\\\/de\\\/werte\\\/unserer-produktion\\\/#primaryimage\",\"url\":\"https:\\\/\\\/www.natsu.eu\\\/wp-content\\\/uploads\\\/2017\\\/09\\\/Na11D01_contents_header_rohstoffe_02.jpg\",\"contentUrl\":\"https:\\\/\\\/www.natsu.eu\\\/wp-content\\\/uploads\\\/2017\\\/09\\\/Na11D01_contents_header_rohstoffe_02.jpg\",\"width\":966,\"height\":300},{\"@type\":\"BreadcrumbList\",\"@id\":\"https:\\\/\\\/www.natsu.eu\\\/de\\\/werte\\\/unserer-produktion\\\/#breadcrumb\",\"itemListElement\":[{\"@type\":\"ListItem\",\"position\":1,\"name\":\"Home\",\"item\":\"https:\\\/\\\/www.natsu.eu\\\/de\\\/\"},{\"@type\":\"ListItem\",\"position\":2,\"name\":\"Werte\",\"item\":\"https:\\\/\\\/www.natsu.eu\\\/de\\\/werte\\\/\"},{\"@type\":\"ListItem\",\"position\":3,\"name\":\"Die Herkunft unserer Rohwaren\"}]},{\"@type\":\"WebSite\",\"@id\":\"https:\\\/\\\/www.natsu.eu\\\/de\\\/#website\",\"url\":\"https:\\\/\\\/www.natsu.eu\\\/de\\\/\",\"name\":\"natsu Foods\",\"description\":\"\",\"potentialAction\":[{\"@type\":\"SearchAction\",\"target\":{\"@type\":\"EntryPoint\",\"urlTemplate\":\"https:\\\/\\\/www.natsu.eu\\\/de\\\/?s={search_term_string}\"},\"query-input\":{\"@type\":\"PropertyValueSpecification\",\"valueRequired\":true,\"valueName\":\"search_term_string\"}}],\"inLanguage\":\"de\"}]}<\/script>\n<!-- \/ Yoast SEO plugin. -->","yoast_head_json":{"title":"Die Herkunft unserer Rohwaren - natsu Foods","robots":{"index":"index","follow":"follow","max-snippet":"max-snippet:-1","max-image-preview":"max-image-preview:large","max-video-preview":"max-video-preview:-1"},"canonical":"https:\/\/www.natsu.eu\/de\/werte\/unserer-produktion\/","og_locale":"de_DE","og_type":"article","og_title":"Die Herkunft unserer Rohwaren - natsu Foods","og_description":"Hola Ricardo. Hei Erling! Unsere Produzenten. Wir m\u00f6chten wissen, woher unsere Rohwaren stammen. Und ob sie schon in der Herstellung unseren hohen Qualit\u00e4tsstandards entsprechen. Deshalb kennen wir unsere Produzenten, so weit wie m\u00f6glich, pers\u00f6nlich. Teilweise arbeiten wir mit Produzenten seit mehr als sieben (verflixten) Jahren zusammen. Uns ist es wichtig, gemeinsam mit ihnen an einem &hellip; Continue reading \"Die Herkunft unserer Rohwaren\"","og_url":"https:\/\/www.natsu.eu\/de\/werte\/unserer-produktion\/","og_site_name":"natsu Foods","article_modified_time":"2018-01-29T11:52:50+00:00","og_image":[{"width":966,"height":300,"url":"https:\/\/www.natsu.eu\/wp-content\/uploads\/2017\/09\/Na11D01_contents_header_rohstoffe_02.jpg","type":"image\/jpeg"}],"twitter_card":"summary_large_image","twitter_misc":{"Gesch\u00e4tzte Lesezeit":"2\u00a0Minuten"},"schema":{"@context":"https:\/\/schema.org","@graph":[{"@type":"WebPage","@id":"https:\/\/www.natsu.eu\/de\/werte\/unserer-produktion\/","url":"https:\/\/www.natsu.eu\/de\/werte\/unserer-produktion\/","name":"Die Herkunft unserer Rohwaren - natsu Foods","isPartOf":{"@id":"https:\/\/www.natsu.eu\/de\/#website"},"primaryImageOfPage":{"@id":"https:\/\/www.natsu.eu\/de\/werte\/unserer-produktion\/#primaryimage"},"image":{"@id":"https:\/\/www.natsu.eu\/de\/werte\/unserer-produktion\/#primaryimage"},"thumbnailUrl":"https:\/\/www.natsu.eu\/wp-content\/uploads\/2017\/09\/Na11D01_contents_header_rohstoffe_02.jpg","datePublished":"2017-09-29T11:20:25+00:00","dateModified":"2018-01-29T11:52:50+00:00","breadcrumb":{"@id":"https:\/\/www.natsu.eu\/de\/werte\/unserer-produktion\/#breadcrumb"},"inLanguage":"de","potentialAction":[{"@type":"ReadAction","target":["https:\/\/www.natsu.eu\/de\/werte\/unserer-produktion\/"]}]},{"@type":"ImageObject","inLanguage":"de","@id":"https:\/\/www.natsu.eu\/de\/werte\/unserer-produktion\/#primaryimage","url":"https:\/\/www.natsu.eu\/wp-content\/uploads\/2017\/09\/Na11D01_contents_header_rohstoffe_02.jpg","contentUrl":"https:\/\/www.natsu.eu\/wp-content\/uploads\/2017\/09\/Na11D01_contents_header_rohstoffe_02.jpg","width":966,"height":300},{"@type":"BreadcrumbList","@id":"https:\/\/www.natsu.eu\/de\/werte\/unserer-produktion\/#breadcrumb","itemListElement":[{"@type":"ListItem","position":1,"name":"Home","item":"https:\/\/www.natsu.eu\/de\/"},{"@type":"ListItem","position":2,"name":"Werte","item":"https:\/\/www.natsu.eu\/de\/werte\/"},{"@type":"ListItem","position":3,"name":"Die Herkunft unserer Rohwaren"}]},{"@type":"WebSite","@id":"https:\/\/www.natsu.eu\/de\/#website","url":"https:\/\/www.natsu.eu\/de\/","name":"natsu Foods","description":"","potentialAction":[{"@type":"SearchAction","target":{"@type":"EntryPoint","urlTemplate":"https:\/\/www.natsu.eu\/de\/?s={search_term_string}"},"query-input":{"@type":"PropertyValueSpecification","valueRequired":true,"valueName":"search_term_string"}}],"inLanguage":"de"}]}},"_links":{"self":[{"href":"https:\/\/www.natsu.eu\/de\/wp-json\/wp\/v2\/pages\/307479","targetHints":{"allow":["GET"]}}],"collection":[{"href":"https:\/\/www.natsu.eu\/de\/wp-json\/wp\/v2\/pages"}],"about":[{"href":"https:\/\/www.natsu.eu\/de\/wp-json\/wp\/v2\/types\/page"}],"author":[{"embeddable":true,"href":"https:\/\/www.natsu.eu\/de\/wp-json\/wp\/v2\/users\/1"}],"replies":[{"embeddable":true,"href":"https:\/\/www.natsu.eu\/de\/wp-json\/wp\/v2\/comments?post=307479"}],"version-history":[{"count":3,"href":"https:\/\/www.natsu.eu\/de\/wp-json\/wp\/v2\/pages\/307479\/revisions"}],"predecessor-version":[{"id":308442,"href":"https:\/\/www.natsu.eu\/de\/wp-json\/wp\/v2\/pages\/307479\/revisions\/308442"}],"up":[{"embeddable":true,"href":"https:\/\/www.natsu.eu\/de\/wp-json\/wp\/v2\/pages\/307481"}],"wp:featuredmedia":[{"embeddable":true,"href":"https:\/\/www.natsu.eu\/de\/wp-json\/wp\/v2\/media\/308405"}],"wp:attachment":[{"href":"https:\/\/www.natsu.eu\/de\/wp-json\/wp\/v2\/media?parent=307479"}],"curies":[{"name":"wp","href":"https:\/\/api.w.org\/{rel}","templated":true}]}}